{"id":567,"date":"2017-02-07T14:32:31","date_gmt":"2017-02-07T13:32:31","guid":{"rendered":"https:\/\/www.philix.be\/blog\/?page_id=567"},"modified":"2021-03-25T15:19:13","modified_gmt":"2021-03-25T14:19:13","slug":"mentions-legales","status":"publish","type":"page","link":"https:\/\/www.philix.be\/blog\/mentions-legales\/","title":{"rendered":"Mentions l\u00e9gales"},"content":{"rendered":"<p>[et_pb_section][et_pb_row][et_pb_column type=\u00a0\u00bb4_4&Prime;][et_pb_text]<\/p>\n<h2>Responsables de la publication<\/h2>\n<p>Philippe Lenders<\/p>\n<h2>Donn\u00e9es personnelles<\/h2>\n<p>Les donn\u00e9es personnelles collect\u00e9es par ce blog\u00a0sont uniquement destin\u00e9es \u00e0 un usage interne. En aucun cas ces donn\u00e9es ne seront c\u00e9d\u00e9es ou vendues \u00e0 des tiers.<\/p>\n<p>Vous disposez d\u2019un droit d\u2019acc\u00e8s, de modification, de rectification et de suppression des donn\u00e9es qui vous concernent. Celles-ci sont strictement destin\u00e9es \u00e0 am\u00e9liorer votre navigation sur ce blog.<\/p>\n<h2>Liens<\/h2>\n<p>Les sites reli\u00e9s directement ou indirectement \u00e0 ce blog\u00a0ne sont pas sous son contr\u00f4le \u00e0 l&rsquo;exception du site racine \u00ab\u00a0<a href=\"http:\/\/www.philix.be\">Philix.be<\/a>\u00ab\u00a0. En cons\u00e9quence, je\u00a0n\u2019assume aucune responsabilit\u00e9 quant aux informations publi\u00e9es sur ces sites.\u00a0Les liens avec des sites ext\u00e9rieurs ne sont fournis qu\u2019\u00e0 titre de commodit\u00e9 et n\u2019impliquent aucune caution quant \u00e0 leur contenu.<\/p>\n<p>&nbsp;<\/p>\n<h2>Reproduction<\/h2>\n<p>Les textes propos\u00e9s sont la propri\u00e9t\u00e9 de leurs auteurs.<br \/>\nLes images et illustrations utilis\u00e9es sont, soit ma propri\u00e9t\u00e9, soit libres de droit, soit publi\u00e9es avec l&rsquo;accord de l&rsquo;auteur, soit avec demande d&rsquo;accord rest\u00e9e sans r\u00e9ponse. N&rsquo;h\u00e9sitez pas \u00e0 me contacter en cas de besoin.<\/p>\n<p>Il est interdit de reproduire, repr\u00e9senter, transf\u00e9rer, distribuer, ou d\u2019enregistrer tout ou partie de ces \u00e9l\u00e9ments, sous quelque forme que ce soit, sans l\u2019accord pr\u00e9alable et \u00e9crit de l&rsquo;auteur de ce blog (voir <a href=\"https:\/\/www.philix.be\/blog\/contact\/\">contact<\/a>).<\/p>\n<p>[\/et_pb_text][\/et_pb_column][\/et_pb_row][\/et_pb_section]<\/p>\n","protected":false},"excerpt":{"rendered":"<p><div class=\"et_pb_section et_pb_section_0 et_section_regular\" >\n\t\t\t\t\n\t\t\t\t\n\t\t\t\t\n\t\t\t\t\n\t\t\t\t\n\t\t\t\t\n\t\t\t\t\n\t\t\t\t\n\t\t\t\t\n\t\t\t<\/div><div class=\"et_pb_row et_pb_row_0 et_pb_row_empty\">\n\t\t\t\t\n\t\t\t\t\n\t\t\t\t\n\t\t\t\t\n\t\t\t\t\n\t\t\t<\/div><div class=\"et_pb_module et_pb_text et_pb_text_0  et_pb_text_align_left et_pb_bg_layout_light\">\n\t\t\t\t\n\t\t\t\t\n\t\t\t\t\n\t\t\t\t\n\t\t\t\t\n\t\t\t<\/div> Responsables de la publication Philippe Lenders Donn\u00e9es personnelles Les donn\u00e9es personnelles collect\u00e9es par ce blog\u00a0sont uniquement destin\u00e9es \u00e0 un usage interne. En aucun cas ces donn\u00e9es ne seront c\u00e9d\u00e9es ou vendues \u00e0 des tiers. Vous disposez d\u2019un droit d\u2019acc\u00e8s, de modification, de rectification et de suppression des donn\u00e9es qui vous concernent. Celles-ci sont strictement [&hellip;]<\/p>\n","protected":false},"author":1,"featured_media":568,"parent":0,"menu_order":4,"comment_status":"closed","ping_status":"closed","template":"","meta":{"_et_pb_use_builder":"on","_et_pb_old_content":"<h2>Responsables de la publication<\/h2><p>Philippe Lenders<\/p><h2>Donn\u00e9es personnelles<\/h2><p>Les donn\u00e9es personnelles collect\u00e9es par ce blog\u00a0sont uniquement destin\u00e9es \u00e0 un usage interne. En aucun cas ces donn\u00e9es ne seront c\u00e9d\u00e9es ou vendues \u00e0 des tiers.<\/p><p>Vous disposez d\u2019un droit d\u2019acc\u00e8s, de modification, de rectification et de suppression des donn\u00e9es qui vous concernent. Celles-ci sont strictement destin\u00e9es \u00e0 am\u00e9liorer votre navigation sur ce blog.<\/p><h2>Liens<\/h2><p>Les sites reli\u00e9s directement ou indirectement \u00e0 ce blog\u00a0ne sont pas sous son contr\u00f4le \u00e0 l'exception du site racine \"<a href=\"http:\/\/www.philix.be\">Philix.be<\/a>\". En cons\u00e9quence, je\u00a0n\u2019assume aucune responsabilit\u00e9 quant aux informations publi\u00e9es sur ces sites.\u00a0Les liens avec des sites ext\u00e9rieurs ne sont fournis qu\u2019\u00e0 titre de commodit\u00e9 et n\u2019impliquent aucune caution quant \u00e0 leur contenu.<\/p><p>\u00a0<\/p><h2>Reproduction<\/h2><p>Les textes propos\u00e9s sont la propri\u00e9t\u00e9 de leurs auteurs.<br \/>Les images et illustrations utilis\u00e9es sont, soit ma propri\u00e9t\u00e9, soit libres de droit, soit publi\u00e9es avec l'accord de l'auteur, soit avec demande d'accord rest\u00e9e sans r\u00e9ponse. N'h\u00e9sitez pas \u00e0 me contacter en cas de besoin.<\/p><p>Il est interdit de reproduire, repr\u00e9senter, transf\u00e9rer, distribuer, ou d\u2019enregistrer tout ou partie de ces \u00e9l\u00e9ments, sous quelque forme que ce soit, sans l\u2019accord pr\u00e9alable et \u00e9crit de l'auteur de ce blog (voir <a href=\"https:\/\/www.philix.be\/blog\/contact\/\">contact<\/a>).<\/p>","_et_gb_content_width":"","footnotes":""},"class_list":["post-567","page","type-page","status-publish","has-post-thumbnail","hentry"],"yoast_head":"<!-- This site is optimized with the Yoast SEO plugin v27.3 - https:\/\/yoast.com\/product\/yoast-seo-wordpress\/ -->\n<title>Mentions l\u00e9gales - Blog &amp; Roll<\/title>\n<meta name=\"robots\" content=\"index, follow, max-snippet:-1, max-image-preview:large, max-video-preview:-1\" \/>\n<link rel=\"canonical\" href=\"https:\/\/www.philix.be\/blog\/mentions-legales\/\" \/>\n<meta property=\"og:locale\" content=\"fr_FR\" \/>\n<meta property=\"og:type\" content=\"article\" \/>\n<meta property=\"og:title\" content=\"Mentions l\u00e9gales - Blog &amp; Roll\" \/>\n<meta property=\"og:description\" content=\"Responsables de la publication Philippe Lenders Donn\u00e9es personnelles Les donn\u00e9es personnelles collect\u00e9es par ce blog\u00a0sont uniquement destin\u00e9es \u00e0 un usage interne. En aucun cas ces donn\u00e9es ne seront c\u00e9d\u00e9es ou vendues \u00e0 des tiers. Vous disposez d\u2019un droit d\u2019acc\u00e8s, de modification, de rectification et de suppression des donn\u00e9es qui vous concernent. Celles-ci sont strictement [&hellip;]\" \/>\n<meta property=\"og:url\" content=\"https:\/\/www.philix.be\/blog\/mentions-legales\/\" \/>\n<meta property=\"og:site_name\" content=\"Blog &amp; Roll\" \/>\n<meta property=\"article:modified_time\" content=\"2021-03-25T14:19:13+00:00\" \/>\n<meta name=\"twitter:card\" content=\"summary_large_image\" \/>\n<meta name=\"twitter:label1\" content=\"Dur\u00e9e de lecture estim\u00e9e\" \/>\n\t<meta name=\"twitter:data1\" content=\"1 minute\" \/>\n<script type=\"application\/ld+json\" class=\"yoast-schema-graph\">{\"@context\":\"https:\\\/\\\/schema.org\",\"@graph\":[{\"@type\":\"WebPage\",\"@id\":\"https:\\\/\\\/www.philix.be\\\/blog\\\/mentions-legales\\\/\",\"url\":\"https:\\\/\\\/www.philix.be\\\/blog\\\/mentions-legales\\\/\",\"name\":\"Mentions l\u00e9gales - Blog &amp; Roll\",\"isPartOf\":{\"@id\":\"https:\\\/\\\/www.philix.be\\\/blog\\\/#website\"},\"primaryImageOfPage\":{\"@id\":\"https:\\\/\\\/www.philix.be\\\/blog\\\/mentions-legales\\\/#primaryimage\"},\"image\":{\"@id\":\"https:\\\/\\\/www.philix.be\\\/blog\\\/mentions-legales\\\/#primaryimage\"},\"thumbnailUrl\":\"\",\"datePublished\":\"2017-02-07T13:32:31+00:00\",\"dateModified\":\"2021-03-25T14:19:13+00:00\",\"breadcrumb\":{\"@id\":\"https:\\\/\\\/www.philix.be\\\/blog\\\/mentions-legales\\\/#breadcrumb\"},\"inLanguage\":\"fr-FR\",\"potentialAction\":[{\"@type\":\"ReadAction\",\"target\":[\"https:\\\/\\\/www.philix.be\\\/blog\\\/mentions-legales\\\/\"]}]},{\"@type\":\"ImageObject\",\"inLanguage\":\"fr-FR\",\"@id\":\"https:\\\/\\\/www.philix.be\\\/blog\\\/mentions-legales\\\/#primaryimage\",\"url\":\"\",\"contentUrl\":\"\"},{\"@type\":\"BreadcrumbList\",\"@id\":\"https:\\\/\\\/www.philix.be\\\/blog\\\/mentions-legales\\\/#breadcrumb\",\"itemListElement\":[{\"@type\":\"ListItem\",\"position\":1,\"name\":\"Accueil\",\"item\":\"https:\\\/\\\/www.philix.be\\\/blog\\\/\"},{\"@type\":\"ListItem\",\"position\":2,\"name\":\"Mentions l\u00e9gales\"}]},{\"@type\":\"WebSite\",\"@id\":\"https:\\\/\\\/www.philix.be\\\/blog\\\/#website\",\"url\":\"https:\\\/\\\/www.philix.be\\\/blog\\\/\",\"name\":\"Blog &amp; Roll\",\"description\":\"Les sites de Ph\u00a1l\u00a1x\",\"potentialAction\":[{\"@type\":\"SearchAction\",\"target\":{\"@type\":\"EntryPoint\",\"urlTemplate\":\"https:\\\/\\\/www.philix.be\\\/blog\\\/?s={search_term_string}\"},\"query-input\":{\"@type\":\"PropertyValueSpecification\",\"valueRequired\":true,\"valueName\":\"search_term_string\"}}],\"inLanguage\":\"fr-FR\"}]}<\/script>\n<!-- \/ Yoast SEO plugin. -->","yoast_head_json":{"title":"Mentions l\u00e9gales - Blog &amp; Roll","robots":{"index":"index","follow":"follow","max-snippet":"max-snippet:-1","max-image-preview":"max-image-preview:large","max-video-preview":"max-video-preview:-1"},"canonical":"https:\/\/www.philix.be\/blog\/mentions-legales\/","og_locale":"fr_FR","og_type":"article","og_title":"Mentions l\u00e9gales - Blog &amp; Roll","og_description":"Responsables de la publication Philippe Lenders Donn\u00e9es personnelles Les donn\u00e9es personnelles collect\u00e9es par ce blog\u00a0sont uniquement destin\u00e9es \u00e0 un usage interne. En aucun cas ces donn\u00e9es ne seront c\u00e9d\u00e9es ou vendues \u00e0 des tiers. Vous disposez d\u2019un droit d\u2019acc\u00e8s, de modification, de rectification et de suppression des donn\u00e9es qui vous concernent. Celles-ci sont strictement [&hellip;]","og_url":"https:\/\/www.philix.be\/blog\/mentions-legales\/","og_site_name":"Blog &amp; Roll","article_modified_time":"2021-03-25T14:19:13+00:00","twitter_card":"summary_large_image","twitter_misc":{"Dur\u00e9e de lecture estim\u00e9e":"1 minute"},"schema":{"@context":"https:\/\/schema.org","@graph":[{"@type":"WebPage","@id":"https:\/\/www.philix.be\/blog\/mentions-legales\/","url":"https:\/\/www.philix.be\/blog\/mentions-legales\/","name":"Mentions l\u00e9gales - Blog &amp; Roll","isPartOf":{"@id":"https:\/\/www.philix.be\/blog\/#website"},"primaryImageOfPage":{"@id":"https:\/\/www.philix.be\/blog\/mentions-legales\/#primaryimage"},"image":{"@id":"https:\/\/www.philix.be\/blog\/mentions-legales\/#primaryimage"},"thumbnailUrl":"","datePublished":"2017-02-07T13:32:31+00:00","dateModified":"2021-03-25T14:19:13+00:00","breadcrumb":{"@id":"https:\/\/www.philix.be\/blog\/mentions-legales\/#breadcrumb"},"inLanguage":"fr-FR","potentialAction":[{"@type":"ReadAction","target":["https:\/\/www.philix.be\/blog\/mentions-legales\/"]}]},{"@type":"ImageObject","inLanguage":"fr-FR","@id":"https:\/\/www.philix.be\/blog\/mentions-legales\/#primaryimage","url":"","contentUrl":""},{"@type":"BreadcrumbList","@id":"https:\/\/www.philix.be\/blog\/mentions-legales\/#breadcrumb","itemListElement":[{"@type":"ListItem","position":1,"name":"Accueil","item":"https:\/\/www.philix.be\/blog\/"},{"@type":"ListItem","position":2,"name":"Mentions l\u00e9gales"}]},{"@type":"WebSite","@id":"https:\/\/www.philix.be\/blog\/#website","url":"https:\/\/www.philix.be\/blog\/","name":"Blog &amp; Roll","description":"Les sites de Ph\u00a1l\u00a1x","potentialAction":[{"@type":"SearchAction","target":{"@type":"EntryPoint","urlTemplate":"https:\/\/www.philix.be\/blog\/?s={search_term_string}"},"query-input":{"@type":"PropertyValueSpecification","valueRequired":true,"valueName":"search_term_string"}}],"inLanguage":"fr-FR"}]}},"_links":{"self":[{"href":"https:\/\/www.philix.be\/blog\/wp-json\/wp\/v2\/pages\/567","targetHints":{"allow":["GET"]}}],"collection":[{"href":"https:\/\/www.philix.be\/blog\/wp-json\/wp\/v2\/pages"}],"about":[{"href":"https:\/\/www.philix.be\/blog\/wp-json\/wp\/v2\/types\/page"}],"author":[{"embeddable":true,"href":"https:\/\/www.philix.be\/blog\/wp-json\/wp\/v2\/users\/1"}],"replies":[{"embeddable":true,"href":"https:\/\/www.philix.be\/blog\/wp-json\/wp\/v2\/comments?post=567"}],"version-history":[{"count":1,"href":"https:\/\/www.philix.be\/blog\/wp-json\/wp\/v2\/pages\/567\/revisions"}],"predecessor-version":[{"id":1144,"href":"https:\/\/www.philix.be\/blog\/wp-json\/wp\/v2\/pages\/567\/revisions\/1144"}],"wp:featuredmedia":[{"embeddable":true,"href":"https:\/\/www.philix.be\/blog\/wp-json\/"}],"wp:attachment":[{"href":"https:\/\/www.philix.be\/blog\/wp-json\/wp\/v2\/media?parent=567"}],"curies":[{"name":"wp","href":"https:\/\/api.w.org\/{rel}","templated":true}]}}