{"id":1779,"date":"2019-07-10T18:27:50","date_gmt":"2019-07-10T16:27:50","guid":{"rendered":"https:\/\/www.philix.be\/luss\/?page_id=1779"},"modified":"2019-08-08T11:02:36","modified_gmt":"2019-08-08T09:02:36","slug":"les-medias","status":"publish","type":"page","link":"https:\/\/www.philix.be\/luss\/cours-editeurs\/les-medias\/","title":{"rendered":"Les M\u00e9dias"},"content":{"rendered":"\t\t<div data-elementor-type=\"wp-post\" data-elementor-id=\"1779\" class=\"elementor elementor-1779\">\n\t\t\t\t\t\t<section class=\"elementor-section elementor-top-section elementor-element elementor-element-d5c9d9e elementor-section-boxed elementor-section-height-default elementor-section-height-default\" data-id=\"d5c9d9e\" data-element_type=\"section\" data-e-type=\"section\">\n\t\t\t\t\t\t<div class=\"elementor-container elementor-column-gap-default\">\n\t\t\t\t\t<div class=\"elementor-column elementor-col-100 elementor-top-column elementor-element elementor-element-38093bd\" data-id=\"38093bd\" data-element_type=\"column\" data-e-type=\"column\">\n\t\t\t<div class=\"elementor-widget-wrap elementor-element-populated\">\n\t\t\t\t\t\t<div class=\"elementor-element elementor-element-d54dd81 elementor-widget elementor-widget-heading\" data-id=\"d54dd81\" data-element_type=\"widget\" data-e-type=\"widget\" data-widget_type=\"heading.default\">\n\t\t\t\t<div class=\"elementor-widget-container\">\n\t\t\t\t\t<h3 class=\"elementor-heading-title elementor-size-default\">Remarque pr\u00e9liminaire<\/h3>\t\t\t\t<\/div>\n\t\t\t\t<\/div>\n\t\t\t\t<div class=\"elementor-element elementor-element-b692aab elementor-widget elementor-widget-text-editor\" data-id=\"b692aab\" data-element_type=\"widget\" data-e-type=\"widget\" data-widget_type=\"text-editor.default\">\n\t\t\t\t<div class=\"elementor-widget-container\">\n\t\t\t\t\t\t\t\t\t<p>N&rsquo;oubliez pas que plus une image est \u00ab\u00a0lourde\u00a0\u00bb (taille du fichier), plus elle ralenti l&rsquo;affichage de votre page.\u00a0<br \/>De la m\u00eame mani\u00e8re, plus il y a d&rsquo;images sur une page, plus celle-ci s&rsquo;affiche lentement.<\/p><p><span style=\"text-decoration: underline;\">Donc :<\/span><br \/>Pas trop d&rsquo;images et des images optimis\u00e9e.<br \/>Utilisez Photoshop (si vous avez une licence) ou <a href=\"https:\/\/www.gimp.org\/downloads\/\">GIMP<\/a> (gratuit) pour optimiser vos images !<\/p><p>Liens int\u00e9ressants :<\/p><ul><li><a href=\"https:\/\/juliencrego.com\/astuces\/optimiser-une-image-pour-le-web-avec-gimp\/\">Optimiser une image avec GIMP<\/a><\/li><li><a href=\"https:\/\/blog.rudyzourane.fr\/optimisation-images\/\">Optimiser une image avec Photoshop<\/a><\/li><\/ul>\t\t\t\t\t\t\t\t<\/div>\n\t\t\t\t<\/div>\n\t\t\t\t\t<\/div>\n\t\t<\/div>\n\t\t\t\t\t<\/div>\n\t\t<\/section>\n\t\t\t\t<section class=\"elementor-section elementor-top-section elementor-element elementor-element-b3436e2 elementor-section-boxed elementor-section-height-default elementor-section-height-default\" data-id=\"b3436e2\" data-element_type=\"section\" data-e-type=\"section\">\n\t\t\t\t\t\t<div class=\"elementor-container elementor-column-gap-default\">\n\t\t\t\t\t<div class=\"elementor-column elementor-col-100 elementor-top-column elementor-element elementor-element-c05b9d9\" data-id=\"c05b9d9\" data-element_type=\"column\" data-e-type=\"column\">\n\t\t\t<div class=\"elementor-widget-wrap elementor-element-populated\">\n\t\t\t\t\t\t<div class=\"elementor-element elementor-element-7808221 elementor-widget-divider--view-line elementor-widget elementor-widget-divider\" data-id=\"7808221\" data-element_type=\"widget\" data-e-type=\"widget\" data-widget_type=\"divider.default\">\n\t\t\t\t<div class=\"elementor-widget-container\">\n\t\t\t\t\t\t\t<div class=\"elementor-divider\">\n\t\t\t<span class=\"elementor-divider-separator\">\n\t\t\t\t\t\t<\/span>\n\t\t<\/div>\n\t\t\t\t\t\t<\/div>\n\t\t\t\t<\/div>\n\t\t\t\t<div class=\"elementor-element elementor-element-26a96ea elementor-widget elementor-widget-heading\" data-id=\"26a96ea\" data-element_type=\"widget\" data-e-type=\"widget\" data-widget_type=\"heading.default\">\n\t\t\t\t<div class=\"elementor-widget-container\">\n\t\t\t\t\t<h3 class=\"elementor-heading-title elementor-size-default\">Ajouter une image<\/h3>\t\t\t\t<\/div>\n\t\t\t\t<\/div>\n\t\t\t\t<div class=\"elementor-element elementor-element-c7d566a elementor-widget elementor-widget-text-editor\" data-id=\"c7d566a\" data-element_type=\"widget\" data-e-type=\"widget\" data-widget_type=\"text-editor.default\">\n\t\t\t\t<div class=\"elementor-widget-container\">\n\t\t\t\t\t\t\t\t\t<p>C&rsquo;est le plus simple. Ajouter une image dans un article ou une page se fait \u00ab\u00a0en un clic\u00a0\u00bb depuis votre \u00e9diteur.<\/p><p><img fetchpriority=\"high\" decoding=\"async\" class=\"wp-image-1836 size-full aligncenter\" src=\"http:\/\/www.philix.be\/luss\/wp-content\/uploads\/sites\/3\/2019\/07\/ajoutMedia1.png\" alt=\"ajout m\u00e9dia image\" width=\"659\" height=\"203\" srcset=\"https:\/\/www.philix.be\/luss\/wp-content\/uploads\/sites\/3\/2019\/07\/ajoutMedia1.png 659w, https:\/\/www.philix.be\/luss\/wp-content\/uploads\/sites\/3\/2019\/07\/ajoutMedia1-300x92.png 300w, https:\/\/www.philix.be\/luss\/wp-content\/uploads\/sites\/3\/2019\/07\/ajoutMedia1-600x185.png 600w\" sizes=\"(max-width: 659px) 100vw, 659px\" \/><\/p><p>En cliquant sur \u00ab\u00a0Ajouter un m\u00e9dia\u00a0\u00bb, WordPress vous pr\u00e9sente votre biblioth\u00e8que. C&rsquo;est une galerie de toutes les images que vous avez d\u00e9j\u00e0 t\u00e9l\u00e9charg\u00e9es sur votre site. Cette galerie est donc vide par d\u00e9faut \ud83d\ude09<\/p><p>Pour ajouter une image \u00e0 votre biblioth\u00e8que, cliquez sur <b>T\u00e9l\u00e9verser des fichiers<\/b>. Ensuite, s\u00e9lectionner sur votre ordinateur l&rsquo;image de votre choix et hop, magie, l&rsquo;image choisie s&rsquo;ajoute dans la biblioth\u00e8que.<\/p><p><img decoding=\"async\" class=\"size-full wp-image-1843 aligncenter\" src=\"http:\/\/www.philix.be\/luss\/wp-content\/uploads\/sites\/3\/2019\/07\/ajoutMedia2.png\" alt=\"ajouter un m\u00e9dia\" width=\"526\" height=\"290\" srcset=\"https:\/\/www.philix.be\/luss\/wp-content\/uploads\/sites\/3\/2019\/07\/ajoutMedia2.png 526w, https:\/\/www.philix.be\/luss\/wp-content\/uploads\/sites\/3\/2019\/07\/ajoutMedia2-300x165.png 300w\" sizes=\"(max-width: 526px) 100vw, 526px\" \/><\/p><p>Rappel : Veillez \u00e0 toujours optimiser vos images avant de les t\u00e9l\u00e9charger\/t\u00e9l\u00e9verser !<\/p><p>Par d\u00e9faut, l&rsquo;image t\u00e9l\u00e9charg\u00e9e est s\u00e9lectionn\u00e9e pour \u00eatre ajout\u00e9e dans votre page ou article. Avant d\u2019ent\u00e9riner votre choix, voyons la partie droite de l&rsquo;\u00e9cran :<\/p><p><img decoding=\"async\" class=\"aligncenter size-full wp-image-1848\" src=\"http:\/\/www.philix.be\/luss\/wp-content\/uploads\/sites\/3\/2019\/07\/ajoutMedia3.png\" alt=\"ajouter un m\u00e9dia\" width=\"257\" height=\"291\" \/><\/p><p>Remplissez correctement les champs \u00ab\u00a0<strong>L\u00e9gende<\/strong>\u00a0\u00bb (si besoin), le \u00ab\u00a0<strong>Texte alternatif<\/strong>\u00a0\u00bb et la \u00ab\u00a0<strong>Description<\/strong>\u00ab\u00a0.<br \/>Ces deux derniers sont importants pour le r\u00e9f\u00e9rencement : vous pourrez les adapter par la suite. (voir le cours Yoast SEO).<br \/>Enfin, choisissez les r\u00e9glages de l\u2019affichage, comme l\u2019alignement, le lien \u00e9ventuel et la taille (miniature, moyenne, grande ou taille originale).<\/p><p><img loading=\"lazy\" decoding=\"async\" class=\"aligncenter size-full wp-image-1849\" src=\"http:\/\/www.philix.be\/luss\/wp-content\/uploads\/sites\/3\/2019\/07\/ajoutMedia4.png\" alt=\"ajouter un m\u00e9dia\" width=\"256\" height=\"149\" \/><\/p>\t\t\t\t\t\t\t\t<\/div>\n\t\t\t\t<\/div>\n\t\t\t\t<div class=\"elementor-element elementor-element-76ba613 elementor-widget-divider--view-line elementor-widget elementor-widget-divider\" data-id=\"76ba613\" data-element_type=\"widget\" data-e-type=\"widget\" data-widget_type=\"divider.default\">\n\t\t\t\t<div class=\"elementor-widget-container\">\n\t\t\t\t\t\t\t<div class=\"elementor-divider\">\n\t\t\t<span class=\"elementor-divider-separator\">\n\t\t\t\t\t\t<\/span>\n\t\t<\/div>\n\t\t\t\t\t\t<\/div>\n\t\t\t\t<\/div>\n\t\t\t\t<div class=\"elementor-element elementor-element-01d9582 elementor-widget elementor-widget-heading\" data-id=\"01d9582\" data-element_type=\"widget\" data-e-type=\"widget\" data-widget_type=\"heading.default\">\n\t\t\t\t<div class=\"elementor-widget-container\">\n\t\t\t\t\t<h3 class=\"elementor-heading-title elementor-size-default\">Cr\u00e9er une galerie (d'images)<\/h3>\t\t\t\t<\/div>\n\t\t\t\t<\/div>\n\t\t\t\t<div class=\"elementor-element elementor-element-4f771c6 elementor-widget elementor-widget-text-editor\" data-id=\"4f771c6\" data-element_type=\"widget\" data-e-type=\"widget\" data-widget_type=\"text-editor.default\">\n\t\t\t\t<div class=\"elementor-widget-container\">\n\t\t\t\t\t\t\t\t\t<p>C&rsquo;est de la m\u00eame mani\u00e8re que l&rsquo;on peut cr\u00e9er une galerie d&rsquo;image. En effet, apr\u00e8s avoir cliqu\u00e9 sur <strong>Ajouter un m\u00e9dia<\/strong>,\u00a0 nous trouvons dans la partie gauche l&rsquo;option <strong>Cr\u00e9er une galerie<\/strong> :\u00a0<\/p><p><img loading=\"lazy\" decoding=\"async\" class=\"aligncenter wp-image-1897 size-full\" src=\"http:\/\/www.philix.be\/luss\/wp-content\/uploads\/sites\/3\/2019\/07\/ajoutMedia5.png\" alt=\"cr\u00e9er galerie\" width=\"521\" height=\"305\" srcset=\"https:\/\/www.philix.be\/luss\/wp-content\/uploads\/sites\/3\/2019\/07\/ajoutMedia5.png 521w, https:\/\/www.philix.be\/luss\/wp-content\/uploads\/sites\/3\/2019\/07\/ajoutMedia5-300x176.png 300w\" sizes=\"(max-width: 521px) 100vw, 521px\" \/><\/p><p>Cela vous permet de s\u00e9lectionner plusieurs images qui appara\u00eetront dans une galerie, comme ci-dessous, une \u00ab\u00a0galerie\u00a0\u00bb de deux images :<\/p><div id='gallery-1' class='gallery galleryid-1779 gallery-columns-3 gallery-size-medium'><figure class='gallery-item'>\n\t\t\t<div class='gallery-icon landscape'>\n\t\t\t\t<a href='https:\/\/www.philix.be\/luss\/ajoutmedia2\/'><img loading=\"lazy\" decoding=\"async\" width=\"300\" height=\"165\" src=\"https:\/\/www.philix.be\/luss\/wp-content\/uploads\/sites\/3\/2019\/07\/ajoutMedia2-300x165.png\" class=\"attachment-medium size-medium\" alt=\"ajouter un m\u00e9dia\" srcset=\"https:\/\/www.philix.be\/luss\/wp-content\/uploads\/sites\/3\/2019\/07\/ajoutMedia2-300x165.png 300w, https:\/\/www.philix.be\/luss\/wp-content\/uploads\/sites\/3\/2019\/07\/ajoutMedia2.png 526w\" sizes=\"(max-width: 300px) 100vw, 300px\" \/><\/a>\n\t\t\t<\/div><\/figure><figure class='gallery-item'>\n\t\t\t<div class='gallery-icon landscape'>\n\t\t\t\t<a href='https:\/\/www.philix.be\/luss\/ajoutmedia5\/'><img loading=\"lazy\" decoding=\"async\" width=\"300\" height=\"176\" src=\"https:\/\/www.philix.be\/luss\/wp-content\/uploads\/sites\/3\/2019\/07\/ajoutMedia5-300x176.png\" class=\"attachment-medium size-medium\" alt=\"\" srcset=\"https:\/\/www.philix.be\/luss\/wp-content\/uploads\/sites\/3\/2019\/07\/ajoutMedia5-300x176.png 300w, https:\/\/www.philix.be\/luss\/wp-content\/uploads\/sites\/3\/2019\/07\/ajoutMedia5.png 521w\" sizes=\"(max-width: 300px) 100vw, 300px\" \/><\/a>\n\t\t\t<\/div><\/figure>\n\t\t<\/div>\n<p>Ce sont des miniatures (format carr\u00e9) des images s\u00e9lectionn\u00e9es. Chacune d&rsquo;elle est \u00ab\u00a0cliquable\u00a0\u00bb et s&rsquo;ouvrira en taille r\u00e9elle en pleine page.<\/p>\t\t\t\t\t\t\t\t<\/div>\n\t\t\t\t<\/div>\n\t\t\t\t<div class=\"elementor-element elementor-element-2c72f92 elementor-widget-divider--view-line elementor-widget elementor-widget-divider\" data-id=\"2c72f92\" data-element_type=\"widget\" data-e-type=\"widget\" data-widget_type=\"divider.default\">\n\t\t\t\t<div class=\"elementor-widget-container\">\n\t\t\t\t\t\t\t<div class=\"elementor-divider\">\n\t\t\t<span class=\"elementor-divider-separator\">\n\t\t\t\t\t\t<\/span>\n\t\t<\/div>\n\t\t\t\t\t\t<\/div>\n\t\t\t\t<\/div>\n\t\t\t\t<div class=\"elementor-element elementor-element-6b3f506 elementor-widget elementor-widget-heading\" data-id=\"6b3f506\" data-element_type=\"widget\" data-e-type=\"widget\" data-widget_type=\"heading.default\">\n\t\t\t\t<div class=\"elementor-widget-container\">\n\t\t\t\t\t<h3 class=\"elementor-heading-title elementor-size-default\">Autres options<\/h3>\t\t\t\t<\/div>\n\t\t\t\t<\/div>\n\t\t\t\t<div class=\"elementor-element elementor-element-3d0f68f elementor-widget elementor-widget-text-editor\" data-id=\"3d0f68f\" data-element_type=\"widget\" data-e-type=\"widget\" data-widget_type=\"text-editor.default\">\n\t\t\t\t<div class=\"elementor-widget-container\">\n\t\t\t\t\t\t\t\t\t<p>Vous aurez remarqu\u00e9 que l&rsquo;on peut \u00e9galement cr\u00e9er une <strong>Liste de lecture audio<\/strong>, ou encore une <strong>Liste de lecture vid\u00e9o<\/strong>.<\/p><p>Nous verrons dans le cours consacr\u00e9 \u00e0 <strong>Divi<\/strong> que ce dernier rend tout cela encore plus simple et fourni plus d&rsquo;options d&rsquo;affichage de mani\u00e8re extr\u00eamement ais\u00e9e \ud83d\ude09<\/p>\t\t\t\t\t\t\t\t<\/div>\n\t\t\t\t<\/div>\n\t\t\t\t<div class=\"elementor-element elementor-element-36550e8 elementor-widget-divider--view-line elementor-widget elementor-widget-divider\" data-id=\"36550e8\" data-element_type=\"widget\" data-e-type=\"widget\" data-widget_type=\"divider.default\">\n\t\t\t\t<div class=\"elementor-widget-container\">\n\t\t\t\t\t\t\t<div class=\"elementor-divider\">\n\t\t\t<span class=\"elementor-divider-separator\">\n\t\t\t\t\t\t<\/span>\n\t\t<\/div>\n\t\t\t\t\t\t<\/div>\n\t\t\t\t<\/div>\n\t\t\t\t<div class=\"elementor-element elementor-element-081b4f6 elementor-widget elementor-widget-heading\" data-id=\"081b4f6\" data-element_type=\"widget\" data-e-type=\"widget\" data-widget_type=\"heading.default\">\n\t\t\t\t<div class=\"elementor-widget-container\">\n\t\t\t\t\t<h2 class=\"elementor-heading-title elementor-size-default\">Plus d'info sur les m\u00e9dias ?<\/h2>\t\t\t\t<\/div>\n\t\t\t\t<\/div>\n\t\t\t\t<div class=\"elementor-element elementor-element-b27f8d1 elementor-widget elementor-widget-text-editor\" data-id=\"b27f8d1\" data-element_type=\"widget\" data-e-type=\"widget\" data-widget_type=\"text-editor.default\">\n\t\t\t\t<div class=\"elementor-widget-container\">\n\t\t\t\t\t\t\t\t\t<p>C&rsquo;est <a href=\"https:\/\/wpformation.com\/ajouter-medias-wordpress\/\">ici<\/a> !<\/p>\t\t\t\t\t\t\t\t<\/div>\n\t\t\t\t<\/div>\n\t\t\t\t<div class=\"elementor-element elementor-element-929c77b elementor-widget-divider--view-line elementor-widget elementor-widget-divider\" data-id=\"929c77b\" data-element_type=\"widget\" data-e-type=\"widget\" data-widget_type=\"divider.default\">\n\t\t\t\t<div class=\"elementor-widget-container\">\n\t\t\t\t\t\t\t<div class=\"elementor-divider\">\n\t\t\t<span class=\"elementor-divider-separator\">\n\t\t\t\t\t\t<\/span>\n\t\t<\/div>\n\t\t\t\t\t\t<\/div>\n\t\t\t\t<\/div>\n\t\t\t\t\t<\/div>\n\t\t<\/div>\n\t\t\t\t\t<\/div>\n\t\t<\/section>\n\t\t\t\t<section class=\"elementor-section elementor-inner-section elementor-element elementor-element-e1aa1e9 elementor-section-boxed elementor-section-height-default elementor-section-height-default\" data-id=\"e1aa1e9\" data-element_type=\"section\" data-e-type=\"section\">\n\t\t\t\t\t\t<div class=\"elementor-container elementor-column-gap-default\">\n\t\t\t\t\t<div class=\"elementor-column elementor-col-50 elementor-inner-column elementor-element elementor-element-1398bdfd\" data-id=\"1398bdfd\" data-element_type=\"column\" data-e-type=\"column\">\n\t\t\t<div class=\"elementor-widget-wrap elementor-element-populated\">\n\t\t\t\t\t\t<div class=\"elementor-element elementor-element-5eb133ef elementor-widget elementor-widget-text-editor\" data-id=\"5eb133ef\" data-element_type=\"widget\" data-e-type=\"widget\" data-widget_type=\"text-editor.default\">\n\t\t\t\t<div class=\"elementor-widget-container\">\n\t\t\t\t\t\t\t\t\t<p><a href=\"\/luss\/cours-editeurs\/lediteur-classique-etendu\/\">\u21d0 L&rsquo;\u00e9diteur classique \u00e9tendu<\/a><\/p>\t\t\t\t\t\t\t\t<\/div>\n\t\t\t\t<\/div>\n\t\t\t\t\t<\/div>\n\t\t<\/div>\n\t\t\t\t<div class=\"elementor-column elementor-col-50 elementor-inner-column elementor-element elementor-element-39bff152\" data-id=\"39bff152\" data-element_type=\"column\" data-e-type=\"column\">\n\t\t\t<div class=\"elementor-widget-wrap elementor-element-populated\">\n\t\t\t\t\t\t<div class=\"elementor-element elementor-element-2ffbeaba elementor-widget elementor-widget-text-editor\" data-id=\"2ffbeaba\" data-element_type=\"widget\" data-e-type=\"widget\" data-widget_type=\"text-editor.default\">\n\t\t\t\t<div class=\"elementor-widget-container\">\n\t\t\t\t\t\t\t\t\t<p style=\"text-align: right;\"><a href=\"\/luss\/les-categories\/\">Les Cat\u00e9gories\u21d2<\/a><\/p>\t\t\t\t\t\t\t\t<\/div>\n\t\t\t\t<\/div>\n\t\t\t\t\t<\/div>\n\t\t<\/div>\n\t\t\t\t\t<\/div>\n\t\t<\/section>\n\t\t\t\t<\/div>\n\t\t","protected":false},"excerpt":{"rendered":"<p>Remarque pr\u00e9liminaire N&rsquo;oubliez pas que plus une image est \u00ab\u00a0lourde\u00a0\u00bb (taille du fichier), plus elle ralenti l&rsquo;affichage de votre page. De la m\u00eame mani\u00e8re, plus il y a d&rsquo;images sur une page, plus celle-ci s&rsquo;affiche lentement. Donc : Pas trop<\/p>\n","protected":false},"author":1,"featured_media":0,"parent":956,"menu_order":4,"comment_status":"closed","ping_status":"closed","template":"","meta":{"footnotes":""},"class_list":["post-1779","page","type-page","status-publish","hentry"],"yoast_head":"<!-- This site is optimized with the Yoast SEO plugin v27.5 - https:\/\/yoast.com\/product\/yoast-seo-wordpress\/ -->\n<title>Les M\u00e9dias - WPLUSS<\/title>\n<meta name=\"robots\" content=\"index, follow, max-snippet:-1, max-image-preview:large, max-video-preview:-1\" \/>\n<link rel=\"canonical\" href=\"https:\/\/www.philix.be\/luss\/cours-editeurs\/les-medias\/\" \/>\n<meta property=\"og:locale\" content=\"fr_FR\" \/>\n<meta property=\"og:type\" content=\"article\" \/>\n<meta property=\"og:title\" content=\"Les M\u00e9dias - WPLUSS\" \/>\n<meta property=\"og:description\" content=\"Remarque pr\u00e9liminaire N&rsquo;oubliez pas que plus une image est \u00ab\u00a0lourde\u00a0\u00bb (taille du fichier), plus elle ralenti l&rsquo;affichage de votre page. De la m\u00eame mani\u00e8re, plus il y a d&rsquo;images sur une page, plus celle-ci s&rsquo;affiche lentement. Donc : Pas trop\" \/>\n<meta property=\"og:url\" content=\"https:\/\/www.philix.be\/luss\/cours-editeurs\/les-medias\/\" \/>\n<meta property=\"og:site_name\" content=\"WPLUSS\" \/>\n<meta property=\"article:modified_time\" content=\"2019-08-08T09:02:36+00:00\" \/>\n<meta property=\"og:image\" content=\"https:\/\/www.philix.be\/luss\/wp-content\/uploads\/sites\/3\/2019\/07\/ajoutMedia2-300x165.png\" \/>\n<meta name=\"twitter:card\" content=\"summary_large_image\" \/>\n<meta name=\"twitter:label1\" content=\"Dur\u00e9e de lecture estim\u00e9e\" \/>\n\t<meta name=\"twitter:data1\" content=\"2 minutes\" \/>\n<script type=\"application\/ld+json\" class=\"yoast-schema-graph\">{\"@context\":\"https:\\\/\\\/schema.org\",\"@graph\":[{\"@type\":\"WebPage\",\"@id\":\"https:\\\/\\\/www.philix.be\\\/luss\\\/cours-editeurs\\\/les-medias\\\/\",\"url\":\"https:\\\/\\\/www.philix.be\\\/luss\\\/cours-editeurs\\\/les-medias\\\/\",\"name\":\"Les M\u00e9dias - WPLUSS\",\"isPartOf\":{\"@id\":\"https:\\\/\\\/www.philix.be\\\/luss\\\/#website\"},\"primaryImageOfPage\":{\"@id\":\"https:\\\/\\\/www.philix.be\\\/luss\\\/cours-editeurs\\\/les-medias\\\/#primaryimage\"},\"image\":{\"@id\":\"https:\\\/\\\/www.philix.be\\\/luss\\\/cours-editeurs\\\/les-medias\\\/#primaryimage\"},\"thumbnailUrl\":\"http:\\\/\\\/www.philix.be\\\/luss\\\/wp-content\\\/uploads\\\/sites\\\/3\\\/2019\\\/07\\\/ajoutMedia1.png\",\"datePublished\":\"2019-07-10T16:27:50+00:00\",\"dateModified\":\"2019-08-08T09:02:36+00:00\",\"breadcrumb\":{\"@id\":\"https:\\\/\\\/www.philix.be\\\/luss\\\/cours-editeurs\\\/les-medias\\\/#breadcrumb\"},\"inLanguage\":\"fr-FR\",\"potentialAction\":[{\"@type\":\"ReadAction\",\"target\":[\"https:\\\/\\\/www.philix.be\\\/luss\\\/cours-editeurs\\\/les-medias\\\/\"]}]},{\"@type\":\"ImageObject\",\"inLanguage\":\"fr-FR\",\"@id\":\"https:\\\/\\\/www.philix.be\\\/luss\\\/cours-editeurs\\\/les-medias\\\/#primaryimage\",\"url\":\"http:\\\/\\\/www.philix.be\\\/luss\\\/wp-content\\\/uploads\\\/sites\\\/3\\\/2019\\\/07\\\/ajoutMedia1.png\",\"contentUrl\":\"http:\\\/\\\/www.philix.be\\\/luss\\\/wp-content\\\/uploads\\\/sites\\\/3\\\/2019\\\/07\\\/ajoutMedia1.png\"},{\"@type\":\"BreadcrumbList\",\"@id\":\"https:\\\/\\\/www.philix.be\\\/luss\\\/cours-editeurs\\\/les-medias\\\/#breadcrumb\",\"itemListElement\":[{\"@type\":\"ListItem\",\"position\":1,\"name\":\"Cours \u00c9diteurs\",\"item\":\"https:\\\/\\\/www.philix.be\\\/luss\\\/cours-editeurs\\\/\"},{\"@type\":\"ListItem\",\"position\":2,\"name\":\"Les M\u00e9dias\"}]},{\"@type\":\"WebSite\",\"@id\":\"https:\\\/\\\/www.philix.be\\\/luss\\\/#website\",\"url\":\"https:\\\/\\\/www.philix.be\\\/luss\\\/\",\"name\":\"WPLUSS\",\"description\":\"Les sites de Ph\u00a1l\u00a1x\",\"publisher\":{\"@id\":\"https:\\\/\\\/www.philix.be\\\/luss\\\/#organization\"},\"potentialAction\":[{\"@type\":\"SearchAction\",\"target\":{\"@type\":\"EntryPoint\",\"urlTemplate\":\"https:\\\/\\\/www.philix.be\\\/luss\\\/?s={search_term_string}\"},\"query-input\":{\"@type\":\"PropertyValueSpecification\",\"valueRequired\":true,\"valueName\":\"search_term_string\"}}],\"inLanguage\":\"fr-FR\"},{\"@type\":\"Organization\",\"@id\":\"https:\\\/\\\/www.philix.be\\\/luss\\\/#organization\",\"name\":\"WPLUSS\",\"url\":\"https:\\\/\\\/www.philix.be\\\/luss\\\/\",\"logo\":{\"@type\":\"ImageObject\",\"inLanguage\":\"fr-FR\",\"@id\":\"https:\\\/\\\/www.philix.be\\\/luss\\\/#\\\/schema\\\/logo\\\/image\\\/\",\"url\":\"https:\\\/\\\/www.philix.be\\\/luss\\\/wp-content\\\/uploads\\\/sites\\\/3\\\/2017\\\/03\\\/cropped-wordpress-1415678_960_720-e1489930624872-1.png\",\"contentUrl\":\"https:\\\/\\\/www.philix.be\\\/luss\\\/wp-content\\\/uploads\\\/sites\\\/3\\\/2017\\\/03\\\/cropped-wordpress-1415678_960_720-e1489930624872-1.png\",\"width\":100,\"height\":100,\"caption\":\"WPLUSS\"},\"image\":{\"@id\":\"https:\\\/\\\/www.philix.be\\\/luss\\\/#\\\/schema\\\/logo\\\/image\\\/\"}}]}<\/script>\n<!-- \/ Yoast SEO plugin. -->","yoast_head_json":{"title":"Les M\u00e9dias - WPLUSS","robots":{"index":"index","follow":"follow","max-snippet":"max-snippet:-1","max-image-preview":"max-image-preview:large","max-video-preview":"max-video-preview:-1"},"canonical":"https:\/\/www.philix.be\/luss\/cours-editeurs\/les-medias\/","og_locale":"fr_FR","og_type":"article","og_title":"Les M\u00e9dias - WPLUSS","og_description":"Remarque pr\u00e9liminaire N&rsquo;oubliez pas que plus une image est \u00ab\u00a0lourde\u00a0\u00bb (taille du fichier), plus elle ralenti l&rsquo;affichage de votre page. De la m\u00eame mani\u00e8re, plus il y a d&rsquo;images sur une page, plus celle-ci s&rsquo;affiche lentement. Donc : Pas trop","og_url":"https:\/\/www.philix.be\/luss\/cours-editeurs\/les-medias\/","og_site_name":"WPLUSS","article_modified_time":"2019-08-08T09:02:36+00:00","og_image":[{"url":"https:\/\/www.philix.be\/luss\/wp-content\/uploads\/sites\/3\/2019\/07\/ajoutMedia2-300x165.png","type":"","width":"","height":""}],"twitter_card":"summary_large_image","twitter_misc":{"Dur\u00e9e de lecture estim\u00e9e":"2 minutes"},"schema":{"@context":"https:\/\/schema.org","@graph":[{"@type":"WebPage","@id":"https:\/\/www.philix.be\/luss\/cours-editeurs\/les-medias\/","url":"https:\/\/www.philix.be\/luss\/cours-editeurs\/les-medias\/","name":"Les M\u00e9dias - WPLUSS","isPartOf":{"@id":"https:\/\/www.philix.be\/luss\/#website"},"primaryImageOfPage":{"@id":"https:\/\/www.philix.be\/luss\/cours-editeurs\/les-medias\/#primaryimage"},"image":{"@id":"https:\/\/www.philix.be\/luss\/cours-editeurs\/les-medias\/#primaryimage"},"thumbnailUrl":"http:\/\/www.philix.be\/luss\/wp-content\/uploads\/sites\/3\/2019\/07\/ajoutMedia1.png","datePublished":"2019-07-10T16:27:50+00:00","dateModified":"2019-08-08T09:02:36+00:00","breadcrumb":{"@id":"https:\/\/www.philix.be\/luss\/cours-editeurs\/les-medias\/#breadcrumb"},"inLanguage":"fr-FR","potentialAction":[{"@type":"ReadAction","target":["https:\/\/www.philix.be\/luss\/cours-editeurs\/les-medias\/"]}]},{"@type":"ImageObject","inLanguage":"fr-FR","@id":"https:\/\/www.philix.be\/luss\/cours-editeurs\/les-medias\/#primaryimage","url":"http:\/\/www.philix.be\/luss\/wp-content\/uploads\/sites\/3\/2019\/07\/ajoutMedia1.png","contentUrl":"http:\/\/www.philix.be\/luss\/wp-content\/uploads\/sites\/3\/2019\/07\/ajoutMedia1.png"},{"@type":"BreadcrumbList","@id":"https:\/\/www.philix.be\/luss\/cours-editeurs\/les-medias\/#breadcrumb","itemListElement":[{"@type":"ListItem","position":1,"name":"Cours \u00c9diteurs","item":"https:\/\/www.philix.be\/luss\/cours-editeurs\/"},{"@type":"ListItem","position":2,"name":"Les M\u00e9dias"}]},{"@type":"WebSite","@id":"https:\/\/www.philix.be\/luss\/#website","url":"https:\/\/www.philix.be\/luss\/","name":"WPLUSS","description":"Les sites de Ph\u00a1l\u00a1x","publisher":{"@id":"https:\/\/www.philix.be\/luss\/#organization"},"potentialAction":[{"@type":"SearchAction","target":{"@type":"EntryPoint","urlTemplate":"https:\/\/www.philix.be\/luss\/?s={search_term_string}"},"query-input":{"@type":"PropertyValueSpecification","valueRequired":true,"valueName":"search_term_string"}}],"inLanguage":"fr-FR"},{"@type":"Organization","@id":"https:\/\/www.philix.be\/luss\/#organization","name":"WPLUSS","url":"https:\/\/www.philix.be\/luss\/","logo":{"@type":"ImageObject","inLanguage":"fr-FR","@id":"https:\/\/www.philix.be\/luss\/#\/schema\/logo\/image\/","url":"https:\/\/www.philix.be\/luss\/wp-content\/uploads\/sites\/3\/2017\/03\/cropped-wordpress-1415678_960_720-e1489930624872-1.png","contentUrl":"https:\/\/www.philix.be\/luss\/wp-content\/uploads\/sites\/3\/2017\/03\/cropped-wordpress-1415678_960_720-e1489930624872-1.png","width":100,"height":100,"caption":"WPLUSS"},"image":{"@id":"https:\/\/www.philix.be\/luss\/#\/schema\/logo\/image\/"}}]}},"_links":{"self":[{"href":"https:\/\/www.philix.be\/luss\/wp-json\/wp\/v2\/pages\/1779","targetHints":{"allow":["GET"]}}],"collection":[{"href":"https:\/\/www.philix.be\/luss\/wp-json\/wp\/v2\/pages"}],"about":[{"href":"https:\/\/www.philix.be\/luss\/wp-json\/wp\/v2\/types\/page"}],"author":[{"embeddable":true,"href":"https:\/\/www.philix.be\/luss\/wp-json\/wp\/v2\/users\/1"}],"replies":[{"embeddable":true,"href":"https:\/\/www.philix.be\/luss\/wp-json\/wp\/v2\/comments?post=1779"}],"version-history":[{"count":0,"href":"https:\/\/www.philix.be\/luss\/wp-json\/wp\/v2\/pages\/1779\/revisions"}],"up":[{"embeddable":true,"href":"https:\/\/www.philix.be\/luss\/wp-json\/wp\/v2\/pages\/956"}],"wp:attachment":[{"href":"https:\/\/www.philix.be\/luss\/wp-json\/wp\/v2\/media?parent=1779"}],"curies":[{"name":"wp","href":"https:\/\/api.w.org\/{rel}","templated":true}]}}