{"id":1906,"date":"2019-07-29T07:48:14","date_gmt":"2019-07-29T05:48:14","guid":{"rendered":"http:\/\/www.philix.be\/luss\/?page_id=1906"},"modified":"2019-08-08T11:03:01","modified_gmt":"2019-08-08T09:03:01","slug":"les-categories","status":"publish","type":"page","link":"https:\/\/www.philix.be\/luss\/cours-editeurs\/les-categories\/","title":{"rendered":"Les Cat\u00e9gories"},"content":{"rendered":"\t\t<div data-elementor-type=\"wp-post\" data-elementor-id=\"1906\" class=\"elementor elementor-1906\">\n\t\t\t\t\t\t<section class=\"elementor-section elementor-top-section elementor-element elementor-element-6ed6f8b elementor-section-boxed elementor-section-height-default elementor-section-height-default\" data-id=\"6ed6f8b\" data-element_type=\"section\" data-e-type=\"section\">\n\t\t\t\t\t\t<div class=\"elementor-container elementor-column-gap-default\">\n\t\t\t\t\t<div class=\"elementor-column elementor-col-100 elementor-top-column elementor-element elementor-element-6497c9a\" data-id=\"6497c9a\" data-element_type=\"column\" data-e-type=\"column\">\n\t\t\t<div class=\"elementor-widget-wrap elementor-element-populated\">\n\t\t\t\t\t\t<div class=\"elementor-element elementor-element-dab5e9c elementor-widget elementor-widget-heading\" data-id=\"dab5e9c\" data-element_type=\"widget\" data-e-type=\"widget\" data-widget_type=\"heading.default\">\n\t\t\t\t<div class=\"elementor-widget-container\">\n\t\t\t\t\t<h3 class=\"elementor-heading-title elementor-size-default\">Rappel<\/h3>\t\t\t\t<\/div>\n\t\t\t\t<\/div>\n\t\t\t\t<div class=\"elementor-element elementor-element-cafc8ae elementor-widget elementor-widget-text-editor\" data-id=\"cafc8ae\" data-element_type=\"widget\" data-e-type=\"widget\" data-widget_type=\"text-editor.default\">\n\t\t\t\t<div class=\"elementor-widget-container\">\n\t\t\t\t\t\t\t\t\t<p>Les Cat\u00e9gories sont uniquement attach\u00e9es aux Articles.<\/p>\t\t\t\t\t\t\t\t<\/div>\n\t\t\t\t<\/div>\n\t\t\t\t<div class=\"elementor-element elementor-element-6183405 elementor-widget-divider--view-line elementor-widget elementor-widget-divider\" data-id=\"6183405\" data-element_type=\"widget\" data-e-type=\"widget\" data-widget_type=\"divider.default\">\n\t\t\t\t<div class=\"elementor-widget-container\">\n\t\t\t\t\t\t\t<div class=\"elementor-divider\">\n\t\t\t<span class=\"elementor-divider-separator\">\n\t\t\t\t\t\t<\/span>\n\t\t<\/div>\n\t\t\t\t\t\t<\/div>\n\t\t\t\t<\/div>\n\t\t\t\t<div class=\"elementor-element elementor-element-0cc5c20 elementor-widget elementor-widget-heading\" data-id=\"0cc5c20\" data-element_type=\"widget\" data-e-type=\"widget\" data-widget_type=\"heading.default\">\n\t\t\t\t<div class=\"elementor-widget-container\">\n\t\t\t\t\t<h3 class=\"elementor-heading-title elementor-size-default\">D\u00e9finitions<\/h3>\t\t\t\t<\/div>\n\t\t\t\t<\/div>\n\t\t\t\t<div class=\"elementor-element elementor-element-226a88e elementor-widget elementor-widget-text-editor\" data-id=\"226a88e\" data-element_type=\"widget\" data-e-type=\"widget\" data-widget_type=\"text-editor.default\">\n\t\t\t\t<div class=\"elementor-widget-container\">\n\t\t\t\t\t\t\t\t\t<p>Vous entendrez souvent parler de <strong>Taxonomie<\/strong> ou <strong>Taxinomie<\/strong>. C&rsquo;est le terme utilis\u00e9 au d\u00e9part pour d\u00e9signer une branche de la biologie, qui a pour objet de d\u00e9crire les organismes vivants et de les regrouper en entit\u00e9s, appel\u00e9es taxons, afin de les identifier, les nommer et les classer.<\/p><p>Par extension, une <strong>Cat\u00e9gorie<\/strong> dans WordPress est une taxonomie orient\u00e9e \u00ab\u00a0information\u00a0\u00bb.<br \/>C&rsquo;est une <strong>m\u00e9thode de classement de vos articles<\/strong>.<\/p>\t\t\t\t\t\t\t\t<\/div>\n\t\t\t\t<\/div>\n\t\t\t\t<div class=\"elementor-element elementor-element-798d7ba elementor-widget-divider--view-line elementor-widget elementor-widget-divider\" data-id=\"798d7ba\" data-element_type=\"widget\" data-e-type=\"widget\" data-widget_type=\"divider.default\">\n\t\t\t\t<div class=\"elementor-widget-container\">\n\t\t\t\t\t\t\t<div class=\"elementor-divider\">\n\t\t\t<span class=\"elementor-divider-separator\">\n\t\t\t\t\t\t<\/span>\n\t\t<\/div>\n\t\t\t\t\t\t<\/div>\n\t\t\t\t<\/div>\n\t\t\t\t<div class=\"elementor-element elementor-element-8cd2b67 elementor-widget elementor-widget-heading\" data-id=\"8cd2b67\" data-element_type=\"widget\" data-e-type=\"widget\" data-widget_type=\"heading.default\">\n\t\t\t\t<div class=\"elementor-widget-container\">\n\t\t\t\t\t<h3 class=\"elementor-heading-title elementor-size-default\">Comment \u00e7a fonctionne ?<\/h3>\t\t\t\t<\/div>\n\t\t\t\t<\/div>\n\t\t\t\t<div class=\"elementor-element elementor-element-ca4191a elementor-widget elementor-widget-text-editor\" data-id=\"ca4191a\" data-element_type=\"widget\" data-e-type=\"widget\" data-widget_type=\"text-editor.default\">\n\t\t\t\t<div class=\"elementor-widget-container\">\n\t\t\t\t\t\t\t\t\t<p>Dans WordPress nous pouvons cr\u00e9er autant de cat\u00e9gories qu&rsquo;on veut. Elles peuvent \u00eatre hi\u00e9rarchis\u00e9es, c\u2019est \u00e0 dire qu\u2019elles peuvent \u00eatre d\u00e9pendantes les unes des autres.<\/p><p>Nous aurons dans ce cas des cat\u00e9gories \u00ab\u00a0enfants\u00a0\u00bb attach\u00e9s \u00e0 une cat\u00e9gorie \u00ab\u00a0parent\u00a0\u00bb.<br \/>Exemple (discutable \ud83d\ude09 ) :<\/p><ul><li>Traitements<ul><li>allopathie,<\/li><li>naturopathie,<ul><li>r\u00e9gimes alimentaires,<\/li><li>je\u00fbnes,<\/li><li>hygi\u00e8ne de vie,<\/li><li>herboristerie<\/li><li>hom\u00e9opathie,<\/li><li>phytoth\u00e9rapie,\u00a0<\/li><li>aromath\u00e9rapie.<\/li><\/ul><\/li><li>massages,<\/li><li>activit\u00e9 physique.<\/li><\/ul><\/li><\/ul>\t\t\t\t\t\t\t\t<\/div>\n\t\t\t\t<\/div>\n\t\t\t\t<div class=\"elementor-element elementor-element-8d2e1d9 elementor-widget-divider--view-line elementor-widget elementor-widget-divider\" data-id=\"8d2e1d9\" data-element_type=\"widget\" data-e-type=\"widget\" data-widget_type=\"divider.default\">\n\t\t\t\t<div class=\"elementor-widget-container\">\n\t\t\t\t\t\t\t<div class=\"elementor-divider\">\n\t\t\t<span class=\"elementor-divider-separator\">\n\t\t\t\t\t\t<\/span>\n\t\t<\/div>\n\t\t\t\t\t\t<\/div>\n\t\t\t\t<\/div>\n\t\t\t\t<div class=\"elementor-element elementor-element-8fd3f91 elementor-widget elementor-widget-heading\" data-id=\"8fd3f91\" data-element_type=\"widget\" data-e-type=\"widget\" data-widget_type=\"heading.default\">\n\t\t\t\t<div class=\"elementor-widget-container\">\n\t\t\t\t\t<h2 class=\"elementor-heading-title elementor-size-default\">Ajouter une cat\u00e9gorie<\/h2>\t\t\t\t<\/div>\n\t\t\t\t<\/div>\n\t\t\t\t<div class=\"elementor-element elementor-element-3bcda47 elementor-widget elementor-widget-text-editor\" data-id=\"3bcda47\" data-element_type=\"widget\" data-e-type=\"widget\" data-widget_type=\"text-editor.default\">\n\t\t\t\t<div class=\"elementor-widget-container\">\n\t\t\t\t\t\t\t\t\t<p>Deux m\u00e9thodes :<\/p><ol><li>\u00a0Via le menu <strong>Articles<\/strong> &#8211; <strong>Cat\u00e9gories<\/strong><br \/><img decoding=\"async\" src=\"http:\/\/www.philix.be\/luss\/wp-content\/uploads\/sites\/3\/2019\/07\/articlesCategories.png\" alt=\"articles cat\u00e9gories\" width=\"267\" height=\"118\" \/><br \/>Pour obtenir quelque chose comme :<br \/><img fetchpriority=\"high\" decoding=\"async\" src=\"http:\/\/www.philix.be\/luss\/wp-content\/uploads\/sites\/3\/2019\/07\/categoriesEcran.png\" alt=\"page cat\u00e9gories\" width=\"965\" height=\"842\" \/><br \/>Via cet \u00e9cran, vous pouvez ajouter, l&rsquo;une apr\u00e8s l&rsquo;autre, toutes les cat\u00e9gories (d&rsquo;article) que vous pensez utiliser \u00e0 l&rsquo;avenir.<br \/>Vous pourrez, bien s\u00fbr, y revenir plus tard pour en ajouter d&rsquo;autres.<\/li><li>Lors de l&rsquo;\u00e9dition (cr\u00e9ation ou modification) d&rsquo;un <strong>Article<\/strong>.<br \/>Dans la partie droite de l&rsquo;\u00e9cran, descendez quelque peu pour trouver la zone :<br \/><img decoding=\"async\" src=\"http:\/\/www.philix.be\/luss\/wp-content\/uploads\/sites\/3\/2019\/07\/articleChoixCategories.png\" alt=\"article ajout cat\u00e9gories\" width=\"291\" height=\"232\" \/><br \/>Vous y s\u00e9lectionner une ou plusieurs cat\u00e9gories existantes ou vous en cr\u00e9ez une nouvelle en cliquant sur <strong>Ajouter une nouvelle cat\u00e9gorie<\/strong>. La zone s&rsquo;agrandi, vous y ajoutez par exemple \u00ab\u00a0Google\u00a0\u00bb et cliquez \u00e0 nouveau sur\u00a0<strong style=\"font-family: Roboto, sans-serif; font-size: 16px; font-style: normal;\">Ajouter une nouvelle cat\u00e9gorie<\/strong> :<br \/><img loading=\"lazy\" decoding=\"async\" src=\"http:\/\/www.philix.be\/luss\/wp-content\/uploads\/sites\/3\/2019\/07\/articleAjoutCategorie.png\" alt=\"article ajout cat\u00e9gorie\" width=\"291\" height=\"370\" \/><\/li><\/ol>\t\t\t\t\t\t\t\t<\/div>\n\t\t\t\t<\/div>\n\t\t\t\t<div class=\"elementor-element elementor-element-185f6e1 elementor-widget-divider--view-line elementor-widget elementor-widget-divider\" data-id=\"185f6e1\" data-element_type=\"widget\" data-e-type=\"widget\" data-widget_type=\"divider.default\">\n\t\t\t\t<div class=\"elementor-widget-container\">\n\t\t\t\t\t\t\t<div class=\"elementor-divider\">\n\t\t\t<span class=\"elementor-divider-separator\">\n\t\t\t\t\t\t<\/span>\n\t\t<\/div>\n\t\t\t\t\t\t<\/div>\n\t\t\t\t<\/div>\n\t\t\t\t<div class=\"elementor-element elementor-element-4141db0 elementor-widget elementor-widget-heading\" data-id=\"4141db0\" data-element_type=\"widget\" data-e-type=\"widget\" data-widget_type=\"heading.default\">\n\t\t\t\t<div class=\"elementor-widget-container\">\n\t\t\t\t\t<h3 class=\"elementor-heading-title elementor-size-default\">Plus d'infos sur les cat\u00e9gories ?<\/h3>\t\t\t\t<\/div>\n\t\t\t\t<\/div>\n\t\t\t\t<div class=\"elementor-element elementor-element-dd81f14 elementor-widget elementor-widget-text-editor\" data-id=\"dd81f14\" data-element_type=\"widget\" data-e-type=\"widget\" data-widget_type=\"text-editor.default\">\n\t\t\t\t<div class=\"elementor-widget-container\">\n\t\t\t\t\t\t\t\t\t<p>C&rsquo;est <a href=\"https:\/\/wpformation.com\/categories-wordpress\/\">ici<\/a> !<\/p>\t\t\t\t\t\t\t\t<\/div>\n\t\t\t\t<\/div>\n\t\t\t\t<div class=\"elementor-element elementor-element-f8719f9 elementor-widget-divider--view-line elementor-widget elementor-widget-divider\" data-id=\"f8719f9\" data-element_type=\"widget\" data-e-type=\"widget\" data-widget_type=\"divider.default\">\n\t\t\t\t<div class=\"elementor-widget-container\">\n\t\t\t\t\t\t\t<div class=\"elementor-divider\">\n\t\t\t<span class=\"elementor-divider-separator\">\n\t\t\t\t\t\t<\/span>\n\t\t<\/div>\n\t\t\t\t\t\t<\/div>\n\t\t\t\t<\/div>\n\t\t\t\t<div class=\"elementor-element elementor-element-08b0ff8 elementor-widget elementor-widget-heading\" data-id=\"08b0ff8\" data-element_type=\"widget\" data-e-type=\"widget\" data-widget_type=\"heading.default\">\n\t\t\t\t<div class=\"elementor-widget-container\">\n\t\t\t\t\t<h3 class=\"elementor-heading-title elementor-size-default\">Exercice<\/h3>\t\t\t\t<\/div>\n\t\t\t\t<\/div>\n\t\t\t\t<div class=\"elementor-element elementor-element-42e3936 elementor-widget elementor-widget-text-editor\" data-id=\"42e3936\" data-element_type=\"widget\" data-e-type=\"widget\" data-widget_type=\"text-editor.default\">\n\t\t\t\t<div class=\"elementor-widget-container\">\n\t\t\t\t\t\t\t\t\t<p>Ajouter 3 cat\u00e9gories de votre choix sur votre site de d\u00e9veloppement, en utilisant la m\u00e9thode <strong>1.<\/strong> ci-dessus.<\/p>\t\t\t\t\t\t\t\t<\/div>\n\t\t\t\t<\/div>\n\t\t\t\t<div class=\"elementor-element elementor-element-409ea41 elementor-widget-divider--view-line elementor-widget elementor-widget-divider\" data-id=\"409ea41\" data-element_type=\"widget\" data-e-type=\"widget\" data-widget_type=\"divider.default\">\n\t\t\t\t<div class=\"elementor-widget-container\">\n\t\t\t\t\t\t\t<div class=\"elementor-divider\">\n\t\t\t<span class=\"elementor-divider-separator\">\n\t\t\t\t\t\t<\/span>\n\t\t<\/div>\n\t\t\t\t\t\t<\/div>\n\t\t\t\t<\/div>\n\t\t\t\t\t<\/div>\n\t\t<\/div>\n\t\t\t\t\t<\/div>\n\t\t<\/section>\n\t\t\t\t<section class=\"elementor-section elementor-inner-section elementor-element elementor-element-26c177a1 elementor-section-boxed elementor-section-height-default elementor-section-height-default\" data-id=\"26c177a1\" data-element_type=\"section\" data-e-type=\"section\">\n\t\t\t\t\t\t<div class=\"elementor-container elementor-column-gap-default\">\n\t\t\t\t\t<div class=\"elementor-column elementor-col-50 elementor-inner-column elementor-element elementor-element-355f4758\" data-id=\"355f4758\" data-element_type=\"column\" data-e-type=\"column\">\n\t\t\t<div class=\"elementor-widget-wrap elementor-element-populated\">\n\t\t\t\t\t\t<div class=\"elementor-element elementor-element-78b6dbca elementor-widget elementor-widget-text-editor\" data-id=\"78b6dbca\" data-element_type=\"widget\" data-e-type=\"widget\" data-widget_type=\"text-editor.default\">\n\t\t\t\t<div class=\"elementor-widget-container\">\n\t\t\t\t\t\t\t\t\t<p><a href=\"\/luss\/cours-editeurs\/les-medias\/\">\u21d0 Les M\u00e9dias<\/a><\/p>\t\t\t\t\t\t\t\t<\/div>\n\t\t\t\t<\/div>\n\t\t\t\t\t<\/div>\n\t\t<\/div>\n\t\t\t\t<div class=\"elementor-column elementor-col-50 elementor-inner-column elementor-element elementor-element-24bc329a\" data-id=\"24bc329a\" data-element_type=\"column\" data-e-type=\"column\">\n\t\t\t<div class=\"elementor-widget-wrap elementor-element-populated\">\n\t\t\t\t\t\t<div class=\"elementor-element elementor-element-ce5a49 elementor-widget elementor-widget-text-editor\" data-id=\"ce5a49\" data-element_type=\"widget\" data-e-type=\"widget\" data-widget_type=\"text-editor.default\">\n\t\t\t\t<div class=\"elementor-widget-container\">\n\t\t\t\t\t\t\t\t\t<p style=\"text-align: right;\"><a href=\"\/luss\/cours-editeurs\/les-widgets\/\">Les Widgets \u21d2<\/a><\/p>\t\t\t\t\t\t\t\t<\/div>\n\t\t\t\t<\/div>\n\t\t\t\t\t<\/div>\n\t\t<\/div>\n\t\t\t\t\t<\/div>\n\t\t<\/section>\n\t\t\t\t<\/div>\n\t\t","protected":false},"excerpt":{"rendered":"<p>Rappel Les Cat\u00e9gories sont uniquement attach\u00e9es aux Articles. D\u00e9finitions Vous entendrez souvent parler de Taxonomie ou Taxinomie. C&rsquo;est le terme utilis\u00e9 au d\u00e9part pour d\u00e9signer une branche de la biologie, qui a pour objet de d\u00e9crire les organismes vivants et<\/p>\n","protected":false},"author":1,"featured_media":0,"parent":956,"menu_order":5,"comment_status":"closed","ping_status":"closed","template":"","meta":{"footnotes":""},"class_list":["post-1906","page","type-page","status-publish","hentry"],"yoast_head":"<!-- This site is optimized with the Yoast SEO plugin v27.4 - https:\/\/yoast.com\/product\/yoast-seo-wordpress\/ -->\n<title>Les Cat\u00e9gories - WPLUSS<\/title>\n<meta name=\"robots\" content=\"index, follow, max-snippet:-1, max-image-preview:large, max-video-preview:-1\" \/>\n<link rel=\"canonical\" href=\"https:\/\/www.philix.be\/luss\/cours-editeurs\/les-categories\/\" \/>\n<meta property=\"og:locale\" content=\"fr_FR\" \/>\n<meta property=\"og:type\" content=\"article\" \/>\n<meta property=\"og:title\" content=\"Les Cat\u00e9gories - WPLUSS\" \/>\n<meta property=\"og:description\" content=\"Rappel Les Cat\u00e9gories sont uniquement attach\u00e9es aux Articles. D\u00e9finitions Vous entendrez souvent parler de Taxonomie ou Taxinomie. C&rsquo;est le terme utilis\u00e9 au d\u00e9part pour d\u00e9signer une branche de la biologie, qui a pour objet de d\u00e9crire les organismes vivants et\" \/>\n<meta property=\"og:url\" content=\"https:\/\/www.philix.be\/luss\/cours-editeurs\/les-categories\/\" \/>\n<meta property=\"og:site_name\" content=\"WPLUSS\" \/>\n<meta property=\"article:modified_time\" content=\"2019-08-08T09:03:01+00:00\" \/>\n<meta property=\"og:image\" content=\"http:\/\/www.philix.be\/luss\/wp-content\/uploads\/sites\/3\/2019\/07\/articlesCategories.png\" \/>\n<meta name=\"twitter:card\" content=\"summary_large_image\" \/>\n<meta name=\"twitter:label1\" content=\"Dur\u00e9e de lecture estim\u00e9e\" \/>\n\t<meta name=\"twitter:data1\" content=\"2 minutes\" \/>\n<script type=\"application\/ld+json\" class=\"yoast-schema-graph\">{\"@context\":\"https:\\\/\\\/schema.org\",\"@graph\":[{\"@type\":\"WebPage\",\"@id\":\"https:\\\/\\\/www.philix.be\\\/luss\\\/cours-editeurs\\\/les-categories\\\/\",\"url\":\"https:\\\/\\\/www.philix.be\\\/luss\\\/cours-editeurs\\\/les-categories\\\/\",\"name\":\"Les Cat\u00e9gories - WPLUSS\",\"isPartOf\":{\"@id\":\"https:\\\/\\\/www.philix.be\\\/luss\\\/#website\"},\"primaryImageOfPage\":{\"@id\":\"https:\\\/\\\/www.philix.be\\\/luss\\\/cours-editeurs\\\/les-categories\\\/#primaryimage\"},\"image\":{\"@id\":\"https:\\\/\\\/www.philix.be\\\/luss\\\/cours-editeurs\\\/les-categories\\\/#primaryimage\"},\"thumbnailUrl\":\"http:\\\/\\\/www.philix.be\\\/luss\\\/wp-content\\\/uploads\\\/sites\\\/3\\\/2019\\\/07\\\/articlesCategories.png\",\"datePublished\":\"2019-07-29T05:48:14+00:00\",\"dateModified\":\"2019-08-08T09:03:01+00:00\",\"breadcrumb\":{\"@id\":\"https:\\\/\\\/www.philix.be\\\/luss\\\/cours-editeurs\\\/les-categories\\\/#breadcrumb\"},\"inLanguage\":\"fr-FR\",\"potentialAction\":[{\"@type\":\"ReadAction\",\"target\":[\"https:\\\/\\\/www.philix.be\\\/luss\\\/cours-editeurs\\\/les-categories\\\/\"]}]},{\"@type\":\"ImageObject\",\"inLanguage\":\"fr-FR\",\"@id\":\"https:\\\/\\\/www.philix.be\\\/luss\\\/cours-editeurs\\\/les-categories\\\/#primaryimage\",\"url\":\"http:\\\/\\\/www.philix.be\\\/luss\\\/wp-content\\\/uploads\\\/sites\\\/3\\\/2019\\\/07\\\/articlesCategories.png\",\"contentUrl\":\"http:\\\/\\\/www.philix.be\\\/luss\\\/wp-content\\\/uploads\\\/sites\\\/3\\\/2019\\\/07\\\/articlesCategories.png\"},{\"@type\":\"BreadcrumbList\",\"@id\":\"https:\\\/\\\/www.philix.be\\\/luss\\\/cours-editeurs\\\/les-categories\\\/#breadcrumb\",\"itemListElement\":[{\"@type\":\"ListItem\",\"position\":1,\"name\":\"Cours \u00c9diteurs\",\"item\":\"https:\\\/\\\/www.philix.be\\\/luss\\\/cours-editeurs\\\/\"},{\"@type\":\"ListItem\",\"position\":2,\"name\":\"Les Cat\u00e9gories\"}]},{\"@type\":\"WebSite\",\"@id\":\"https:\\\/\\\/www.philix.be\\\/luss\\\/#website\",\"url\":\"https:\\\/\\\/www.philix.be\\\/luss\\\/\",\"name\":\"WPLUSS\",\"description\":\"Les sites de Ph\u00a1l\u00a1x\",\"publisher\":{\"@id\":\"https:\\\/\\\/www.philix.be\\\/luss\\\/#organization\"},\"potentialAction\":[{\"@type\":\"SearchAction\",\"target\":{\"@type\":\"EntryPoint\",\"urlTemplate\":\"https:\\\/\\\/www.philix.be\\\/luss\\\/?s={search_term_string}\"},\"query-input\":{\"@type\":\"PropertyValueSpecification\",\"valueRequired\":true,\"valueName\":\"search_term_string\"}}],\"inLanguage\":\"fr-FR\"},{\"@type\":\"Organization\",\"@id\":\"https:\\\/\\\/www.philix.be\\\/luss\\\/#organization\",\"name\":\"WPLUSS\",\"url\":\"https:\\\/\\\/www.philix.be\\\/luss\\\/\",\"logo\":{\"@type\":\"ImageObject\",\"inLanguage\":\"fr-FR\",\"@id\":\"https:\\\/\\\/www.philix.be\\\/luss\\\/#\\\/schema\\\/logo\\\/image\\\/\",\"url\":\"https:\\\/\\\/www.philix.be\\\/luss\\\/wp-content\\\/uploads\\\/sites\\\/3\\\/2017\\\/03\\\/cropped-wordpress-1415678_960_720-e1489930624872-1.png\",\"contentUrl\":\"https:\\\/\\\/www.philix.be\\\/luss\\\/wp-content\\\/uploads\\\/sites\\\/3\\\/2017\\\/03\\\/cropped-wordpress-1415678_960_720-e1489930624872-1.png\",\"width\":100,\"height\":100,\"caption\":\"WPLUSS\"},\"image\":{\"@id\":\"https:\\\/\\\/www.philix.be\\\/luss\\\/#\\\/schema\\\/logo\\\/image\\\/\"}}]}<\/script>\n<!-- \/ Yoast SEO plugin. -->","yoast_head_json":{"title":"Les Cat\u00e9gories - WPLUSS","robots":{"index":"index","follow":"follow","max-snippet":"max-snippet:-1","max-image-preview":"max-image-preview:large","max-video-preview":"max-video-preview:-1"},"canonical":"https:\/\/www.philix.be\/luss\/cours-editeurs\/les-categories\/","og_locale":"fr_FR","og_type":"article","og_title":"Les Cat\u00e9gories - WPLUSS","og_description":"Rappel Les Cat\u00e9gories sont uniquement attach\u00e9es aux Articles. D\u00e9finitions Vous entendrez souvent parler de Taxonomie ou Taxinomie. C&rsquo;est le terme utilis\u00e9 au d\u00e9part pour d\u00e9signer une branche de la biologie, qui a pour objet de d\u00e9crire les organismes vivants et","og_url":"https:\/\/www.philix.be\/luss\/cours-editeurs\/les-categories\/","og_site_name":"WPLUSS","article_modified_time":"2019-08-08T09:03:01+00:00","og_image":[{"url":"http:\/\/www.philix.be\/luss\/wp-content\/uploads\/sites\/3\/2019\/07\/articlesCategories.png","type":"","width":"","height":""}],"twitter_card":"summary_large_image","twitter_misc":{"Dur\u00e9e de lecture estim\u00e9e":"2 minutes"},"schema":{"@context":"https:\/\/schema.org","@graph":[{"@type":"WebPage","@id":"https:\/\/www.philix.be\/luss\/cours-editeurs\/les-categories\/","url":"https:\/\/www.philix.be\/luss\/cours-editeurs\/les-categories\/","name":"Les Cat\u00e9gories - WPLUSS","isPartOf":{"@id":"https:\/\/www.philix.be\/luss\/#website"},"primaryImageOfPage":{"@id":"https:\/\/www.philix.be\/luss\/cours-editeurs\/les-categories\/#primaryimage"},"image":{"@id":"https:\/\/www.philix.be\/luss\/cours-editeurs\/les-categories\/#primaryimage"},"thumbnailUrl":"http:\/\/www.philix.be\/luss\/wp-content\/uploads\/sites\/3\/2019\/07\/articlesCategories.png","datePublished":"2019-07-29T05:48:14+00:00","dateModified":"2019-08-08T09:03:01+00:00","breadcrumb":{"@id":"https:\/\/www.philix.be\/luss\/cours-editeurs\/les-categories\/#breadcrumb"},"inLanguage":"fr-FR","potentialAction":[{"@type":"ReadAction","target":["https:\/\/www.philix.be\/luss\/cours-editeurs\/les-categories\/"]}]},{"@type":"ImageObject","inLanguage":"fr-FR","@id":"https:\/\/www.philix.be\/luss\/cours-editeurs\/les-categories\/#primaryimage","url":"http:\/\/www.philix.be\/luss\/wp-content\/uploads\/sites\/3\/2019\/07\/articlesCategories.png","contentUrl":"http:\/\/www.philix.be\/luss\/wp-content\/uploads\/sites\/3\/2019\/07\/articlesCategories.png"},{"@type":"BreadcrumbList","@id":"https:\/\/www.philix.be\/luss\/cours-editeurs\/les-categories\/#breadcrumb","itemListElement":[{"@type":"ListItem","position":1,"name":"Cours \u00c9diteurs","item":"https:\/\/www.philix.be\/luss\/cours-editeurs\/"},{"@type":"ListItem","position":2,"name":"Les Cat\u00e9gories"}]},{"@type":"WebSite","@id":"https:\/\/www.philix.be\/luss\/#website","url":"https:\/\/www.philix.be\/luss\/","name":"WPLUSS","description":"Les sites de Ph\u00a1l\u00a1x","publisher":{"@id":"https:\/\/www.philix.be\/luss\/#organization"},"potentialAction":[{"@type":"SearchAction","target":{"@type":"EntryPoint","urlTemplate":"https:\/\/www.philix.be\/luss\/?s={search_term_string}"},"query-input":{"@type":"PropertyValueSpecification","valueRequired":true,"valueName":"search_term_string"}}],"inLanguage":"fr-FR"},{"@type":"Organization","@id":"https:\/\/www.philix.be\/luss\/#organization","name":"WPLUSS","url":"https:\/\/www.philix.be\/luss\/","logo":{"@type":"ImageObject","inLanguage":"fr-FR","@id":"https:\/\/www.philix.be\/luss\/#\/schema\/logo\/image\/","url":"https:\/\/www.philix.be\/luss\/wp-content\/uploads\/sites\/3\/2017\/03\/cropped-wordpress-1415678_960_720-e1489930624872-1.png","contentUrl":"https:\/\/www.philix.be\/luss\/wp-content\/uploads\/sites\/3\/2017\/03\/cropped-wordpress-1415678_960_720-e1489930624872-1.png","width":100,"height":100,"caption":"WPLUSS"},"image":{"@id":"https:\/\/www.philix.be\/luss\/#\/schema\/logo\/image\/"}}]}},"_links":{"self":[{"href":"https:\/\/www.philix.be\/luss\/wp-json\/wp\/v2\/pages\/1906","targetHints":{"allow":["GET"]}}],"collection":[{"href":"https:\/\/www.philix.be\/luss\/wp-json\/wp\/v2\/pages"}],"about":[{"href":"https:\/\/www.philix.be\/luss\/wp-json\/wp\/v2\/types\/page"}],"author":[{"embeddable":true,"href":"https:\/\/www.philix.be\/luss\/wp-json\/wp\/v2\/users\/1"}],"replies":[{"embeddable":true,"href":"https:\/\/www.philix.be\/luss\/wp-json\/wp\/v2\/comments?post=1906"}],"version-history":[{"count":0,"href":"https:\/\/www.philix.be\/luss\/wp-json\/wp\/v2\/pages\/1906\/revisions"}],"up":[{"embeddable":true,"href":"https:\/\/www.philix.be\/luss\/wp-json\/wp\/v2\/pages\/956"}],"wp:attachment":[{"href":"https:\/\/www.philix.be\/luss\/wp-json\/wp\/v2\/media?parent=1906"}],"curies":[{"name":"wp","href":"https:\/\/api.w.org\/{rel}","templated":true}]}}