{"id":1933,"date":"2019-07-29T12:04:29","date_gmt":"2019-07-29T10:04:29","guid":{"rendered":"http:\/\/www.philix.be\/luss\/?page_id=1933"},"modified":"2019-08-08T11:03:52","modified_gmt":"2019-08-08T09:03:52","slug":"les-menus","status":"publish","type":"page","link":"https:\/\/www.philix.be\/luss\/cours-editeurs\/les-menus\/","title":{"rendered":"Les Menus"},"content":{"rendered":"\t\t<div data-elementor-type=\"wp-post\" data-elementor-id=\"1933\" class=\"elementor elementor-1933\">\n\t\t\t\t\t\t<section class=\"elementor-section elementor-top-section elementor-element elementor-element-1e0ab47 elementor-section-boxed elementor-section-height-default elementor-section-height-default\" data-id=\"1e0ab47\" data-element_type=\"section\" data-e-type=\"section\">\n\t\t\t\t\t\t<div class=\"elementor-container elementor-column-gap-default\">\n\t\t\t\t\t<div class=\"elementor-column elementor-col-100 elementor-top-column elementor-element elementor-element-683e9bf\" data-id=\"683e9bf\" data-element_type=\"column\" data-e-type=\"column\">\n\t\t\t<div class=\"elementor-widget-wrap elementor-element-populated\">\n\t\t\t\t\t\t<div class=\"elementor-element elementor-element-7506ce3 elementor-widget elementor-widget-text-editor\" data-id=\"7506ce3\" data-element_type=\"widget\" data-e-type=\"widget\" data-widget_type=\"text-editor.default\">\n\t\t\t\t<div class=\"elementor-widget-container\">\n\t\t\t\t\t\t\t\t\t<p>Cette partie du cours a \u00e9galement \u00e9t\u00e9 donn\u00e9e lors du cours \u00ab\u00a0Admin\u00a0\u00bb. C&rsquo;est donc pour certains une r\u00e9vision \ud83d\ude09<\/p>\t\t\t\t\t\t\t\t<\/div>\n\t\t\t\t<\/div>\n\t\t\t\t<div class=\"elementor-element elementor-element-42ba6ae elementor-widget-divider--view-line elementor-widget elementor-widget-divider\" data-id=\"42ba6ae\" data-element_type=\"widget\" data-e-type=\"widget\" data-widget_type=\"divider.default\">\n\t\t\t\t<div class=\"elementor-widget-container\">\n\t\t\t\t\t\t\t<div class=\"elementor-divider\">\n\t\t\t<span class=\"elementor-divider-separator\">\n\t\t\t\t\t\t<\/span>\n\t\t<\/div>\n\t\t\t\t\t\t<\/div>\n\t\t\t\t<\/div>\n\t\t\t\t<div class=\"elementor-element elementor-element-2d0aaab elementor-widget elementor-widget-text-editor\" data-id=\"2d0aaab\" data-element_type=\"widget\" data-e-type=\"widget\" data-widget_type=\"text-editor.default\">\n\t\t\t\t<div class=\"elementor-widget-container\">\n\t\t\t\t\t\t\t\t\t<p>Votre th\u00e8me comporte un ou plusieurs emplacements de menu. A vous de voir si vous en avez besoin d&rsquo;un ou de plusieurs.<\/p><p>De toute mani\u00e8re, cela ne change rien \u00e0 la construction d&rsquo;un menu qui est ind\u00e9pendante de son emplacement.<\/p><h4>Comment configurer un menu ?<\/h4><p>Rendez-vous dans le menu \u00ab\u00a0Apparence &gt; Menus\u00a0\u00bb.<br \/>Premi\u00e8re action : cr\u00e9er le menu, lui donner un nom et le sauvegarder.<\/p><p><img fetchpriority=\"high\" decoding=\"async\" src=\"https:\/\/www.philix.be\/luss\/wp-content\/uploads\/sites\/3\/2019\/06\/creerMenu.png\" alt=\"cr\u00e9er menu\" width=\"565\" height=\"208\" \/><\/p><p>C&rsquo;est fait ?<br \/>Attention, si vous avez un site multilingue, n&rsquo;h\u00e9sitez pas \u00e0 lui donner un nom termin\u00e9 par FR, NL, EN, etc. c&rsquo;est bien pratique pour s&rsquo;y retrouver !<\/p><p>Il reste maintenant \u00e0 ajouter des \u00e9l\u00e9ments \u00e0 votre menu.<\/p><div style=\"margin: 15px; padding: 10px; border: 1px solid #222; border-radius: 5px;\"><p>Mais auparavant, quelques remarques pr\u00e9liminaires s&rsquo;imposent :<\/p><ul><li>\u00c9vitez un menu avec 250 entr\u00e9es !<\/li><li>\u00c9vitez trop de sous niveaux. Vos lecteurs s&rsquo;y perdraient !<\/li><li>Utilisez des noms courts et parlant &#8230; quand c&rsquo;est possible.<\/li><\/ul><\/div><h4>Comment ajouter des pages dans votre menu ?<\/h4><p>Les pages sont dans la partie gauche de l\u2019\u00e9cran de menu dans la partie \u00ab\u00a0<strong>Ajouter des \u00e9l\u00e9ments de menu<\/strong>\u00a0\u00bb :<\/p><p><img decoding=\"async\" src=\"https:\/\/www.philix.be\/luss\/wp-content\/uploads\/sites\/3\/2019\/06\/ajoutPageMenu.png\" alt=\"ajout page menu\" width=\"560\" height=\"382\" \/><\/p><p>Pour ajouter une page au menu, cochez la page \u00e0 ins\u00e9rer puis cliquez sur \u00ab\u00a0<strong>Ajouter au menu<\/strong>\u00ab\u00a0.<\/p><h4>Comment organiser les \u00e9l\u00e9ments d\u2019un menu (sous-menu) ?<\/h4><p>C&rsquo;est simple,\u00a0passez la souris au-dessus d\u2019un \u00e9l\u00e9ment pour voir appara\u00eetre un curseur avec quatre fl\u00e8ches.<\/p><ul><li>Glisser\/ D\u00e9poser lat\u00e9ralement pour cr\u00e9er une sous-entr\u00e9e.<\/li><li><span style=\"font-family: Roboto, sans-serif; font-size: 16px; font-style: normal; font-weight: 400;\">Glisser\/ D\u00e9poser<\/span>\u00a0verticalement pour changer la place d&rsquo;une entr\u00e9e de menu.<\/li><\/ul><h4>Supprimer une entr\u00e9e de menu ?<\/h4><p>Facile ! Ouvrez le menu en cliquant sur la petite fl\u00e8che noire \u00e0 sa droite :<\/p><p><img decoding=\"async\" src=\"https:\/\/www.philix.be\/luss\/wp-content\/uploads\/sites\/3\/2019\/06\/supprMenu.png\" alt=\"supprimer menu\" width=\"428\" height=\"54\" \/><\/p><p>Cliquez ensuite sur \u00ab\u00a0<strong>Retirer<\/strong>\u00a0\u00bb :<\/p><p><img loading=\"lazy\" decoding=\"async\" src=\"https:\/\/www.philix.be\/luss\/wp-content\/uploads\/sites\/3\/2019\/06\/supprMenu2.png\" alt=\"retirer menu\" width=\"425\" height=\"381\" \/><\/p>\t\t\t\t\t\t\t\t<\/div>\n\t\t\t\t<\/div>\n\t\t\t\t<div class=\"elementor-element elementor-element-41fd546 elementor-widget-divider--view-line elementor-widget elementor-widget-divider\" data-id=\"41fd546\" data-element_type=\"widget\" data-e-type=\"widget\" data-widget_type=\"divider.default\">\n\t\t\t\t<div class=\"elementor-widget-container\">\n\t\t\t\t\t\t\t<div class=\"elementor-divider\">\n\t\t\t<span class=\"elementor-divider-separator\">\n\t\t\t\t\t\t<\/span>\n\t\t<\/div>\n\t\t\t\t\t\t<\/div>\n\t\t\t\t<\/div>\n\t\t\t\t\t<\/div>\n\t\t<\/div>\n\t\t\t\t\t<\/div>\n\t\t<\/section>\n\t\t\t\t<section class=\"elementor-section elementor-inner-section elementor-element elementor-element-5bdb711d elementor-section-boxed elementor-section-height-default elementor-section-height-default\" data-id=\"5bdb711d\" data-element_type=\"section\" data-e-type=\"section\">\n\t\t\t\t\t\t<div class=\"elementor-container elementor-column-gap-default\">\n\t\t\t\t\t<div class=\"elementor-column elementor-col-50 elementor-inner-column elementor-element elementor-element-54beac46\" data-id=\"54beac46\" data-element_type=\"column\" data-e-type=\"column\">\n\t\t\t<div class=\"elementor-widget-wrap elementor-element-populated\">\n\t\t\t\t\t\t<div class=\"elementor-element elementor-element-b35721e elementor-widget elementor-widget-text-editor\" data-id=\"b35721e\" data-element_type=\"widget\" data-e-type=\"widget\" data-widget_type=\"text-editor.default\">\n\t\t\t\t<div class=\"elementor-widget-container\">\n\t\t\t\t\t\t\t\t\t<p><a href=\"\/luss\/cours-editeurs\/les-widgets\/\">\u21d0 Les Widgets<\/a><\/p>\t\t\t\t\t\t\t\t<\/div>\n\t\t\t\t<\/div>\n\t\t\t\t\t<\/div>\n\t\t<\/div>\n\t\t\t\t<div class=\"elementor-column elementor-col-50 elementor-inner-column elementor-element elementor-element-6ce77b87\" data-id=\"6ce77b87\" data-element_type=\"column\" data-e-type=\"column\">\n\t\t\t<div class=\"elementor-widget-wrap elementor-element-populated\">\n\t\t\t\t\t\t<div class=\"elementor-element elementor-element-55e12e36 elementor-widget elementor-widget-text-editor\" data-id=\"55e12e36\" data-element_type=\"widget\" data-e-type=\"widget\" data-widget_type=\"text-editor.default\">\n\t\t\t\t<div class=\"elementor-widget-container\">\n\t\t\t\t\t\t\t\t\t<p style=\"text-align: right;\"><a href=\"\/luss\/cours-editeurs\/exercices-editeurs-1\/\">Exercices \u21d2<\/a><\/p>\t\t\t\t\t\t\t\t<\/div>\n\t\t\t\t<\/div>\n\t\t\t\t\t<\/div>\n\t\t<\/div>\n\t\t\t\t\t<\/div>\n\t\t<\/section>\n\t\t\t\t<\/div>\n\t\t","protected":false},"excerpt":{"rendered":"<p>Cette partie du cours a \u00e9galement \u00e9t\u00e9 donn\u00e9e lors du cours \u00ab\u00a0Admin\u00a0\u00bb. C&rsquo;est donc pour certains une r\u00e9vision \ud83d\ude09 Votre th\u00e8me comporte un ou plusieurs emplacements de menu. A vous de voir si vous en avez besoin d&rsquo;un ou de<\/p>\n","protected":false},"author":1,"featured_media":0,"parent":956,"menu_order":7,"comment_status":"closed","ping_status":"closed","template":"","meta":{"footnotes":""},"class_list":["post-1933","page","type-page","status-publish","hentry"],"yoast_head":"<!-- This site is optimized with the Yoast SEO plugin v27.5 - https:\/\/yoast.com\/product\/yoast-seo-wordpress\/ -->\n<title>Les Menus - WPLUSS<\/title>\n<meta name=\"robots\" content=\"index, follow, max-snippet:-1, max-image-preview:large, max-video-preview:-1\" \/>\n<link rel=\"canonical\" href=\"https:\/\/www.philix.be\/luss\/cours-editeurs\/les-menus\/\" \/>\n<meta property=\"og:locale\" content=\"fr_FR\" \/>\n<meta property=\"og:type\" content=\"article\" \/>\n<meta property=\"og:title\" content=\"Les Menus - WPLUSS\" \/>\n<meta property=\"og:description\" content=\"Cette partie du cours a \u00e9galement \u00e9t\u00e9 donn\u00e9e lors du cours \u00ab\u00a0Admin\u00a0\u00bb. C&rsquo;est donc pour certains une r\u00e9vision \ud83d\ude09 Votre th\u00e8me comporte un ou plusieurs emplacements de menu. A vous de voir si vous en avez besoin d&rsquo;un ou de\" \/>\n<meta property=\"og:url\" content=\"https:\/\/www.philix.be\/luss\/cours-editeurs\/les-menus\/\" \/>\n<meta property=\"og:site_name\" content=\"WPLUSS\" \/>\n<meta property=\"article:modified_time\" content=\"2019-08-08T09:03:52+00:00\" \/>\n<meta property=\"og:image\" content=\"https:\/\/www.philix.be\/luss\/wp-content\/uploads\/sites\/3\/2019\/06\/creerMenu.png\" \/>\n<meta name=\"twitter:card\" content=\"summary_large_image\" \/>\n<meta name=\"twitter:label1\" content=\"Dur\u00e9e de lecture estim\u00e9e\" \/>\n\t<meta name=\"twitter:data1\" content=\"1 minute\" \/>\n<script type=\"application\/ld+json\" class=\"yoast-schema-graph\">{\"@context\":\"https:\\\/\\\/schema.org\",\"@graph\":[{\"@type\":\"WebPage\",\"@id\":\"https:\\\/\\\/www.philix.be\\\/luss\\\/cours-editeurs\\\/les-menus\\\/\",\"url\":\"https:\\\/\\\/www.philix.be\\\/luss\\\/cours-editeurs\\\/les-menus\\\/\",\"name\":\"Les Menus - WPLUSS\",\"isPartOf\":{\"@id\":\"https:\\\/\\\/www.philix.be\\\/luss\\\/#website\"},\"primaryImageOfPage\":{\"@id\":\"https:\\\/\\\/www.philix.be\\\/luss\\\/cours-editeurs\\\/les-menus\\\/#primaryimage\"},\"image\":{\"@id\":\"https:\\\/\\\/www.philix.be\\\/luss\\\/cours-editeurs\\\/les-menus\\\/#primaryimage\"},\"thumbnailUrl\":\"https:\\\/\\\/www.philix.be\\\/luss\\\/wp-content\\\/uploads\\\/sites\\\/3\\\/2019\\\/06\\\/creerMenu.png\",\"datePublished\":\"2019-07-29T10:04:29+00:00\",\"dateModified\":\"2019-08-08T09:03:52+00:00\",\"breadcrumb\":{\"@id\":\"https:\\\/\\\/www.philix.be\\\/luss\\\/cours-editeurs\\\/les-menus\\\/#breadcrumb\"},\"inLanguage\":\"fr-FR\",\"potentialAction\":[{\"@type\":\"ReadAction\",\"target\":[\"https:\\\/\\\/www.philix.be\\\/luss\\\/cours-editeurs\\\/les-menus\\\/\"]}]},{\"@type\":\"ImageObject\",\"inLanguage\":\"fr-FR\",\"@id\":\"https:\\\/\\\/www.philix.be\\\/luss\\\/cours-editeurs\\\/les-menus\\\/#primaryimage\",\"url\":\"https:\\\/\\\/www.philix.be\\\/luss\\\/wp-content\\\/uploads\\\/sites\\\/3\\\/2019\\\/06\\\/creerMenu.png\",\"contentUrl\":\"https:\\\/\\\/www.philix.be\\\/luss\\\/wp-content\\\/uploads\\\/sites\\\/3\\\/2019\\\/06\\\/creerMenu.png\",\"width\":565,\"height\":208,\"caption\":\"cr\u00e9er menu\"},{\"@type\":\"BreadcrumbList\",\"@id\":\"https:\\\/\\\/www.philix.be\\\/luss\\\/cours-editeurs\\\/les-menus\\\/#breadcrumb\",\"itemListElement\":[{\"@type\":\"ListItem\",\"position\":1,\"name\":\"Cours \u00c9diteurs\",\"item\":\"https:\\\/\\\/www.philix.be\\\/luss\\\/cours-editeurs\\\/\"},{\"@type\":\"ListItem\",\"position\":2,\"name\":\"Les Menus\"}]},{\"@type\":\"WebSite\",\"@id\":\"https:\\\/\\\/www.philix.be\\\/luss\\\/#website\",\"url\":\"https:\\\/\\\/www.philix.be\\\/luss\\\/\",\"name\":\"WPLUSS\",\"description\":\"Les sites de Ph\u00a1l\u00a1x\",\"publisher\":{\"@id\":\"https:\\\/\\\/www.philix.be\\\/luss\\\/#organization\"},\"potentialAction\":[{\"@type\":\"SearchAction\",\"target\":{\"@type\":\"EntryPoint\",\"urlTemplate\":\"https:\\\/\\\/www.philix.be\\\/luss\\\/?s={search_term_string}\"},\"query-input\":{\"@type\":\"PropertyValueSpecification\",\"valueRequired\":true,\"valueName\":\"search_term_string\"}}],\"inLanguage\":\"fr-FR\"},{\"@type\":\"Organization\",\"@id\":\"https:\\\/\\\/www.philix.be\\\/luss\\\/#organization\",\"name\":\"WPLUSS\",\"url\":\"https:\\\/\\\/www.philix.be\\\/luss\\\/\",\"logo\":{\"@type\":\"ImageObject\",\"inLanguage\":\"fr-FR\",\"@id\":\"https:\\\/\\\/www.philix.be\\\/luss\\\/#\\\/schema\\\/logo\\\/image\\\/\",\"url\":\"https:\\\/\\\/www.philix.be\\\/luss\\\/wp-content\\\/uploads\\\/sites\\\/3\\\/2017\\\/03\\\/cropped-wordpress-1415678_960_720-e1489930624872-1.png\",\"contentUrl\":\"https:\\\/\\\/www.philix.be\\\/luss\\\/wp-content\\\/uploads\\\/sites\\\/3\\\/2017\\\/03\\\/cropped-wordpress-1415678_960_720-e1489930624872-1.png\",\"width\":100,\"height\":100,\"caption\":\"WPLUSS\"},\"image\":{\"@id\":\"https:\\\/\\\/www.philix.be\\\/luss\\\/#\\\/schema\\\/logo\\\/image\\\/\"}}]}<\/script>\n<!-- \/ Yoast SEO plugin. -->","yoast_head_json":{"title":"Les Menus - WPLUSS","robots":{"index":"index","follow":"follow","max-snippet":"max-snippet:-1","max-image-preview":"max-image-preview:large","max-video-preview":"max-video-preview:-1"},"canonical":"https:\/\/www.philix.be\/luss\/cours-editeurs\/les-menus\/","og_locale":"fr_FR","og_type":"article","og_title":"Les Menus - WPLUSS","og_description":"Cette partie du cours a \u00e9galement \u00e9t\u00e9 donn\u00e9e lors du cours \u00ab\u00a0Admin\u00a0\u00bb. C&rsquo;est donc pour certains une r\u00e9vision \ud83d\ude09 Votre th\u00e8me comporte un ou plusieurs emplacements de menu. A vous de voir si vous en avez besoin d&rsquo;un ou de","og_url":"https:\/\/www.philix.be\/luss\/cours-editeurs\/les-menus\/","og_site_name":"WPLUSS","article_modified_time":"2019-08-08T09:03:52+00:00","og_image":[{"url":"https:\/\/www.philix.be\/luss\/wp-content\/uploads\/sites\/3\/2019\/06\/creerMenu.png","type":"","width":"","height":""}],"twitter_card":"summary_large_image","twitter_misc":{"Dur\u00e9e de lecture estim\u00e9e":"1 minute"},"schema":{"@context":"https:\/\/schema.org","@graph":[{"@type":"WebPage","@id":"https:\/\/www.philix.be\/luss\/cours-editeurs\/les-menus\/","url":"https:\/\/www.philix.be\/luss\/cours-editeurs\/les-menus\/","name":"Les Menus - WPLUSS","isPartOf":{"@id":"https:\/\/www.philix.be\/luss\/#website"},"primaryImageOfPage":{"@id":"https:\/\/www.philix.be\/luss\/cours-editeurs\/les-menus\/#primaryimage"},"image":{"@id":"https:\/\/www.philix.be\/luss\/cours-editeurs\/les-menus\/#primaryimage"},"thumbnailUrl":"https:\/\/www.philix.be\/luss\/wp-content\/uploads\/sites\/3\/2019\/06\/creerMenu.png","datePublished":"2019-07-29T10:04:29+00:00","dateModified":"2019-08-08T09:03:52+00:00","breadcrumb":{"@id":"https:\/\/www.philix.be\/luss\/cours-editeurs\/les-menus\/#breadcrumb"},"inLanguage":"fr-FR","potentialAction":[{"@type":"ReadAction","target":["https:\/\/www.philix.be\/luss\/cours-editeurs\/les-menus\/"]}]},{"@type":"ImageObject","inLanguage":"fr-FR","@id":"https:\/\/www.philix.be\/luss\/cours-editeurs\/les-menus\/#primaryimage","url":"https:\/\/www.philix.be\/luss\/wp-content\/uploads\/sites\/3\/2019\/06\/creerMenu.png","contentUrl":"https:\/\/www.philix.be\/luss\/wp-content\/uploads\/sites\/3\/2019\/06\/creerMenu.png","width":565,"height":208,"caption":"cr\u00e9er menu"},{"@type":"BreadcrumbList","@id":"https:\/\/www.philix.be\/luss\/cours-editeurs\/les-menus\/#breadcrumb","itemListElement":[{"@type":"ListItem","position":1,"name":"Cours \u00c9diteurs","item":"https:\/\/www.philix.be\/luss\/cours-editeurs\/"},{"@type":"ListItem","position":2,"name":"Les Menus"}]},{"@type":"WebSite","@id":"https:\/\/www.philix.be\/luss\/#website","url":"https:\/\/www.philix.be\/luss\/","name":"WPLUSS","description":"Les sites de Ph\u00a1l\u00a1x","publisher":{"@id":"https:\/\/www.philix.be\/luss\/#organization"},"potentialAction":[{"@type":"SearchAction","target":{"@type":"EntryPoint","urlTemplate":"https:\/\/www.philix.be\/luss\/?s={search_term_string}"},"query-input":{"@type":"PropertyValueSpecification","valueRequired":true,"valueName":"search_term_string"}}],"inLanguage":"fr-FR"},{"@type":"Organization","@id":"https:\/\/www.philix.be\/luss\/#organization","name":"WPLUSS","url":"https:\/\/www.philix.be\/luss\/","logo":{"@type":"ImageObject","inLanguage":"fr-FR","@id":"https:\/\/www.philix.be\/luss\/#\/schema\/logo\/image\/","url":"https:\/\/www.philix.be\/luss\/wp-content\/uploads\/sites\/3\/2017\/03\/cropped-wordpress-1415678_960_720-e1489930624872-1.png","contentUrl":"https:\/\/www.philix.be\/luss\/wp-content\/uploads\/sites\/3\/2017\/03\/cropped-wordpress-1415678_960_720-e1489930624872-1.png","width":100,"height":100,"caption":"WPLUSS"},"image":{"@id":"https:\/\/www.philix.be\/luss\/#\/schema\/logo\/image\/"}}]}},"_links":{"self":[{"href":"https:\/\/www.philix.be\/luss\/wp-json\/wp\/v2\/pages\/1933","targetHints":{"allow":["GET"]}}],"collection":[{"href":"https:\/\/www.philix.be\/luss\/wp-json\/wp\/v2\/pages"}],"about":[{"href":"https:\/\/www.philix.be\/luss\/wp-json\/wp\/v2\/types\/page"}],"author":[{"embeddable":true,"href":"https:\/\/www.philix.be\/luss\/wp-json\/wp\/v2\/users\/1"}],"replies":[{"embeddable":true,"href":"https:\/\/www.philix.be\/luss\/wp-json\/wp\/v2\/comments?post=1933"}],"version-history":[{"count":0,"href":"https:\/\/www.philix.be\/luss\/wp-json\/wp\/v2\/pages\/1933\/revisions"}],"up":[{"embeddable":true,"href":"https:\/\/www.philix.be\/luss\/wp-json\/wp\/v2\/pages\/956"}],"wp:attachment":[{"href":"https:\/\/www.philix.be\/luss\/wp-json\/wp\/v2\/media?parent=1933"}],"curies":[{"name":"wp","href":"https:\/\/api.w.org\/{rel}","templated":true}]}}