{"id":2263,"date":"2019-08-11T15:11:11","date_gmt":"2019-08-11T13:11:11","guid":{"rendered":"http:\/\/www.philix.be\/luss\/?page_id=2263"},"modified":"2019-08-21T13:28:22","modified_gmt":"2019-08-21T11:28:22","slug":"divi-les-bases","status":"publish","type":"page","link":"https:\/\/www.philix.be\/luss\/cours-editeurs\/divi-les-bases\/","title":{"rendered":"Divi : les bases"},"content":{"rendered":"\t\t<div data-elementor-type=\"wp-post\" data-elementor-id=\"2263\" class=\"elementor elementor-2263\">\n\t\t\t\t\t\t<section class=\"elementor-section elementor-top-section elementor-element elementor-element-757609a elementor-section-boxed elementor-section-height-default elementor-section-height-default\" data-id=\"757609a\" data-element_type=\"section\" data-e-type=\"section\">\n\t\t\t\t\t\t<div class=\"elementor-container elementor-column-gap-default\">\n\t\t\t\t\t<div class=\"elementor-column elementor-col-100 elementor-top-column elementor-element elementor-element-4359086\" data-id=\"4359086\" data-element_type=\"column\" data-e-type=\"column\">\n\t\t\t<div class=\"elementor-widget-wrap elementor-element-populated\">\n\t\t\t\t\t\t<div class=\"elementor-element elementor-element-723a228 elementor-widget elementor-widget-video\" data-id=\"723a228\" data-element_type=\"widget\" data-e-type=\"widget\" data-settings=\"{&quot;youtube_url&quot;:&quot;https:\\\/\\\/www.youtube.com\\\/watch?v=o7Clqm-E6oQ&amp;t=2s&quot;,&quot;video_type&quot;:&quot;youtube&quot;,&quot;controls&quot;:&quot;yes&quot;}\" data-widget_type=\"video.default\">\n\t\t\t\t<div class=\"elementor-widget-container\">\n\t\t\t\t\t\t\t<div class=\"elementor-wrapper elementor-open-inline\">\n\t\t\t<div class=\"elementor-video\"><\/div>\t\t<\/div>\n\t\t\t\t\t\t<\/div>\n\t\t\t\t<\/div>\n\t\t\t\t<div class=\"elementor-element elementor-element-a3e953b elementor-widget-divider--view-line elementor-widget elementor-widget-divider\" data-id=\"a3e953b\" data-element_type=\"widget\" data-e-type=\"widget\" data-widget_type=\"divider.default\">\n\t\t\t\t<div class=\"elementor-widget-container\">\n\t\t\t\t\t\t\t<div class=\"elementor-divider\">\n\t\t\t<span class=\"elementor-divider-separator\">\n\t\t\t\t\t\t<\/span>\n\t\t<\/div>\n\t\t\t\t\t\t<\/div>\n\t\t\t\t<\/div>\n\t\t\t\t<div class=\"elementor-element elementor-element-3b36c8e elementor-widget elementor-widget-heading\" data-id=\"3b36c8e\" data-element_type=\"widget\" data-e-type=\"widget\" data-widget_type=\"heading.default\">\n\t\t\t\t<div class=\"elementor-widget-container\">\n\t\t\t\t\t<h3 class=\"elementor-heading-title elementor-size-default\">Les bases de Divi<\/h3>\t\t\t\t<\/div>\n\t\t\t\t<\/div>\n\t\t\t\t<div class=\"elementor-element elementor-element-0a226b2 elementor-widget elementor-widget-text-editor\" data-id=\"0a226b2\" data-element_type=\"widget\" data-e-type=\"widget\" data-widget_type=\"text-editor.default\">\n\t\t\t\t<div class=\"elementor-widget-container\">\n\t\t\t\t\t\t\t\t\t<p>La base de Divi ce sont les \u00ab\u00a0blocs\u00a0\u00bb.<\/p><p>Comme des poup\u00e9es Russes, on trouve emboit\u00e9s :<\/p><ul><li>Section<ul><li>Ligne(s)<ul><li>Module(s)<\/li><\/ul><\/li><\/ul><\/li><\/ul><p>Dans l&rsquo;interface d&rsquo;administration, nous les retrouvons comme ceci (\u00e0 la place de l&rsquo;\u00e9diteur classique) :<\/p>\t\t\t\t\t\t\t\t<\/div>\n\t\t\t\t<\/div>\n\t\t\t\t<div class=\"elementor-element elementor-element-8437025 elementor-widget elementor-widget-image\" data-id=\"8437025\" data-element_type=\"widget\" data-e-type=\"widget\" data-widget_type=\"image.default\">\n\t\t\t\t<div class=\"elementor-widget-container\">\n\t\t\t\t\t\t\t\t\t\t\t\t\t\t\t<img fetchpriority=\"high\" decoding=\"async\" width=\"696\" height=\"310\" src=\"https:\/\/www.philix.be\/luss\/wp-content\/uploads\/sites\/3\/2019\/08\/diviBaseElements.png\" class=\"attachment-large size-large wp-image-2287\" alt=\"\u00c9l\u00e9ments de base de Divi\" srcset=\"https:\/\/www.philix.be\/luss\/wp-content\/uploads\/sites\/3\/2019\/08\/diviBaseElements.png 696w, https:\/\/www.philix.be\/luss\/wp-content\/uploads\/sites\/3\/2019\/08\/diviBaseElements-300x134.png 300w, https:\/\/www.philix.be\/luss\/wp-content\/uploads\/sites\/3\/2019\/08\/diviBaseElements-600x267.png 600w\" sizes=\"(max-width: 696px) 100vw, 696px\" \/>\t\t\t\t\t\t\t\t\t\t\t\t\t\t\t<\/div>\n\t\t\t\t<\/div>\n\t\t\t\t<div class=\"elementor-element elementor-element-bb8a599 elementor-widget elementor-widget-text-editor\" data-id=\"bb8a599\" data-element_type=\"widget\" data-e-type=\"widget\" data-widget_type=\"text-editor.default\">\n\t\t\t\t<div class=\"elementor-widget-container\">\n\t\t\t\t\t\t\t\t\t<p>Si nous passons du c\u00f4t\u00e9 du <i><b>Visual Builder<\/b><\/i>, nous aurons l&rsquo;\u00e9quivalent &#8230; visuel :<\/p>\t\t\t\t\t\t\t\t<\/div>\n\t\t\t\t<\/div>\n\t\t\t\t<div class=\"elementor-element elementor-element-7daa724 elementor-widget elementor-widget-image\" data-id=\"7daa724\" data-element_type=\"widget\" data-e-type=\"widget\" data-widget_type=\"image.default\">\n\t\t\t\t<div class=\"elementor-widget-container\">\n\t\t\t\t\t\t\t\t\t\t\t\t\t\t\t<img decoding=\"async\" width=\"710\" height=\"144\" src=\"https:\/\/www.philix.be\/luss\/wp-content\/uploads\/sites\/3\/2019\/08\/diviBaseElementsVisual.gif\" class=\"attachment-large size-large wp-image-2291\" alt=\"Elements de base de Divi (visual builder)\" \/>\t\t\t\t\t\t\t\t\t\t\t\t\t\t\t<\/div>\n\t\t\t\t<\/div>\n\t\t\t\t<div class=\"elementor-element elementor-element-c1509d1 elementor-widget elementor-widget-text-editor\" data-id=\"c1509d1\" data-element_type=\"widget\" data-e-type=\"widget\" data-widget_type=\"text-editor.default\">\n\t\t\t\t<div class=\"elementor-widget-container\">\n\t\t\t\t\t\t\t\t\t<p>On remarque tout l&rsquo;int\u00e9r\u00eat de travailler dans la partie visuelle (front-end), car dans l&rsquo;interface d&rsquo;administration (back-end) on ne visualise pas les contenus. Seulement les blocs.<\/p><p>Dans l&rsquo;exemple ci-dessus, nous avons le cas, tr\u00e8s simple, d&rsquo;une section, comportant une ligne qui elle-m\u00eame ne contient qu&rsquo;un module \u00ab\u00a0Texte\u00a0\u00bb.<\/p><p>Voici un contenu plus \u00e9labor\u00e9 :<\/p>\t\t\t\t\t\t\t\t<\/div>\n\t\t\t\t<\/div>\n\t\t\t\t<div class=\"elementor-element elementor-element-100b17f elementor-widget elementor-widget-image\" data-id=\"100b17f\" data-element_type=\"widget\" data-e-type=\"widget\" data-widget_type=\"image.default\">\n\t\t\t\t<div class=\"elementor-widget-container\">\n\t\t\t\t\t\t\t\t\t\t\t\t\t\t\t<img decoding=\"async\" width=\"679\" height=\"694\" src=\"https:\/\/www.philix.be\/luss\/wp-content\/uploads\/sites\/3\/2019\/08\/diviBaseElements2.png\" class=\"attachment-large size-large wp-image-2293\" alt=\"Divi autre exemple\" srcset=\"https:\/\/www.philix.be\/luss\/wp-content\/uploads\/sites\/3\/2019\/08\/diviBaseElements2.png 679w, https:\/\/www.philix.be\/luss\/wp-content\/uploads\/sites\/3\/2019\/08\/diviBaseElements2-294x300.png 294w, https:\/\/www.philix.be\/luss\/wp-content\/uploads\/sites\/3\/2019\/08\/diviBaseElements2-600x613.png 600w\" sizes=\"(max-width: 679px) 100vw, 679px\" \/>\t\t\t\t\t\t\t\t\t\t\t\t\t\t\t<\/div>\n\t\t\t\t<\/div>\n\t\t\t\t<div class=\"elementor-element elementor-element-b1dfe16 elementor-widget elementor-widget-text-editor\" data-id=\"b1dfe16\" data-element_type=\"widget\" data-e-type=\"widget\" data-widget_type=\"text-editor.default\">\n\t\t\t\t<div class=\"elementor-widget-container\">\n\t\t\t\t\t\t\t\t\t<p>Ou encore, avec une section \u00ab\u00a0Sp\u00e9cialit\u00e9\u00a0\u00bb :<\/p>\t\t\t\t\t\t\t\t<\/div>\n\t\t\t\t<\/div>\n\t\t\t\t<div class=\"elementor-element elementor-element-0a4ffd5 elementor-widget elementor-widget-image\" data-id=\"0a4ffd5\" data-element_type=\"widget\" data-e-type=\"widget\" data-widget_type=\"image.default\">\n\t\t\t\t<div class=\"elementor-widget-container\">\n\t\t\t\t\t\t\t\t\t\t\t\t\t\t\t<img loading=\"lazy\" decoding=\"async\" width=\"679\" height=\"485\" src=\"https:\/\/www.philix.be\/luss\/wp-content\/uploads\/sites\/3\/2019\/08\/diviSampleClassique.png\" class=\"attachment-large size-large wp-image-2296\" alt=\"Site Cliassique\" srcset=\"https:\/\/www.philix.be\/luss\/wp-content\/uploads\/sites\/3\/2019\/08\/diviSampleClassique.png 679w, https:\/\/www.philix.be\/luss\/wp-content\/uploads\/sites\/3\/2019\/08\/diviSampleClassique-300x214.png 300w, https:\/\/www.philix.be\/luss\/wp-content\/uploads\/sites\/3\/2019\/08\/diviSampleClassique-600x429.png 600w\" sizes=\"(max-width: 679px) 100vw, 679px\" \/>\t\t\t\t\t\t\t\t\t\t\t\t\t\t\t<\/div>\n\t\t\t\t<\/div>\n\t\t\t\t<div class=\"elementor-element elementor-element-9ed2d0f elementor-widget-divider--view-line elementor-widget elementor-widget-divider\" data-id=\"9ed2d0f\" data-element_type=\"widget\" data-e-type=\"widget\" data-widget_type=\"divider.default\">\n\t\t\t\t<div class=\"elementor-widget-container\">\n\t\t\t\t\t\t\t<div class=\"elementor-divider\">\n\t\t\t<span class=\"elementor-divider-separator\">\n\t\t\t\t\t\t<\/span>\n\t\t<\/div>\n\t\t\t\t\t\t<\/div>\n\t\t\t\t<\/div>\n\t\t\t\t<div class=\"elementor-element elementor-element-340f606 elementor-widget elementor-widget-text-editor\" data-id=\"340f606\" data-element_type=\"widget\" data-e-type=\"widget\" data-widget_type=\"text-editor.default\">\n\t\t\t\t<div class=\"elementor-widget-container\">\n\t\t\t\t\t\t\t\t\t<h3 style=\"text-align: center;\">(D\u00e9mo \u00ab\u00a0<a href=\"https:\/\/dev.philix.be\/brouillon-auto\/\" target=\"_blank\" rel=\"noopener\">live<\/a>\u00a0\u00bb du cours)<\/h3><p>Cette d\u00e9mo montre du c\u00f4t\u00e9 visual builder, les modifications des \u00e9l\u00e9ments d&rsquo;une page \u00ab\u00a0exemple\u00a0\u00bb.<\/p>\t\t\t\t\t\t\t\t<\/div>\n\t\t\t\t<\/div>\n\t\t\t\t<div class=\"elementor-element elementor-element-f3dda4e elementor-widget-divider--view-line elementor-widget elementor-widget-divider\" data-id=\"f3dda4e\" data-element_type=\"widget\" data-e-type=\"widget\" data-widget_type=\"divider.default\">\n\t\t\t\t<div class=\"elementor-widget-container\">\n\t\t\t\t\t\t\t<div class=\"elementor-divider\">\n\t\t\t<span class=\"elementor-divider-separator\">\n\t\t\t\t\t\t<\/span>\n\t\t<\/div>\n\t\t\t\t\t\t<\/div>\n\t\t\t\t<\/div>\n\t\t\t\t<div class=\"elementor-element elementor-element-d1d1c4f elementor-widget-divider--view-line elementor-widget elementor-widget-divider\" data-id=\"d1d1c4f\" data-element_type=\"widget\" data-e-type=\"widget\" data-widget_type=\"divider.default\">\n\t\t\t\t<div class=\"elementor-widget-container\">\n\t\t\t\t\t\t\t<div class=\"elementor-divider\">\n\t\t\t<span class=\"elementor-divider-separator\">\n\t\t\t\t\t\t<\/span>\n\t\t<\/div>\n\t\t\t\t\t\t<\/div>\n\t\t\t\t<\/div>\n\t\t\t\t\t<\/div>\n\t\t<\/div>\n\t\t\t\t\t<\/div>\n\t\t<\/section>\n\t\t\t\t<section class=\"elementor-section elementor-inner-section elementor-element elementor-element-6ba2c4d9 elementor-section-boxed elementor-section-height-default elementor-section-height-default\" data-id=\"6ba2c4d9\" data-element_type=\"section\" data-e-type=\"section\">\n\t\t\t\t\t\t<div class=\"elementor-container elementor-column-gap-default\">\n\t\t\t\t\t<div class=\"elementor-column elementor-col-50 elementor-inner-column elementor-element elementor-element-44753310\" data-id=\"44753310\" data-element_type=\"column\" data-e-type=\"column\">\n\t\t\t<div class=\"elementor-widget-wrap elementor-element-populated\">\n\t\t\t\t\t\t\t<\/div>\n\t\t<\/div>\n\t\t\t\t<div class=\"elementor-column elementor-col-50 elementor-inner-column elementor-element elementor-element-58073e29\" data-id=\"58073e29\" data-element_type=\"column\" data-e-type=\"column\">\n\t\t\t<div class=\"elementor-widget-wrap elementor-element-populated\">\n\t\t\t\t\t\t<div class=\"elementor-element elementor-element-16d95802 elementor-widget elementor-widget-text-editor\" data-id=\"16d95802\" data-element_type=\"widget\" data-e-type=\"widget\" data-widget_type=\"text-editor.default\">\n\t\t\t\t<div class=\"elementor-widget-container\">\n\t\t\t\t\t\t\t\t\t<p style=\"text-align: right;\"><a href=\"\/luss\/divi-les-options-du-theme\/\">Divi : les options du th\u00e8me<\/a> \u21d2<\/p>\t\t\t\t\t\t\t\t<\/div>\n\t\t\t\t<\/div>\n\t\t\t\t\t<\/div>\n\t\t<\/div>\n\t\t\t\t\t<\/div>\n\t\t<\/section>\n\t\t\t\t<\/div>\n\t\t","protected":false},"excerpt":{"rendered":"<p>Les bases de Divi La base de Divi ce sont les \u00ab\u00a0blocs\u00a0\u00bb. Comme des poup\u00e9es Russes, on trouve emboit\u00e9s : Section Ligne(s) Module(s) Dans l&rsquo;interface d&rsquo;administration, nous les retrouvons comme ceci (\u00e0 la place de l&rsquo;\u00e9diteur classique) : Si nous<\/p>\n","protected":false},"author":1,"featured_media":0,"parent":956,"menu_order":15,"comment_status":"closed","ping_status":"closed","template":"","meta":{"footnotes":""},"class_list":["post-2263","page","type-page","status-publish","hentry"],"yoast_head":"<!-- This site is optimized with the Yoast SEO plugin v27.5 - https:\/\/yoast.com\/product\/yoast-seo-wordpress\/ -->\n<title>Divi : les bases - WPLUSS<\/title>\n<meta name=\"robots\" content=\"index, follow, max-snippet:-1, max-image-preview:large, max-video-preview:-1\" \/>\n<link rel=\"canonical\" href=\"https:\/\/www.philix.be\/luss\/cours-editeurs\/divi-les-bases\/\" \/>\n<meta property=\"og:locale\" content=\"fr_FR\" \/>\n<meta property=\"og:type\" content=\"article\" \/>\n<meta property=\"og:title\" content=\"Divi : les bases - WPLUSS\" \/>\n<meta property=\"og:description\" content=\"Les bases de Divi La base de Divi ce sont les \u00ab\u00a0blocs\u00a0\u00bb. Comme des poup\u00e9es Russes, on trouve emboit\u00e9s : Section Ligne(s) Module(s) Dans l&rsquo;interface d&rsquo;administration, nous les retrouvons comme ceci (\u00e0 la place de l&rsquo;\u00e9diteur classique) : Si nous\" \/>\n<meta property=\"og:url\" content=\"https:\/\/www.philix.be\/luss\/cours-editeurs\/divi-les-bases\/\" \/>\n<meta property=\"og:site_name\" content=\"WPLUSS\" \/>\n<meta property=\"article:modified_time\" content=\"2019-08-21T11:28:22+00:00\" \/>\n<meta property=\"og:image\" content=\"http:\/\/www.philix.be\/luss\/wp-content\/uploads\/sites\/3\/2019\/08\/diviBaseElements.png\" \/>\n<meta name=\"twitter:card\" content=\"summary_large_image\" \/>\n<meta name=\"twitter:label1\" content=\"Dur\u00e9e de lecture estim\u00e9e\" \/>\n\t<meta name=\"twitter:data1\" content=\"1 minute\" \/>\n<script type=\"application\/ld+json\" class=\"yoast-schema-graph\">{\"@context\":\"https:\\\/\\\/schema.org\",\"@graph\":[{\"@type\":\"WebPage\",\"@id\":\"https:\\\/\\\/www.philix.be\\\/luss\\\/cours-editeurs\\\/divi-les-bases\\\/\",\"url\":\"https:\\\/\\\/www.philix.be\\\/luss\\\/cours-editeurs\\\/divi-les-bases\\\/\",\"name\":\"Divi : les bases - WPLUSS\",\"isPartOf\":{\"@id\":\"https:\\\/\\\/www.philix.be\\\/luss\\\/#website\"},\"primaryImageOfPage\":{\"@id\":\"https:\\\/\\\/www.philix.be\\\/luss\\\/cours-editeurs\\\/divi-les-bases\\\/#primaryimage\"},\"image\":{\"@id\":\"https:\\\/\\\/www.philix.be\\\/luss\\\/cours-editeurs\\\/divi-les-bases\\\/#primaryimage\"},\"thumbnailUrl\":\"http:\\\/\\\/www.philix.be\\\/luss\\\/wp-content\\\/uploads\\\/sites\\\/3\\\/2019\\\/08\\\/diviBaseElements.png\",\"datePublished\":\"2019-08-11T13:11:11+00:00\",\"dateModified\":\"2019-08-21T11:28:22+00:00\",\"breadcrumb\":{\"@id\":\"https:\\\/\\\/www.philix.be\\\/luss\\\/cours-editeurs\\\/divi-les-bases\\\/#breadcrumb\"},\"inLanguage\":\"fr-FR\",\"potentialAction\":[{\"@type\":\"ReadAction\",\"target\":[\"https:\\\/\\\/www.philix.be\\\/luss\\\/cours-editeurs\\\/divi-les-bases\\\/\"]}]},{\"@type\":\"ImageObject\",\"inLanguage\":\"fr-FR\",\"@id\":\"https:\\\/\\\/www.philix.be\\\/luss\\\/cours-editeurs\\\/divi-les-bases\\\/#primaryimage\",\"url\":\"http:\\\/\\\/www.philix.be\\\/luss\\\/wp-content\\\/uploads\\\/sites\\\/3\\\/2019\\\/08\\\/diviBaseElements.png\",\"contentUrl\":\"http:\\\/\\\/www.philix.be\\\/luss\\\/wp-content\\\/uploads\\\/sites\\\/3\\\/2019\\\/08\\\/diviBaseElements.png\"},{\"@type\":\"BreadcrumbList\",\"@id\":\"https:\\\/\\\/www.philix.be\\\/luss\\\/cours-editeurs\\\/divi-les-bases\\\/#breadcrumb\",\"itemListElement\":[{\"@type\":\"ListItem\",\"position\":1,\"name\":\"Cours \u00c9diteurs\",\"item\":\"https:\\\/\\\/www.philix.be\\\/luss\\\/cours-editeurs\\\/\"},{\"@type\":\"ListItem\",\"position\":2,\"name\":\"Divi : les bases\"}]},{\"@type\":\"WebSite\",\"@id\":\"https:\\\/\\\/www.philix.be\\\/luss\\\/#website\",\"url\":\"https:\\\/\\\/www.philix.be\\\/luss\\\/\",\"name\":\"WPLUSS\",\"description\":\"Les sites de Ph\u00a1l\u00a1x\",\"publisher\":{\"@id\":\"https:\\\/\\\/www.philix.be\\\/luss\\\/#organization\"},\"potentialAction\":[{\"@type\":\"SearchAction\",\"target\":{\"@type\":\"EntryPoint\",\"urlTemplate\":\"https:\\\/\\\/www.philix.be\\\/luss\\\/?s={search_term_string}\"},\"query-input\":{\"@type\":\"PropertyValueSpecification\",\"valueRequired\":true,\"valueName\":\"search_term_string\"}}],\"inLanguage\":\"fr-FR\"},{\"@type\":\"Organization\",\"@id\":\"https:\\\/\\\/www.philix.be\\\/luss\\\/#organization\",\"name\":\"WPLUSS\",\"url\":\"https:\\\/\\\/www.philix.be\\\/luss\\\/\",\"logo\":{\"@type\":\"ImageObject\",\"inLanguage\":\"fr-FR\",\"@id\":\"https:\\\/\\\/www.philix.be\\\/luss\\\/#\\\/schema\\\/logo\\\/image\\\/\",\"url\":\"https:\\\/\\\/www.philix.be\\\/luss\\\/wp-content\\\/uploads\\\/sites\\\/3\\\/2017\\\/03\\\/cropped-wordpress-1415678_960_720-e1489930624872-1.png\",\"contentUrl\":\"https:\\\/\\\/www.philix.be\\\/luss\\\/wp-content\\\/uploads\\\/sites\\\/3\\\/2017\\\/03\\\/cropped-wordpress-1415678_960_720-e1489930624872-1.png\",\"width\":100,\"height\":100,\"caption\":\"WPLUSS\"},\"image\":{\"@id\":\"https:\\\/\\\/www.philix.be\\\/luss\\\/#\\\/schema\\\/logo\\\/image\\\/\"}}]}<\/script>\n<!-- \/ Yoast SEO plugin. -->","yoast_head_json":{"title":"Divi : les bases - WPLUSS","robots":{"index":"index","follow":"follow","max-snippet":"max-snippet:-1","max-image-preview":"max-image-preview:large","max-video-preview":"max-video-preview:-1"},"canonical":"https:\/\/www.philix.be\/luss\/cours-editeurs\/divi-les-bases\/","og_locale":"fr_FR","og_type":"article","og_title":"Divi : les bases - WPLUSS","og_description":"Les bases de Divi La base de Divi ce sont les \u00ab\u00a0blocs\u00a0\u00bb. Comme des poup\u00e9es Russes, on trouve emboit\u00e9s : Section Ligne(s) Module(s) Dans l&rsquo;interface d&rsquo;administration, nous les retrouvons comme ceci (\u00e0 la place de l&rsquo;\u00e9diteur classique) : Si nous","og_url":"https:\/\/www.philix.be\/luss\/cours-editeurs\/divi-les-bases\/","og_site_name":"WPLUSS","article_modified_time":"2019-08-21T11:28:22+00:00","og_image":[{"url":"http:\/\/www.philix.be\/luss\/wp-content\/uploads\/sites\/3\/2019\/08\/diviBaseElements.png","type":"","width":"","height":""}],"twitter_card":"summary_large_image","twitter_misc":{"Dur\u00e9e de lecture estim\u00e9e":"1 minute"},"schema":{"@context":"https:\/\/schema.org","@graph":[{"@type":"WebPage","@id":"https:\/\/www.philix.be\/luss\/cours-editeurs\/divi-les-bases\/","url":"https:\/\/www.philix.be\/luss\/cours-editeurs\/divi-les-bases\/","name":"Divi : les bases - WPLUSS","isPartOf":{"@id":"https:\/\/www.philix.be\/luss\/#website"},"primaryImageOfPage":{"@id":"https:\/\/www.philix.be\/luss\/cours-editeurs\/divi-les-bases\/#primaryimage"},"image":{"@id":"https:\/\/www.philix.be\/luss\/cours-editeurs\/divi-les-bases\/#primaryimage"},"thumbnailUrl":"http:\/\/www.philix.be\/luss\/wp-content\/uploads\/sites\/3\/2019\/08\/diviBaseElements.png","datePublished":"2019-08-11T13:11:11+00:00","dateModified":"2019-08-21T11:28:22+00:00","breadcrumb":{"@id":"https:\/\/www.philix.be\/luss\/cours-editeurs\/divi-les-bases\/#breadcrumb"},"inLanguage":"fr-FR","potentialAction":[{"@type":"ReadAction","target":["https:\/\/www.philix.be\/luss\/cours-editeurs\/divi-les-bases\/"]}]},{"@type":"ImageObject","inLanguage":"fr-FR","@id":"https:\/\/www.philix.be\/luss\/cours-editeurs\/divi-les-bases\/#primaryimage","url":"http:\/\/www.philix.be\/luss\/wp-content\/uploads\/sites\/3\/2019\/08\/diviBaseElements.png","contentUrl":"http:\/\/www.philix.be\/luss\/wp-content\/uploads\/sites\/3\/2019\/08\/diviBaseElements.png"},{"@type":"BreadcrumbList","@id":"https:\/\/www.philix.be\/luss\/cours-editeurs\/divi-les-bases\/#breadcrumb","itemListElement":[{"@type":"ListItem","position":1,"name":"Cours \u00c9diteurs","item":"https:\/\/www.philix.be\/luss\/cours-editeurs\/"},{"@type":"ListItem","position":2,"name":"Divi : les bases"}]},{"@type":"WebSite","@id":"https:\/\/www.philix.be\/luss\/#website","url":"https:\/\/www.philix.be\/luss\/","name":"WPLUSS","description":"Les sites de Ph\u00a1l\u00a1x","publisher":{"@id":"https:\/\/www.philix.be\/luss\/#organization"},"potentialAction":[{"@type":"SearchAction","target":{"@type":"EntryPoint","urlTemplate":"https:\/\/www.philix.be\/luss\/?s={search_term_string}"},"query-input":{"@type":"PropertyValueSpecification","valueRequired":true,"valueName":"search_term_string"}}],"inLanguage":"fr-FR"},{"@type":"Organization","@id":"https:\/\/www.philix.be\/luss\/#organization","name":"WPLUSS","url":"https:\/\/www.philix.be\/luss\/","logo":{"@type":"ImageObject","inLanguage":"fr-FR","@id":"https:\/\/www.philix.be\/luss\/#\/schema\/logo\/image\/","url":"https:\/\/www.philix.be\/luss\/wp-content\/uploads\/sites\/3\/2017\/03\/cropped-wordpress-1415678_960_720-e1489930624872-1.png","contentUrl":"https:\/\/www.philix.be\/luss\/wp-content\/uploads\/sites\/3\/2017\/03\/cropped-wordpress-1415678_960_720-e1489930624872-1.png","width":100,"height":100,"caption":"WPLUSS"},"image":{"@id":"https:\/\/www.philix.be\/luss\/#\/schema\/logo\/image\/"}}]}},"_links":{"self":[{"href":"https:\/\/www.philix.be\/luss\/wp-json\/wp\/v2\/pages\/2263","targetHints":{"allow":["GET"]}}],"collection":[{"href":"https:\/\/www.philix.be\/luss\/wp-json\/wp\/v2\/pages"}],"about":[{"href":"https:\/\/www.philix.be\/luss\/wp-json\/wp\/v2\/types\/page"}],"author":[{"embeddable":true,"href":"https:\/\/www.philix.be\/luss\/wp-json\/wp\/v2\/users\/1"}],"replies":[{"embeddable":true,"href":"https:\/\/www.philix.be\/luss\/wp-json\/wp\/v2\/comments?post=2263"}],"version-history":[{"count":0,"href":"https:\/\/www.philix.be\/luss\/wp-json\/wp\/v2\/pages\/2263\/revisions"}],"up":[{"embeddable":true,"href":"https:\/\/www.philix.be\/luss\/wp-json\/wp\/v2\/pages\/956"}],"wp:attachment":[{"href":"https:\/\/www.philix.be\/luss\/wp-json\/wp\/v2\/media?parent=2263"}],"curies":[{"name":"wp","href":"https:\/\/api.w.org\/{rel}","templated":true}]}}