{"id":2352,"date":"2019-08-16T14:34:44","date_gmt":"2019-08-16T12:34:44","guid":{"rendered":"http:\/\/www.philix.be\/luss\/?page_id=2352"},"modified":"2019-08-21T14:32:55","modified_gmt":"2019-08-21T12:32:55","slug":"divi-les-options-du-theme-ii","status":"publish","type":"page","link":"https:\/\/www.philix.be\/luss\/cours-editeurs\/divi-les-options-du-theme-ii\/","title":{"rendered":"Divi : les options du th\u00e8me II"},"content":{"rendered":"\t\t<div data-elementor-type=\"wp-page\" data-elementor-id=\"2352\" class=\"elementor elementor-2352\">\n\t\t\t\t\t\t<section class=\"elementor-section elementor-top-section elementor-element elementor-element-8bca3f7 elementor-section-boxed elementor-section-height-default elementor-section-height-default\" data-id=\"8bca3f7\" data-element_type=\"section\" data-e-type=\"section\">\n\t\t\t\t\t\t<div class=\"elementor-container elementor-column-gap-default\">\n\t\t\t\t\t<div class=\"elementor-column elementor-col-100 elementor-top-column elementor-element elementor-element-a723ad9\" data-id=\"a723ad9\" data-element_type=\"column\" data-e-type=\"column\">\n\t\t\t<div class=\"elementor-widget-wrap elementor-element-populated\">\n\t\t\t\t\t\t<div class=\"elementor-element elementor-element-82819f5 elementor-widget elementor-widget-heading\" data-id=\"82819f5\" data-element_type=\"widget\" data-e-type=\"widget\" data-widget_type=\"heading.default\">\n\t\t\t\t<div class=\"elementor-widget-container\">\n\t\t\t\t\t<h3 class=\"elementor-heading-title elementor-size-default\">L'onglet \"La navigation\"<\/h3>\t\t\t\t<\/div>\n\t\t\t\t<\/div>\n\t\t\t\t<div class=\"elementor-element elementor-element-8029178 elementor-widget elementor-widget-text-editor\" data-id=\"8029178\" data-element_type=\"widget\" data-e-type=\"widget\" data-widget_type=\"text-editor.default\">\n\t\t\t\t<div class=\"elementor-widget-container\">\n\t\t\t\t\t\t\t\t\t<p>Cet onglet contient trois sous-onglets :<\/p><ul><li>Pages.<\/li><li>Cat\u00e9gories.<\/li><li>Param\u00e8tres g\u00e9n\u00e9raux.<\/li><\/ul><p>Rassurez-vous, peu de choses \u00e0 adapter \ud83d\ude09<\/p>\t\t\t\t\t\t\t\t<\/div>\n\t\t\t\t<\/div>\n\t\t\t\t<div class=\"elementor-element elementor-element-9644bb5 elementor-widget elementor-widget-heading\" data-id=\"9644bb5\" data-element_type=\"widget\" data-e-type=\"widget\" data-widget_type=\"heading.default\">\n\t\t\t\t<div class=\"elementor-widget-container\">\n\t\t\t\t\t<h4 class=\"elementor-heading-title elementor-size-default\">La navigation - Pages<\/h4>\t\t\t\t<\/div>\n\t\t\t\t<\/div>\n\t\t\t\t<div class=\"elementor-element elementor-element-2638956 elementor-widget elementor-widget-image\" data-id=\"2638956\" data-element_type=\"widget\" data-e-type=\"widget\" data-widget_type=\"image.default\">\n\t\t\t\t<div class=\"elementor-widget-container\">\n\t\t\t\t\t\t\t\t\t\t\t\t\t\t\t<img fetchpriority=\"high\" decoding=\"async\" width=\"710\" height=\"576\" src=\"https:\/\/www.philix.be\/luss\/wp-content\/uploads\/sites\/3\/2019\/08\/diviOngletNavigation-1.png\" class=\"attachment-large size-large wp-image-2380\" alt=\"Divi : onglet navigation I\" srcset=\"https:\/\/www.philix.be\/luss\/wp-content\/uploads\/sites\/3\/2019\/08\/diviOngletNavigation-1.png 965w, https:\/\/www.philix.be\/luss\/wp-content\/uploads\/sites\/3\/2019\/08\/diviOngletNavigation-1-300x243.png 300w, https:\/\/www.philix.be\/luss\/wp-content\/uploads\/sites\/3\/2019\/08\/diviOngletNavigation-1-768x623.png 768w, https:\/\/www.philix.be\/luss\/wp-content\/uploads\/sites\/3\/2019\/08\/diviOngletNavigation-1-600x487.png 600w\" sizes=\"(max-width: 710px) 100vw, 710px\" \/>\t\t\t\t\t\t\t\t\t\t\t\t\t\t\t<\/div>\n\t\t\t\t<\/div>\n\t\t\t\t<div class=\"elementor-element elementor-element-aa92348 elementor-widget elementor-widget-text-editor\" data-id=\"aa92348\" data-element_type=\"widget\" data-e-type=\"widget\" data-widget_type=\"text-editor.default\">\n\t\t\t\t<div class=\"elementor-widget-container\">\n\t\t\t\t\t\t\t\t\t<ol><li><strong>Exclusion de pages<\/strong> :\u00a0<br \/>Elles sont exclues d&rsquo;office d\u00e8s que vous cr\u00e9ez votre menu principal. Ne touchez \u00e0 rien \ud83d\ude09<\/li><li><strong>Menus d\u00e9roulants<\/strong> : <br \/>Laissez bien s\u00fbr \u00ab\u00a0Activer\u00a0\u00bb !<\/li><li><strong>Lien d\u2019accueil<\/strong> : <br \/>Peu important car cela d\u00e9pend \u00e9galement de vos choix dans votre menu principal.<\/li><li><strong>Classement des liens<\/strong> : <br \/>Aucun int\u00e9r\u00eat &#8230; toujours pour les m\u00eames raisons.<\/li><li><strong>Ordre de classement<\/strong> : <br \/>Idem.<\/li><li><strong>Nombre de niveaux dans les menus d\u00e9roulants<\/strong> :\u00a0les niveaux \u00e9quivalent \u00e0 la profondeur d\u2019un menu. Tout d\u00e9pend de combien de sous-\u00e9l\u00e9ments vous avez besoin dans votre menu principal.<br \/>Pensez aussi \u00e0 l&rsquo;option \u00ab\u00a0<b>m\u00e9ga menu<\/b>\u00a0\u00bb (dont je n&rsquo;ai pas encore parl\u00e9) dans \u00ab\u00a0classe CSS\u00a0\u00bb d&rsquo;une entr\u00e9e de menu si vous avez 3 niveaux ou plus. Voir dans la page : <a href=\"https:\/\/astucesdivi.com\/images-mega-menu-divi\/\">Cr\u00e9er un m\u00e9ga menu avec images<\/a>)<\/li><\/ol>\t\t\t\t\t\t\t\t<\/div>\n\t\t\t\t<\/div>\n\t\t\t\t<div class=\"elementor-element elementor-element-3a68851 elementor-widget-divider--view-line elementor-widget elementor-widget-divider\" data-id=\"3a68851\" data-element_type=\"widget\" data-e-type=\"widget\" data-widget_type=\"divider.default\">\n\t\t\t\t<div class=\"elementor-widget-container\">\n\t\t\t\t\t\t\t<div class=\"elementor-divider\">\n\t\t\t<span class=\"elementor-divider-separator\">\n\t\t\t\t\t\t<\/span>\n\t\t<\/div>\n\t\t\t\t\t\t<\/div>\n\t\t\t\t<\/div>\n\t\t\t\t<div class=\"elementor-element elementor-element-09a3d65 elementor-widget elementor-widget-heading\" data-id=\"09a3d65\" data-element_type=\"widget\" data-e-type=\"widget\" data-widget_type=\"heading.default\">\n\t\t\t\t<div class=\"elementor-widget-container\">\n\t\t\t\t\t<h4 class=\"elementor-heading-title elementor-size-default\">La navigation - Cat\u00e9gories<\/h4>\t\t\t\t<\/div>\n\t\t\t\t<\/div>\n\t\t\t\t<div class=\"elementor-element elementor-element-b94cea2 elementor-widget elementor-widget-image\" data-id=\"b94cea2\" data-element_type=\"widget\" data-e-type=\"widget\" data-widget_type=\"image.default\">\n\t\t\t\t<div class=\"elementor-widget-container\">\n\t\t\t\t\t\t\t\t\t\t\t\t\t\t\t<img decoding=\"async\" width=\"710\" height=\"295\" src=\"https:\/\/www.philix.be\/luss\/wp-content\/uploads\/sites\/3\/2019\/08\/diviOngletNavigation-2-1024x426.png\" class=\"attachment-large size-large wp-image-2373\" alt=\"Divi : onglet navigation II\" srcset=\"https:\/\/www.philix.be\/luss\/wp-content\/uploads\/sites\/3\/2019\/08\/diviOngletNavigation-2-1024x426.png 1024w, https:\/\/www.philix.be\/luss\/wp-content\/uploads\/sites\/3\/2019\/08\/diviOngletNavigation-2-300x125.png 300w, https:\/\/www.philix.be\/luss\/wp-content\/uploads\/sites\/3\/2019\/08\/diviOngletNavigation-2-768x319.png 768w, https:\/\/www.philix.be\/luss\/wp-content\/uploads\/sites\/3\/2019\/08\/diviOngletNavigation-2-600x250.png 600w, https:\/\/www.philix.be\/luss\/wp-content\/uploads\/sites\/3\/2019\/08\/diviOngletNavigation-2.png 1212w\" sizes=\"(max-width: 710px) 100vw, 710px\" \/>\t\t\t\t\t\t\t\t\t\t\t\t\t\t\t<\/div>\n\t\t\t\t<\/div>\n\t\t\t\t<div class=\"elementor-element elementor-element-b7e4213 elementor-widget elementor-widget-text-editor\" data-id=\"b7e4213\" data-element_type=\"widget\" data-e-type=\"widget\" data-widget_type=\"text-editor.default\">\n\t\t\t\t<div class=\"elementor-widget-container\">\n\t\t\t\t\t\t\t\t\t<p>Presque identique \u00e0 l&rsquo;onglet <strong>La navigation &#8211; pages<\/strong>.<\/p><p>Le meilleur choix ?\u00a0 Laissez tout comme cela \ud83d\ude09<\/p>\t\t\t\t\t\t\t\t<\/div>\n\t\t\t\t<\/div>\n\t\t\t\t<div class=\"elementor-element elementor-element-3ff28c1 elementor-widget-divider--view-line elementor-widget elementor-widget-divider\" data-id=\"3ff28c1\" data-element_type=\"widget\" data-e-type=\"widget\" data-widget_type=\"divider.default\">\n\t\t\t\t<div class=\"elementor-widget-container\">\n\t\t\t\t\t\t\t<div class=\"elementor-divider\">\n\t\t\t<span class=\"elementor-divider-separator\">\n\t\t\t\t\t\t<\/span>\n\t\t<\/div>\n\t\t\t\t\t\t<\/div>\n\t\t\t\t<\/div>\n\t\t\t\t<div class=\"elementor-element elementor-element-cf7afbc elementor-widget elementor-widget-heading\" data-id=\"cf7afbc\" data-element_type=\"widget\" data-e-type=\"widget\" data-widget_type=\"heading.default\">\n\t\t\t\t<div class=\"elementor-widget-container\">\n\t\t\t\t\t<h4 class=\"elementor-heading-title elementor-size-default\">La navigation - Param\u00e8tres G\u00e9n\u00e9raux<\/h4>\t\t\t\t<\/div>\n\t\t\t\t<\/div>\n\t\t\t\t<div class=\"elementor-element elementor-element-85821b2 elementor-widget elementor-widget-image\" data-id=\"85821b2\" data-element_type=\"widget\" data-e-type=\"widget\" data-widget_type=\"image.default\">\n\t\t\t\t<div class=\"elementor-widget-container\">\n\t\t\t\t\t\t\t\t\t\t\t\t\t\t\t<img decoding=\"async\" width=\"710\" height=\"171\" src=\"https:\/\/www.philix.be\/luss\/wp-content\/uploads\/sites\/3\/2019\/08\/diviOngletNavigation-3-1024x246.png\" class=\"attachment-large size-large wp-image-2378\" alt=\"Divi : onglet navigation III\" srcset=\"https:\/\/www.philix.be\/luss\/wp-content\/uploads\/sites\/3\/2019\/08\/diviOngletNavigation-3-1024x246.png 1024w, https:\/\/www.philix.be\/luss\/wp-content\/uploads\/sites\/3\/2019\/08\/diviOngletNavigation-3-300x72.png 300w, https:\/\/www.philix.be\/luss\/wp-content\/uploads\/sites\/3\/2019\/08\/diviOngletNavigation-3-768x185.png 768w, https:\/\/www.philix.be\/luss\/wp-content\/uploads\/sites\/3\/2019\/08\/diviOngletNavigation-3-600x144.png 600w, https:\/\/www.philix.be\/luss\/wp-content\/uploads\/sites\/3\/2019\/08\/diviOngletNavigation-3.png 1090w\" sizes=\"(max-width: 710px) 100vw, 710px\" \/>\t\t\t\t\t\t\t\t\t\t\t\t\t\t\t<\/div>\n\t\t\t\t<\/div>\n\t\t\t\t<div class=\"elementor-element elementor-element-6c3d93b elementor-widget elementor-widget-text-editor\" data-id=\"6c3d93b\" data-element_type=\"widget\" data-e-type=\"widget\" data-widget_type=\"text-editor.default\">\n\t\t\t\t<div class=\"elementor-widget-container\">\n\t\t\t\t\t\t\t\t\t<p>Permet d\u2019avoir un ent\u00eate de menu sans contenu\u00a0: un simple conteneur<\/p><p>Exemple\u00a0:<\/p><p><strong>Vins<\/strong> (entr\u00e9e d\u00e9sactiv\u00e9e : pas de page associ\u00e9e)<\/p><p>\u00a0\u00a0\u00a0\u00a0\u00a0\u00a0\u00a0\u00a0\u00a0\u00a0\u00a0\u00a0\u00a0\u00a0\u00a0 <strong>Rouges<\/strong> (sous-menu qui contient les textes correspondants aux vins rouges)<\/p><p>\u00a0\u00a0\u00a0\u00a0\u00a0\u00a0\u00a0\u00a0\u00a0\u00a0\u00a0\u00a0\u00a0\u00a0\u00a0 <strong>Blancs<\/strong> (sous-menu qui contient les textes correspondants aux vins rouges)<\/p><p>\u00a0\u00a0\u00a0\u00a0\u00a0\u00a0\u00a0\u00a0\u00a0\u00a0\u00a0\u00a0\u00a0\u00a0\u00a0 <strong>Ros\u00e9s<\/strong> (sous-menu qui contient les textes correspondants aux vins rouges)<\/p><p>Voir aussi l&rsquo;article sur ce sujet : <a href=\"\/luss\/menu-principal-sans-contenu\/\">Menu principal, simple conteneur\u00a0<\/a><\/p>\t\t\t\t\t\t\t\t<\/div>\n\t\t\t\t<\/div>\n\t\t\t\t<div class=\"elementor-element elementor-element-8876440 elementor-widget-divider--view-line elementor-widget elementor-widget-divider\" data-id=\"8876440\" data-element_type=\"widget\" data-e-type=\"widget\" data-widget_type=\"divider.default\">\n\t\t\t\t<div class=\"elementor-widget-container\">\n\t\t\t\t\t\t\t<div class=\"elementor-divider\">\n\t\t\t<span class=\"elementor-divider-separator\">\n\t\t\t\t\t\t<\/span>\n\t\t<\/div>\n\t\t\t\t\t\t<\/div>\n\t\t\t\t<\/div>\n\t\t\t\t\t<\/div>\n\t\t<\/div>\n\t\t\t\t\t<\/div>\n\t\t<\/section>\n\t\t\t\t<section class=\"elementor-section elementor-inner-section elementor-element elementor-element-14d35015 elementor-section-boxed elementor-section-height-default elementor-section-height-default\" data-id=\"14d35015\" data-element_type=\"section\" data-e-type=\"section\">\n\t\t\t\t\t\t<div class=\"elementor-container elementor-column-gap-default\">\n\t\t\t\t\t<div class=\"elementor-column elementor-col-50 elementor-inner-column elementor-element elementor-element-440ce1b9\" data-id=\"440ce1b9\" data-element_type=\"column\" data-e-type=\"column\">\n\t\t\t<div class=\"elementor-widget-wrap elementor-element-populated\">\n\t\t\t\t\t\t<div class=\"elementor-element elementor-element-5e4a619b elementor-widget elementor-widget-text-editor\" data-id=\"5e4a619b\" data-element_type=\"widget\" data-e-type=\"widget\" data-widget_type=\"text-editor.default\">\n\t\t\t\t<div class=\"elementor-widget-container\">\n\t\t\t\t\t\t\t\t\t<p><a href=\"\/luss\/cours-editeurs\/divi-les-options-du-theme-i\/\">\u21d0 Divi : les options du th\u00e8me I<\/a><\/p>\t\t\t\t\t\t\t\t<\/div>\n\t\t\t\t<\/div>\n\t\t\t\t\t<\/div>\n\t\t<\/div>\n\t\t\t\t<div class=\"elementor-column elementor-col-50 elementor-inner-column elementor-element elementor-element-1fcb8bb5\" data-id=\"1fcb8bb5\" data-element_type=\"column\" data-e-type=\"column\">\n\t\t\t<div class=\"elementor-widget-wrap elementor-element-populated\">\n\t\t\t\t\t\t<div class=\"elementor-element elementor-element-508acf22 elementor-widget elementor-widget-text-editor\" data-id=\"508acf22\" data-element_type=\"widget\" data-e-type=\"widget\" data-widget_type=\"text-editor.default\">\n\t\t\t\t<div class=\"elementor-widget-container\">\n\t\t\t\t\t\t\t\t\t<p style=\"text-align: right;\"><a href=\"\/luss\/cours-editeurs\/divi-les-options-du-theme-iii\/\">Divi : les options du th\u00e8me III \u21d2<\/a><\/p>\t\t\t\t\t\t\t\t<\/div>\n\t\t\t\t<\/div>\n\t\t\t\t\t<\/div>\n\t\t<\/div>\n\t\t\t\t\t<\/div>\n\t\t<\/section>\n\t\t\t\t<\/div>\n\t\t","protected":false},"excerpt":{"rendered":"<p>L&rsquo;onglet \u00ab\u00a0La navigation\u00a0\u00bb Cet onglet contient trois sous-onglets : Pages. Cat\u00e9gories. Param\u00e8tres g\u00e9n\u00e9raux. Rassurez-vous, peu de choses \u00e0 adapter \ud83d\ude09 La navigation &#8211; Pages Exclusion de pages :\u00a0Elles sont exclues d&rsquo;office d\u00e8s que vous cr\u00e9ez votre menu principal. Ne touchez<\/p>\n","protected":false},"author":1,"featured_media":0,"parent":956,"menu_order":17,"comment_status":"closed","ping_status":"closed","template":"","meta":{"footnotes":""},"class_list":["post-2352","page","type-page","status-publish","hentry"],"yoast_head":"<!-- This site is optimized with the Yoast SEO plugin v27.5 - https:\/\/yoast.com\/product\/yoast-seo-wordpress\/ -->\n<title>Divi : les options du th\u00e8me II - WPLUSS<\/title>\n<meta name=\"robots\" content=\"index, follow, max-snippet:-1, max-image-preview:large, max-video-preview:-1\" \/>\n<link rel=\"canonical\" href=\"https:\/\/www.philix.be\/luss\/cours-editeurs\/divi-les-options-du-theme-ii\/\" \/>\n<meta property=\"og:locale\" content=\"fr_FR\" \/>\n<meta property=\"og:type\" content=\"article\" \/>\n<meta property=\"og:title\" content=\"Divi : les options du th\u00e8me II - WPLUSS\" \/>\n<meta property=\"og:description\" content=\"L&rsquo;onglet \u00ab\u00a0La navigation\u00a0\u00bb Cet onglet contient trois sous-onglets : Pages. Cat\u00e9gories. Param\u00e8tres g\u00e9n\u00e9raux. Rassurez-vous, peu de choses \u00e0 adapter \ud83d\ude09 La navigation &#8211; Pages Exclusion de pages :\u00a0Elles sont exclues d&rsquo;office d\u00e8s que vous cr\u00e9ez votre menu principal. Ne touchez\" \/>\n<meta property=\"og:url\" content=\"https:\/\/www.philix.be\/luss\/cours-editeurs\/divi-les-options-du-theme-ii\/\" \/>\n<meta property=\"og:site_name\" content=\"WPLUSS\" \/>\n<meta property=\"article:modified_time\" content=\"2019-08-21T12:32:55+00:00\" \/>\n<meta property=\"og:image\" content=\"http:\/\/www.philix.be\/luss\/wp-content\/uploads\/sites\/3\/2019\/08\/diviOngletNavigation-1.png\" \/>\n<meta name=\"twitter:card\" content=\"summary_large_image\" \/>\n<meta name=\"twitter:label1\" content=\"Dur\u00e9e de lecture estim\u00e9e\" \/>\n\t<meta name=\"twitter:data1\" content=\"1 minute\" \/>\n<script type=\"application\/ld+json\" class=\"yoast-schema-graph\">{\"@context\":\"https:\\\/\\\/schema.org\",\"@graph\":[{\"@type\":\"WebPage\",\"@id\":\"https:\\\/\\\/www.philix.be\\\/luss\\\/cours-editeurs\\\/divi-les-options-du-theme-ii\\\/\",\"url\":\"https:\\\/\\\/www.philix.be\\\/luss\\\/cours-editeurs\\\/divi-les-options-du-theme-ii\\\/\",\"name\":\"Divi : les options du th\u00e8me II - WPLUSS\",\"isPartOf\":{\"@id\":\"https:\\\/\\\/www.philix.be\\\/luss\\\/#website\"},\"primaryImageOfPage\":{\"@id\":\"https:\\\/\\\/www.philix.be\\\/luss\\\/cours-editeurs\\\/divi-les-options-du-theme-ii\\\/#primaryimage\"},\"image\":{\"@id\":\"https:\\\/\\\/www.philix.be\\\/luss\\\/cours-editeurs\\\/divi-les-options-du-theme-ii\\\/#primaryimage\"},\"thumbnailUrl\":\"http:\\\/\\\/www.philix.be\\\/luss\\\/wp-content\\\/uploads\\\/sites\\\/3\\\/2019\\\/08\\\/diviOngletNavigation-1.png\",\"datePublished\":\"2019-08-16T12:34:44+00:00\",\"dateModified\":\"2019-08-21T12:32:55+00:00\",\"breadcrumb\":{\"@id\":\"https:\\\/\\\/www.philix.be\\\/luss\\\/cours-editeurs\\\/divi-les-options-du-theme-ii\\\/#breadcrumb\"},\"inLanguage\":\"fr-FR\",\"potentialAction\":[{\"@type\":\"ReadAction\",\"target\":[\"https:\\\/\\\/www.philix.be\\\/luss\\\/cours-editeurs\\\/divi-les-options-du-theme-ii\\\/\"]}]},{\"@type\":\"ImageObject\",\"inLanguage\":\"fr-FR\",\"@id\":\"https:\\\/\\\/www.philix.be\\\/luss\\\/cours-editeurs\\\/divi-les-options-du-theme-ii\\\/#primaryimage\",\"url\":\"http:\\\/\\\/www.philix.be\\\/luss\\\/wp-content\\\/uploads\\\/sites\\\/3\\\/2019\\\/08\\\/diviOngletNavigation-1.png\",\"contentUrl\":\"http:\\\/\\\/www.philix.be\\\/luss\\\/wp-content\\\/uploads\\\/sites\\\/3\\\/2019\\\/08\\\/diviOngletNavigation-1.png\"},{\"@type\":\"BreadcrumbList\",\"@id\":\"https:\\\/\\\/www.philix.be\\\/luss\\\/cours-editeurs\\\/divi-les-options-du-theme-ii\\\/#breadcrumb\",\"itemListElement\":[{\"@type\":\"ListItem\",\"position\":1,\"name\":\"Cours \u00c9diteurs\",\"item\":\"https:\\\/\\\/www.philix.be\\\/luss\\\/cours-editeurs\\\/\"},{\"@type\":\"ListItem\",\"position\":2,\"name\":\"Divi : les options du th\u00e8me II\"}]},{\"@type\":\"WebSite\",\"@id\":\"https:\\\/\\\/www.philix.be\\\/luss\\\/#website\",\"url\":\"https:\\\/\\\/www.philix.be\\\/luss\\\/\",\"name\":\"WPLUSS\",\"description\":\"Les sites de Ph\u00a1l\u00a1x\",\"publisher\":{\"@id\":\"https:\\\/\\\/www.philix.be\\\/luss\\\/#organization\"},\"potentialAction\":[{\"@type\":\"SearchAction\",\"target\":{\"@type\":\"EntryPoint\",\"urlTemplate\":\"https:\\\/\\\/www.philix.be\\\/luss\\\/?s={search_term_string}\"},\"query-input\":{\"@type\":\"PropertyValueSpecification\",\"valueRequired\":true,\"valueName\":\"search_term_string\"}}],\"inLanguage\":\"fr-FR\"},{\"@type\":\"Organization\",\"@id\":\"https:\\\/\\\/www.philix.be\\\/luss\\\/#organization\",\"name\":\"WPLUSS\",\"url\":\"https:\\\/\\\/www.philix.be\\\/luss\\\/\",\"logo\":{\"@type\":\"ImageObject\",\"inLanguage\":\"fr-FR\",\"@id\":\"https:\\\/\\\/www.philix.be\\\/luss\\\/#\\\/schema\\\/logo\\\/image\\\/\",\"url\":\"https:\\\/\\\/www.philix.be\\\/luss\\\/wp-content\\\/uploads\\\/sites\\\/3\\\/2017\\\/03\\\/cropped-wordpress-1415678_960_720-e1489930624872-1.png\",\"contentUrl\":\"https:\\\/\\\/www.philix.be\\\/luss\\\/wp-content\\\/uploads\\\/sites\\\/3\\\/2017\\\/03\\\/cropped-wordpress-1415678_960_720-e1489930624872-1.png\",\"width\":100,\"height\":100,\"caption\":\"WPLUSS\"},\"image\":{\"@id\":\"https:\\\/\\\/www.philix.be\\\/luss\\\/#\\\/schema\\\/logo\\\/image\\\/\"}}]}<\/script>\n<!-- \/ Yoast SEO plugin. -->","yoast_head_json":{"title":"Divi : les options du th\u00e8me II - WPLUSS","robots":{"index":"index","follow":"follow","max-snippet":"max-snippet:-1","max-image-preview":"max-image-preview:large","max-video-preview":"max-video-preview:-1"},"canonical":"https:\/\/www.philix.be\/luss\/cours-editeurs\/divi-les-options-du-theme-ii\/","og_locale":"fr_FR","og_type":"article","og_title":"Divi : les options du th\u00e8me II - WPLUSS","og_description":"L&rsquo;onglet \u00ab\u00a0La navigation\u00a0\u00bb Cet onglet contient trois sous-onglets : Pages. Cat\u00e9gories. Param\u00e8tres g\u00e9n\u00e9raux. Rassurez-vous, peu de choses \u00e0 adapter \ud83d\ude09 La navigation &#8211; Pages Exclusion de pages :\u00a0Elles sont exclues d&rsquo;office d\u00e8s que vous cr\u00e9ez votre menu principal. Ne touchez","og_url":"https:\/\/www.philix.be\/luss\/cours-editeurs\/divi-les-options-du-theme-ii\/","og_site_name":"WPLUSS","article_modified_time":"2019-08-21T12:32:55+00:00","og_image":[{"url":"http:\/\/www.philix.be\/luss\/wp-content\/uploads\/sites\/3\/2019\/08\/diviOngletNavigation-1.png","type":"","width":"","height":""}],"twitter_card":"summary_large_image","twitter_misc":{"Dur\u00e9e de lecture estim\u00e9e":"1 minute"},"schema":{"@context":"https:\/\/schema.org","@graph":[{"@type":"WebPage","@id":"https:\/\/www.philix.be\/luss\/cours-editeurs\/divi-les-options-du-theme-ii\/","url":"https:\/\/www.philix.be\/luss\/cours-editeurs\/divi-les-options-du-theme-ii\/","name":"Divi : les options du th\u00e8me II - WPLUSS","isPartOf":{"@id":"https:\/\/www.philix.be\/luss\/#website"},"primaryImageOfPage":{"@id":"https:\/\/www.philix.be\/luss\/cours-editeurs\/divi-les-options-du-theme-ii\/#primaryimage"},"image":{"@id":"https:\/\/www.philix.be\/luss\/cours-editeurs\/divi-les-options-du-theme-ii\/#primaryimage"},"thumbnailUrl":"http:\/\/www.philix.be\/luss\/wp-content\/uploads\/sites\/3\/2019\/08\/diviOngletNavigation-1.png","datePublished":"2019-08-16T12:34:44+00:00","dateModified":"2019-08-21T12:32:55+00:00","breadcrumb":{"@id":"https:\/\/www.philix.be\/luss\/cours-editeurs\/divi-les-options-du-theme-ii\/#breadcrumb"},"inLanguage":"fr-FR","potentialAction":[{"@type":"ReadAction","target":["https:\/\/www.philix.be\/luss\/cours-editeurs\/divi-les-options-du-theme-ii\/"]}]},{"@type":"ImageObject","inLanguage":"fr-FR","@id":"https:\/\/www.philix.be\/luss\/cours-editeurs\/divi-les-options-du-theme-ii\/#primaryimage","url":"http:\/\/www.philix.be\/luss\/wp-content\/uploads\/sites\/3\/2019\/08\/diviOngletNavigation-1.png","contentUrl":"http:\/\/www.philix.be\/luss\/wp-content\/uploads\/sites\/3\/2019\/08\/diviOngletNavigation-1.png"},{"@type":"BreadcrumbList","@id":"https:\/\/www.philix.be\/luss\/cours-editeurs\/divi-les-options-du-theme-ii\/#breadcrumb","itemListElement":[{"@type":"ListItem","position":1,"name":"Cours \u00c9diteurs","item":"https:\/\/www.philix.be\/luss\/cours-editeurs\/"},{"@type":"ListItem","position":2,"name":"Divi : les options du th\u00e8me II"}]},{"@type":"WebSite","@id":"https:\/\/www.philix.be\/luss\/#website","url":"https:\/\/www.philix.be\/luss\/","name":"WPLUSS","description":"Les sites de Ph\u00a1l\u00a1x","publisher":{"@id":"https:\/\/www.philix.be\/luss\/#organization"},"potentialAction":[{"@type":"SearchAction","target":{"@type":"EntryPoint","urlTemplate":"https:\/\/www.philix.be\/luss\/?s={search_term_string}"},"query-input":{"@type":"PropertyValueSpecification","valueRequired":true,"valueName":"search_term_string"}}],"inLanguage":"fr-FR"},{"@type":"Organization","@id":"https:\/\/www.philix.be\/luss\/#organization","name":"WPLUSS","url":"https:\/\/www.philix.be\/luss\/","logo":{"@type":"ImageObject","inLanguage":"fr-FR","@id":"https:\/\/www.philix.be\/luss\/#\/schema\/logo\/image\/","url":"https:\/\/www.philix.be\/luss\/wp-content\/uploads\/sites\/3\/2017\/03\/cropped-wordpress-1415678_960_720-e1489930624872-1.png","contentUrl":"https:\/\/www.philix.be\/luss\/wp-content\/uploads\/sites\/3\/2017\/03\/cropped-wordpress-1415678_960_720-e1489930624872-1.png","width":100,"height":100,"caption":"WPLUSS"},"image":{"@id":"https:\/\/www.philix.be\/luss\/#\/schema\/logo\/image\/"}}]}},"_links":{"self":[{"href":"https:\/\/www.philix.be\/luss\/wp-json\/wp\/v2\/pages\/2352","targetHints":{"allow":["GET"]}}],"collection":[{"href":"https:\/\/www.philix.be\/luss\/wp-json\/wp\/v2\/pages"}],"about":[{"href":"https:\/\/www.philix.be\/luss\/wp-json\/wp\/v2\/types\/page"}],"author":[{"embeddable":true,"href":"https:\/\/www.philix.be\/luss\/wp-json\/wp\/v2\/users\/1"}],"replies":[{"embeddable":true,"href":"https:\/\/www.philix.be\/luss\/wp-json\/wp\/v2\/comments?post=2352"}],"version-history":[{"count":0,"href":"https:\/\/www.philix.be\/luss\/wp-json\/wp\/v2\/pages\/2352\/revisions"}],"up":[{"embeddable":true,"href":"https:\/\/www.philix.be\/luss\/wp-json\/wp\/v2\/pages\/956"}],"wp:attachment":[{"href":"https:\/\/www.philix.be\/luss\/wp-json\/wp\/v2\/media?parent=2352"}],"curies":[{"name":"wp","href":"https:\/\/api.w.org\/{rel}","templated":true}]}}