{"id":2385,"date":"2019-08-17T16:00:36","date_gmt":"2019-08-17T14:00:36","guid":{"rendered":"http:\/\/www.philix.be\/luss\/?page_id=2385"},"modified":"2019-08-18T14:34:54","modified_gmt":"2019-08-18T12:34:54","slug":"divi-les-options-du-theme-iii","status":"publish","type":"page","link":"https:\/\/www.philix.be\/luss\/cours-editeurs\/divi-les-options-du-theme-iii\/","title":{"rendered":"Divi : les options du th\u00e8me III"},"content":{"rendered":"\t\t<div data-elementor-type=\"wp-post\" data-elementor-id=\"2385\" class=\"elementor elementor-2385\">\n\t\t\t\t\t\t<section class=\"elementor-section elementor-top-section elementor-element elementor-element-1bf84b3 elementor-section-boxed elementor-section-height-default elementor-section-height-default\" data-id=\"1bf84b3\" data-element_type=\"section\" data-e-type=\"section\">\n\t\t\t\t\t\t<div class=\"elementor-container elementor-column-gap-default\">\n\t\t\t\t\t<div class=\"elementor-column elementor-col-100 elementor-top-column elementor-element elementor-element-48cb7c1\" data-id=\"48cb7c1\" data-element_type=\"column\" data-e-type=\"column\">\n\t\t\t<div class=\"elementor-widget-wrap elementor-element-populated\">\n\t\t\t\t\t\t<div class=\"elementor-element elementor-element-f9fc175 elementor-widget elementor-widget-heading\" data-id=\"f9fc175\" data-element_type=\"widget\" data-e-type=\"widget\" data-widget_type=\"heading.default\">\n\t\t\t\t<div class=\"elementor-widget-container\">\n\t\t\t\t\t<h3 class=\"elementor-heading-title elementor-size-default\">Divi : l'onglet Cr\u00e9ateur<\/h3>\t\t\t\t<\/div>\n\t\t\t\t<\/div>\n\t\t\t\t<div class=\"elementor-element elementor-element-b7c4a26 elementor-widget elementor-widget-text-editor\" data-id=\"b7c4a26\" data-element_type=\"widget\" data-e-type=\"widget\" data-widget_type=\"text-editor.default\">\n\t\t\t\t<div class=\"elementor-widget-container\">\n\t\t\t\t\t\t\t\t\t<p>\u00ab\u00a0<strong>Cr\u00e9ateur<\/strong>\u00a0\u00bb &#8230; traduction bizarre de \u00ab\u00a0<strong>Builder<\/strong>\u00ab\u00a0.<br \/>On aurait pr\u00e9f\u00e9r\u00e9 \u00ab\u00a0<strong>Constructeur<\/strong>\u00ab\u00a0, quoique le contenu de cet onglet soit plut\u00f4t de la \u00ab\u00a0<strong>Personnalisation<\/strong>\u00ab\u00a0.<\/p><p>Voyons les sous-onglets :<\/p>\t\t\t\t\t\t\t\t<\/div>\n\t\t\t\t<\/div>\n\t\t\t\t<div class=\"elementor-element elementor-element-2772b96 elementor-widget elementor-widget-heading\" data-id=\"2772b96\" data-element_type=\"widget\" data-e-type=\"widget\" data-widget_type=\"heading.default\">\n\t\t\t\t<div class=\"elementor-widget-container\">\n\t\t\t\t\t<h4 class=\"elementor-heading-title elementor-size-default\">Onglet Cr\u00e9ateur - Int\u00e9gration du type de post<\/h4>\t\t\t\t<\/div>\n\t\t\t\t<\/div>\n\t\t\t\t<div class=\"elementor-element elementor-element-45d6ca1 elementor-widget elementor-widget-image\" data-id=\"45d6ca1\" data-element_type=\"widget\" data-e-type=\"widget\" data-widget_type=\"image.default\">\n\t\t\t\t<div class=\"elementor-widget-container\">\n\t\t\t\t\t\t\t\t\t\t\t\t\t\t\t<img fetchpriority=\"high\" decoding=\"async\" width=\"710\" height=\"235\" src=\"https:\/\/www.philix.be\/luss\/wp-content\/uploads\/sites\/3\/2019\/08\/diviOngletCreateur-1.png\" class=\"attachment-large size-large wp-image-2389\" alt=\"Divi : onglet Cr\u00e9ateur I\" srcset=\"https:\/\/www.philix.be\/luss\/wp-content\/uploads\/sites\/3\/2019\/08\/diviOngletCreateur-1.png 964w, https:\/\/www.philix.be\/luss\/wp-content\/uploads\/sites\/3\/2019\/08\/diviOngletCreateur-1-300x99.png 300w, https:\/\/www.philix.be\/luss\/wp-content\/uploads\/sites\/3\/2019\/08\/diviOngletCreateur-1-768x254.png 768w, https:\/\/www.philix.be\/luss\/wp-content\/uploads\/sites\/3\/2019\/08\/diviOngletCreateur-1-600x199.png 600w\" sizes=\"(max-width: 710px) 100vw, 710px\" \/>\t\t\t\t\t\t\t\t\t\t\t\t\t\t\t<\/div>\n\t\t\t\t<\/div>\n\t\t\t\t<div class=\"elementor-element elementor-element-6dd0bb9 elementor-widget elementor-widget-text-editor\" data-id=\"6dd0bb9\" data-element_type=\"widget\" data-e-type=\"widget\" data-widget_type=\"text-editor.default\">\n\t\t\t\t<div class=\"elementor-widget-container\">\n\t\t\t\t\t\t\t\t\t<p>Rien de vital ici. Activez tout, c&rsquo;est le plus simple et le plus coh\u00e9rent. Notez que c&rsquo;est activ\u00e9 par d\u00e9faut)<br \/>(Dans l&rsquo;exemple, je constate que je n&rsquo;ai pas activ\u00e9 \u00ab\u00a0Glossary\u00a0\u00bb, r\u00e9install\u00e9 apr\u00e8s Divi. C&rsquo;est corrig\u00e9)<\/p>\t\t\t\t\t\t\t\t<\/div>\n\t\t\t\t<\/div>\n\t\t\t\t<div class=\"elementor-element elementor-element-960212c elementor-widget elementor-widget-heading\" data-id=\"960212c\" data-element_type=\"widget\" data-e-type=\"widget\" data-widget_type=\"heading.default\">\n\t\t\t\t<div class=\"elementor-widget-container\">\n\t\t\t\t\t<h4 class=\"elementor-heading-title elementor-size-default\">Onglet Cr\u00e9ateur - Avanc\u00e9<\/h4>\t\t\t\t<\/div>\n\t\t\t\t<\/div>\n\t\t\t\t<div class=\"elementor-element elementor-element-ebf59a6 elementor-widget elementor-widget-image\" data-id=\"ebf59a6\" data-element_type=\"widget\" data-e-type=\"widget\" data-widget_type=\"image.default\">\n\t\t\t\t<div class=\"elementor-widget-container\">\n\t\t\t\t\t\t\t\t\t\t\t\t\t\t\t<img decoding=\"async\" width=\"710\" height=\"331\" src=\"https:\/\/www.philix.be\/luss\/wp-content\/uploads\/sites\/3\/2019\/08\/diviOngletCreateur-2.png\" class=\"attachment-large size-large wp-image-2470\" alt=\"Divi : onglet cr\u00e9ateur II\" srcset=\"https:\/\/www.philix.be\/luss\/wp-content\/uploads\/sites\/3\/2019\/08\/diviOngletCreateur-2.png 966w, https:\/\/www.philix.be\/luss\/wp-content\/uploads\/sites\/3\/2019\/08\/diviOngletCreateur-2-300x140.png 300w, https:\/\/www.philix.be\/luss\/wp-content\/uploads\/sites\/3\/2019\/08\/diviOngletCreateur-2-768x359.png 768w, https:\/\/www.philix.be\/luss\/wp-content\/uploads\/sites\/3\/2019\/08\/diviOngletCreateur-2-600x280.png 600w\" sizes=\"(max-width: 710px) 100vw, 710px\" \/>\t\t\t\t\t\t\t\t\t\t\t\t\t\t\t<\/div>\n\t\t\t\t<\/div>\n\t\t\t\t<div class=\"elementor-element elementor-element-a2bc4fe elementor-widget elementor-widget-text-editor\" data-id=\"a2bc4fe\" data-element_type=\"widget\" data-e-type=\"widget\" data-widget_type=\"text-editor.default\">\n\t\t\t\t<div class=\"elementor-widget-container\">\n\t\t\t\t\t\t\t\t\t<ol><li><strong>G\u00e9n\u00e9ration de fichier CSS statiques :<\/strong> le fait d\u2019activer cette option permet de gagner en performance<\/li><li><strong>D\u00e9claration les styles localement :<\/strong>\u00a0avec les versions pr\u00e9c\u00e9dentes du Divi Builder, les styles CSS des modules \u00e9taient affich\u00e9s en ligne (<em>inline<\/em>) dans le pied de page. Laissez cette option sur <strong>D\u00e9sactiver<\/strong>.<\/li><li><strong>Visite du produit :<\/strong> Si cette option est activ\u00e9e, le Guide de d\u00e9marrage sera affich\u00e9 automatiquement <strong>lors du premier lancement<\/strong> du <em>Visual Builder<\/em>.<\/li><li><strong>Activer la derni\u00e8re exp\u00e9rience Divi Builder <\/strong>: Ben oui ! L\u2019ancien Divi Builder est conserv\u00e9 pour ceux qui ont l&rsquo;habitude de travailler avec lui.<br \/>Utilisons donc la derni\u00e8re version !\u00a0<\/li><li><strong>Activer l&rsquo;\u00e9diteur classique<\/strong>\u00a0: avec cette nouvelle option, nous n\u2019avons plus besoin du plugin\u00a0<strong>Classic Editor<\/strong> pour conserver l\u2019ancien \u00e9diteur de WordPress.\u00a0<br \/>(Cela \u00e0 permis de supprimer le plugin install\u00e9 initialement).<br \/><span style=\"color: #ff0000;\"><strong>\u00c0 activer absolument !<\/strong><\/span><\/li><\/ol>\t\t\t\t\t\t\t\t<\/div>\n\t\t\t\t<\/div>\n\t\t\t\t<div class=\"elementor-element elementor-element-402476b elementor-widget-divider--view-line elementor-widget elementor-widget-divider\" data-id=\"402476b\" data-element_type=\"widget\" data-e-type=\"widget\" data-widget_type=\"divider.default\">\n\t\t\t\t<div class=\"elementor-widget-container\">\n\t\t\t\t\t\t\t<div class=\"elementor-divider\">\n\t\t\t<span class=\"elementor-divider-separator\">\n\t\t\t\t\t\t<\/span>\n\t\t<\/div>\n\t\t\t\t\t\t<\/div>\n\t\t\t\t<\/div>\n\t\t\t\t\t<\/div>\n\t\t<\/div>\n\t\t\t\t\t<\/div>\n\t\t<\/section>\n\t\t\t\t<section class=\"elementor-section elementor-inner-section elementor-element elementor-element-6a973953 elementor-section-boxed elementor-section-height-default elementor-section-height-default\" data-id=\"6a973953\" data-element_type=\"section\" data-e-type=\"section\">\n\t\t\t\t\t\t<div class=\"elementor-container elementor-column-gap-default\">\n\t\t\t\t\t<div class=\"elementor-column elementor-col-50 elementor-inner-column elementor-element elementor-element-717e9192\" data-id=\"717e9192\" data-element_type=\"column\" data-e-type=\"column\">\n\t\t\t<div class=\"elementor-widget-wrap elementor-element-populated\">\n\t\t\t\t\t\t<div class=\"elementor-element elementor-element-45271b24 elementor-widget elementor-widget-text-editor\" data-id=\"45271b24\" data-element_type=\"widget\" data-e-type=\"widget\" data-widget_type=\"text-editor.default\">\n\t\t\t\t<div class=\"elementor-widget-container\">\n\t\t\t\t\t\t\t\t\t<p><a href=\"\/luss\/cours-editeurs\/divi-les-options-du-theme-ii\/\">\u21d0 Divi : les options du th\u00e8me II<\/a><\/p>\t\t\t\t\t\t\t\t<\/div>\n\t\t\t\t<\/div>\n\t\t\t\t\t<\/div>\n\t\t<\/div>\n\t\t\t\t<div class=\"elementor-column elementor-col-50 elementor-inner-column elementor-element elementor-element-2e1918c7\" data-id=\"2e1918c7\" data-element_type=\"column\" data-e-type=\"column\">\n\t\t\t<div class=\"elementor-widget-wrap elementor-element-populated\">\n\t\t\t\t\t\t<div class=\"elementor-element elementor-element-38d816a2 elementor-widget elementor-widget-text-editor\" data-id=\"38d816a2\" data-element_type=\"widget\" data-e-type=\"widget\" data-widget_type=\"text-editor.default\">\n\t\t\t\t<div class=\"elementor-widget-container\">\n\t\t\t\t\t\t\t\t\t<p style=\"text-align: right;\"><a href=\"http:\/\/www.philix.be\/luss\/cours-editeurs\/divi-les-options-du-theme-iv\/\">Divi : les options du th\u00e8me IV \u21d2<\/a><\/p>\t\t\t\t\t\t\t\t<\/div>\n\t\t\t\t<\/div>\n\t\t\t\t\t<\/div>\n\t\t<\/div>\n\t\t\t\t\t<\/div>\n\t\t<\/section>\n\t\t\t\t<\/div>\n\t\t","protected":false},"excerpt":{"rendered":"<p>Divi : l&rsquo;onglet Cr\u00e9ateur \u00ab\u00a0Cr\u00e9ateur\u00a0\u00bb &#8230; traduction bizarre de \u00ab\u00a0Builder\u00ab\u00a0.On aurait pr\u00e9f\u00e9r\u00e9 \u00ab\u00a0Constructeur\u00ab\u00a0, quoique le contenu de cet onglet soit plut\u00f4t de la \u00ab\u00a0Personnalisation\u00ab\u00a0. Voyons les sous-onglets : Onglet Cr\u00e9ateur &#8211; Int\u00e9gration du type de post Rien de vital ici.<\/p>\n","protected":false},"author":1,"featured_media":0,"parent":956,"menu_order":17,"comment_status":"closed","ping_status":"closed","template":"","meta":{"footnotes":""},"class_list":["post-2385","page","type-page","status-publish","hentry"],"yoast_head":"<!-- This site is optimized with the Yoast SEO plugin v27.4 - https:\/\/yoast.com\/product\/yoast-seo-wordpress\/ -->\n<title>Divi : les options du th\u00e8me III - WPLUSS<\/title>\n<meta name=\"robots\" content=\"index, follow, max-snippet:-1, max-image-preview:large, max-video-preview:-1\" \/>\n<link rel=\"canonical\" href=\"https:\/\/www.philix.be\/luss\/cours-editeurs\/divi-les-options-du-theme-iii\/\" \/>\n<meta property=\"og:locale\" content=\"fr_FR\" \/>\n<meta property=\"og:type\" content=\"article\" \/>\n<meta property=\"og:title\" content=\"Divi : les options du th\u00e8me III - WPLUSS\" \/>\n<meta property=\"og:description\" content=\"Divi : l&rsquo;onglet Cr\u00e9ateur \u00ab\u00a0Cr\u00e9ateur\u00a0\u00bb &#8230; traduction bizarre de \u00ab\u00a0Builder\u00ab\u00a0.On aurait pr\u00e9f\u00e9r\u00e9 \u00ab\u00a0Constructeur\u00ab\u00a0, quoique le contenu de cet onglet soit plut\u00f4t de la \u00ab\u00a0Personnalisation\u00ab\u00a0. Voyons les sous-onglets : Onglet Cr\u00e9ateur &#8211; Int\u00e9gration du type de post Rien de vital ici.\" \/>\n<meta property=\"og:url\" content=\"https:\/\/www.philix.be\/luss\/cours-editeurs\/divi-les-options-du-theme-iii\/\" \/>\n<meta property=\"og:site_name\" content=\"WPLUSS\" \/>\n<meta property=\"article:modified_time\" content=\"2019-08-18T12:34:54+00:00\" \/>\n<meta property=\"og:image\" content=\"http:\/\/www.philix.be\/luss\/wp-content\/uploads\/sites\/3\/2019\/08\/diviOngletCreateur-1.png\" \/>\n<meta name=\"twitter:card\" content=\"summary_large_image\" \/>\n<meta name=\"twitter:label1\" content=\"Dur\u00e9e de lecture estim\u00e9e\" \/>\n\t<meta name=\"twitter:data1\" content=\"1 minute\" \/>\n<script type=\"application\/ld+json\" class=\"yoast-schema-graph\">{\"@context\":\"https:\\\/\\\/schema.org\",\"@graph\":[{\"@type\":\"WebPage\",\"@id\":\"https:\\\/\\\/www.philix.be\\\/luss\\\/cours-editeurs\\\/divi-les-options-du-theme-iii\\\/\",\"url\":\"https:\\\/\\\/www.philix.be\\\/luss\\\/cours-editeurs\\\/divi-les-options-du-theme-iii\\\/\",\"name\":\"Divi : les options du th\u00e8me III - WPLUSS\",\"isPartOf\":{\"@id\":\"https:\\\/\\\/www.philix.be\\\/luss\\\/#website\"},\"primaryImageOfPage\":{\"@id\":\"https:\\\/\\\/www.philix.be\\\/luss\\\/cours-editeurs\\\/divi-les-options-du-theme-iii\\\/#primaryimage\"},\"image\":{\"@id\":\"https:\\\/\\\/www.philix.be\\\/luss\\\/cours-editeurs\\\/divi-les-options-du-theme-iii\\\/#primaryimage\"},\"thumbnailUrl\":\"http:\\\/\\\/www.philix.be\\\/luss\\\/wp-content\\\/uploads\\\/sites\\\/3\\\/2019\\\/08\\\/diviOngletCreateur-1.png\",\"datePublished\":\"2019-08-17T14:00:36+00:00\",\"dateModified\":\"2019-08-18T12:34:54+00:00\",\"breadcrumb\":{\"@id\":\"https:\\\/\\\/www.philix.be\\\/luss\\\/cours-editeurs\\\/divi-les-options-du-theme-iii\\\/#breadcrumb\"},\"inLanguage\":\"fr-FR\",\"potentialAction\":[{\"@type\":\"ReadAction\",\"target\":[\"https:\\\/\\\/www.philix.be\\\/luss\\\/cours-editeurs\\\/divi-les-options-du-theme-iii\\\/\"]}]},{\"@type\":\"ImageObject\",\"inLanguage\":\"fr-FR\",\"@id\":\"https:\\\/\\\/www.philix.be\\\/luss\\\/cours-editeurs\\\/divi-les-options-du-theme-iii\\\/#primaryimage\",\"url\":\"http:\\\/\\\/www.philix.be\\\/luss\\\/wp-content\\\/uploads\\\/sites\\\/3\\\/2019\\\/08\\\/diviOngletCreateur-1.png\",\"contentUrl\":\"http:\\\/\\\/www.philix.be\\\/luss\\\/wp-content\\\/uploads\\\/sites\\\/3\\\/2019\\\/08\\\/diviOngletCreateur-1.png\"},{\"@type\":\"BreadcrumbList\",\"@id\":\"https:\\\/\\\/www.philix.be\\\/luss\\\/cours-editeurs\\\/divi-les-options-du-theme-iii\\\/#breadcrumb\",\"itemListElement\":[{\"@type\":\"ListItem\",\"position\":1,\"name\":\"Cours \u00c9diteurs\",\"item\":\"https:\\\/\\\/www.philix.be\\\/luss\\\/cours-editeurs\\\/\"},{\"@type\":\"ListItem\",\"position\":2,\"name\":\"Divi : les options du th\u00e8me III\"}]},{\"@type\":\"WebSite\",\"@id\":\"https:\\\/\\\/www.philix.be\\\/luss\\\/#website\",\"url\":\"https:\\\/\\\/www.philix.be\\\/luss\\\/\",\"name\":\"WPLUSS\",\"description\":\"Les sites de Ph\u00a1l\u00a1x\",\"publisher\":{\"@id\":\"https:\\\/\\\/www.philix.be\\\/luss\\\/#organization\"},\"potentialAction\":[{\"@type\":\"SearchAction\",\"target\":{\"@type\":\"EntryPoint\",\"urlTemplate\":\"https:\\\/\\\/www.philix.be\\\/luss\\\/?s={search_term_string}\"},\"query-input\":{\"@type\":\"PropertyValueSpecification\",\"valueRequired\":true,\"valueName\":\"search_term_string\"}}],\"inLanguage\":\"fr-FR\"},{\"@type\":\"Organization\",\"@id\":\"https:\\\/\\\/www.philix.be\\\/luss\\\/#organization\",\"name\":\"WPLUSS\",\"url\":\"https:\\\/\\\/www.philix.be\\\/luss\\\/\",\"logo\":{\"@type\":\"ImageObject\",\"inLanguage\":\"fr-FR\",\"@id\":\"https:\\\/\\\/www.philix.be\\\/luss\\\/#\\\/schema\\\/logo\\\/image\\\/\",\"url\":\"https:\\\/\\\/www.philix.be\\\/luss\\\/wp-content\\\/uploads\\\/sites\\\/3\\\/2017\\\/03\\\/cropped-wordpress-1415678_960_720-e1489930624872-1.png\",\"contentUrl\":\"https:\\\/\\\/www.philix.be\\\/luss\\\/wp-content\\\/uploads\\\/sites\\\/3\\\/2017\\\/03\\\/cropped-wordpress-1415678_960_720-e1489930624872-1.png\",\"width\":100,\"height\":100,\"caption\":\"WPLUSS\"},\"image\":{\"@id\":\"https:\\\/\\\/www.philix.be\\\/luss\\\/#\\\/schema\\\/logo\\\/image\\\/\"}}]}<\/script>\n<!-- \/ Yoast SEO plugin. -->","yoast_head_json":{"title":"Divi : les options du th\u00e8me III - WPLUSS","robots":{"index":"index","follow":"follow","max-snippet":"max-snippet:-1","max-image-preview":"max-image-preview:large","max-video-preview":"max-video-preview:-1"},"canonical":"https:\/\/www.philix.be\/luss\/cours-editeurs\/divi-les-options-du-theme-iii\/","og_locale":"fr_FR","og_type":"article","og_title":"Divi : les options du th\u00e8me III - WPLUSS","og_description":"Divi : l&rsquo;onglet Cr\u00e9ateur \u00ab\u00a0Cr\u00e9ateur\u00a0\u00bb &#8230; traduction bizarre de \u00ab\u00a0Builder\u00ab\u00a0.On aurait pr\u00e9f\u00e9r\u00e9 \u00ab\u00a0Constructeur\u00ab\u00a0, quoique le contenu de cet onglet soit plut\u00f4t de la \u00ab\u00a0Personnalisation\u00ab\u00a0. Voyons les sous-onglets : Onglet Cr\u00e9ateur &#8211; Int\u00e9gration du type de post Rien de vital ici.","og_url":"https:\/\/www.philix.be\/luss\/cours-editeurs\/divi-les-options-du-theme-iii\/","og_site_name":"WPLUSS","article_modified_time":"2019-08-18T12:34:54+00:00","og_image":[{"url":"http:\/\/www.philix.be\/luss\/wp-content\/uploads\/sites\/3\/2019\/08\/diviOngletCreateur-1.png","type":"","width":"","height":""}],"twitter_card":"summary_large_image","twitter_misc":{"Dur\u00e9e de lecture estim\u00e9e":"1 minute"},"schema":{"@context":"https:\/\/schema.org","@graph":[{"@type":"WebPage","@id":"https:\/\/www.philix.be\/luss\/cours-editeurs\/divi-les-options-du-theme-iii\/","url":"https:\/\/www.philix.be\/luss\/cours-editeurs\/divi-les-options-du-theme-iii\/","name":"Divi : les options du th\u00e8me III - WPLUSS","isPartOf":{"@id":"https:\/\/www.philix.be\/luss\/#website"},"primaryImageOfPage":{"@id":"https:\/\/www.philix.be\/luss\/cours-editeurs\/divi-les-options-du-theme-iii\/#primaryimage"},"image":{"@id":"https:\/\/www.philix.be\/luss\/cours-editeurs\/divi-les-options-du-theme-iii\/#primaryimage"},"thumbnailUrl":"http:\/\/www.philix.be\/luss\/wp-content\/uploads\/sites\/3\/2019\/08\/diviOngletCreateur-1.png","datePublished":"2019-08-17T14:00:36+00:00","dateModified":"2019-08-18T12:34:54+00:00","breadcrumb":{"@id":"https:\/\/www.philix.be\/luss\/cours-editeurs\/divi-les-options-du-theme-iii\/#breadcrumb"},"inLanguage":"fr-FR","potentialAction":[{"@type":"ReadAction","target":["https:\/\/www.philix.be\/luss\/cours-editeurs\/divi-les-options-du-theme-iii\/"]}]},{"@type":"ImageObject","inLanguage":"fr-FR","@id":"https:\/\/www.philix.be\/luss\/cours-editeurs\/divi-les-options-du-theme-iii\/#primaryimage","url":"http:\/\/www.philix.be\/luss\/wp-content\/uploads\/sites\/3\/2019\/08\/diviOngletCreateur-1.png","contentUrl":"http:\/\/www.philix.be\/luss\/wp-content\/uploads\/sites\/3\/2019\/08\/diviOngletCreateur-1.png"},{"@type":"BreadcrumbList","@id":"https:\/\/www.philix.be\/luss\/cours-editeurs\/divi-les-options-du-theme-iii\/#breadcrumb","itemListElement":[{"@type":"ListItem","position":1,"name":"Cours \u00c9diteurs","item":"https:\/\/www.philix.be\/luss\/cours-editeurs\/"},{"@type":"ListItem","position":2,"name":"Divi : les options du th\u00e8me III"}]},{"@type":"WebSite","@id":"https:\/\/www.philix.be\/luss\/#website","url":"https:\/\/www.philix.be\/luss\/","name":"WPLUSS","description":"Les sites de Ph\u00a1l\u00a1x","publisher":{"@id":"https:\/\/www.philix.be\/luss\/#organization"},"potentialAction":[{"@type":"SearchAction","target":{"@type":"EntryPoint","urlTemplate":"https:\/\/www.philix.be\/luss\/?s={search_term_string}"},"query-input":{"@type":"PropertyValueSpecification","valueRequired":true,"valueName":"search_term_string"}}],"inLanguage":"fr-FR"},{"@type":"Organization","@id":"https:\/\/www.philix.be\/luss\/#organization","name":"WPLUSS","url":"https:\/\/www.philix.be\/luss\/","logo":{"@type":"ImageObject","inLanguage":"fr-FR","@id":"https:\/\/www.philix.be\/luss\/#\/schema\/logo\/image\/","url":"https:\/\/www.philix.be\/luss\/wp-content\/uploads\/sites\/3\/2017\/03\/cropped-wordpress-1415678_960_720-e1489930624872-1.png","contentUrl":"https:\/\/www.philix.be\/luss\/wp-content\/uploads\/sites\/3\/2017\/03\/cropped-wordpress-1415678_960_720-e1489930624872-1.png","width":100,"height":100,"caption":"WPLUSS"},"image":{"@id":"https:\/\/www.philix.be\/luss\/#\/schema\/logo\/image\/"}}]}},"_links":{"self":[{"href":"https:\/\/www.philix.be\/luss\/wp-json\/wp\/v2\/pages\/2385","targetHints":{"allow":["GET"]}}],"collection":[{"href":"https:\/\/www.philix.be\/luss\/wp-json\/wp\/v2\/pages"}],"about":[{"href":"https:\/\/www.philix.be\/luss\/wp-json\/wp\/v2\/types\/page"}],"author":[{"embeddable":true,"href":"https:\/\/www.philix.be\/luss\/wp-json\/wp\/v2\/users\/1"}],"replies":[{"embeddable":true,"href":"https:\/\/www.philix.be\/luss\/wp-json\/wp\/v2\/comments?post=2385"}],"version-history":[{"count":0,"href":"https:\/\/www.philix.be\/luss\/wp-json\/wp\/v2\/pages\/2385\/revisions"}],"up":[{"embeddable":true,"href":"https:\/\/www.philix.be\/luss\/wp-json\/wp\/v2\/pages\/956"}],"wp:attachment":[{"href":"https:\/\/www.philix.be\/luss\/wp-json\/wp\/v2\/media?parent=2385"}],"curies":[{"name":"wp","href":"https:\/\/api.w.org\/{rel}","templated":true}]}}