{"id":2406,"date":"2019-08-17T17:30:41","date_gmt":"2019-08-17T15:30:41","guid":{"rendered":"http:\/\/www.philix.be\/luss\/?page_id=2406"},"modified":"2019-08-18T11:42:06","modified_gmt":"2019-08-18T09:42:06","slug":"divi-les-options-du-theme-iv","status":"publish","type":"page","link":"https:\/\/www.philix.be\/luss\/cours-editeurs\/divi-les-options-du-theme-iv\/","title":{"rendered":"Divi : les options du th\u00e8me IV"},"content":{"rendered":"\t\t<div data-elementor-type=\"wp-post\" data-elementor-id=\"2406\" class=\"elementor elementor-2406\">\n\t\t\t\t\t\t<section class=\"elementor-section elementor-top-section elementor-element elementor-element-84f604b elementor-section-boxed elementor-section-height-default elementor-section-height-default\" data-id=\"84f604b\" data-element_type=\"section\" data-e-type=\"section\">\n\t\t\t\t\t\t<div class=\"elementor-container elementor-column-gap-default\">\n\t\t\t\t\t<div class=\"elementor-column elementor-col-100 elementor-top-column elementor-element elementor-element-9a1ab7e\" data-id=\"9a1ab7e\" data-element_type=\"column\" data-e-type=\"column\">\n\t\t\t<div class=\"elementor-widget-wrap elementor-element-populated\">\n\t\t\t\t\t\t<div class=\"elementor-element elementor-element-a9d1a76 elementor-widget elementor-widget-heading\" data-id=\"a9d1a76\" data-element_type=\"widget\" data-e-type=\"widget\" data-widget_type=\"heading.default\">\n\t\t\t\t<div class=\"elementor-widget-container\">\n\t\t\t\t\t<h3 class=\"elementor-heading-title elementor-size-default\">L'onglet Disposition<\/h3>\t\t\t\t<\/div>\n\t\t\t\t<\/div>\n\t\t\t\t<div class=\"elementor-element elementor-element-25c37fe elementor-widget elementor-widget-text-editor\" data-id=\"25c37fe\" data-element_type=\"widget\" data-e-type=\"widget\" data-widget_type=\"text-editor.default\">\n\t\t\t\t<div class=\"elementor-widget-container\">\n\t\t\t\t\t\t\t\t\t<p>L\u2019onglet <b>Disposition <\/b>se d\u00e9cline en trois sous-onglets qui servent \u00e0 d\u00e9finir la mise en page \u00ab\u00a0de base\u00a0\u00bb.<\/p>\t\t\t\t\t\t\t\t<\/div>\n\t\t\t\t<\/div>\n\t\t\t\t<div class=\"elementor-element elementor-element-cb4ba77 elementor-widget elementor-widget-heading\" data-id=\"cb4ba77\" data-element_type=\"widget\" data-e-type=\"widget\" data-widget_type=\"heading.default\">\n\t\t\t\t<div class=\"elementor-widget-container\">\n\t\t\t\t\t<h4 class=\"elementor-heading-title elementor-size-default\">Disposition - Mod\u00e8le d'article<\/h4>\t\t\t\t<\/div>\n\t\t\t\t<\/div>\n\t\t\t\t<div class=\"elementor-element elementor-element-0118f0f elementor-widget elementor-widget-image\" data-id=\"0118f0f\" data-element_type=\"widget\" data-e-type=\"widget\" data-widget_type=\"image.default\">\n\t\t\t\t<div class=\"elementor-widget-container\">\n\t\t\t\t\t\t\t\t\t\t\t\t\t\t\t<img fetchpriority=\"high\" decoding=\"async\" width=\"710\" height=\"267\" src=\"https:\/\/www.philix.be\/luss\/wp-content\/uploads\/sites\/3\/2019\/08\/diviOngletDisposition-1.png\" class=\"attachment-large size-large wp-image-2408\" alt=\"Divi : onglet disposition I\" srcset=\"https:\/\/www.philix.be\/luss\/wp-content\/uploads\/sites\/3\/2019\/08\/diviOngletDisposition-1.png 969w, https:\/\/www.philix.be\/luss\/wp-content\/uploads\/sites\/3\/2019\/08\/diviOngletDisposition-1-300x113.png 300w, https:\/\/www.philix.be\/luss\/wp-content\/uploads\/sites\/3\/2019\/08\/diviOngletDisposition-1-768x289.png 768w, https:\/\/www.philix.be\/luss\/wp-content\/uploads\/sites\/3\/2019\/08\/diviOngletDisposition-1-600x226.png 600w\" sizes=\"(max-width: 710px) 100vw, 710px\" \/>\t\t\t\t\t\t\t\t\t\t\t\t\t\t\t<\/div>\n\t\t\t\t<\/div>\n\t\t\t\t<div class=\"elementor-element elementor-element-c460218 elementor-widget elementor-widget-text-editor\" data-id=\"c460218\" data-element_type=\"widget\" data-e-type=\"widget\" data-widget_type=\"text-editor.default\">\n\t\t\t\t<div class=\"elementor-widget-container\">\n\t\t\t\t\t\t\t\t\t<ol><li><strong>M\u00e9tadonn\u00e9es :<br \/><\/strong>Que d\u00e9sirez-vous afficher avec vos articles ? L&rsquo;<strong>Auteur<\/strong> ? La <strong>Date<\/strong> de publication ? La ou les <strong>Cat\u00e9gories<\/strong> auxquelles ils appartiennent ? Le nombre de <strong>Commentaires<\/strong> (si vous les acceptez) ?<br \/>Il suffit de cliquer sur ceux que vous voulez ou pas.<br \/>Par d\u00e9faut ils seront tous visibles, gris\u00e9s, ils ne seront pas affich\u00e9s.<\/li><li><strong>Afficher les commentaires dans les articles :<\/strong><br \/>Permet de les voir au bas des articles.<\/li><li><strong>Mettre des vignettes dans les articles :<\/strong><br \/>Par d\u00e9faut les \u00ab\u00a0<b>images \u00e0 la une<\/b>\u00a0\u00bb sont plac\u00e9es au d\u00e9but de vos articles (si vous en mettez une). Si vous ne voulez page afficher d&rsquo;image, d\u00e9sactivez simplement cette option.<\/li><\/ol><p>Comme vous le voyez, rien de bien sorcier \ud83d\ude09<\/p>\t\t\t\t\t\t\t\t<\/div>\n\t\t\t\t<\/div>\n\t\t\t\t<div class=\"elementor-element elementor-element-9143dee elementor-widget elementor-widget-heading\" data-id=\"9143dee\" data-element_type=\"widget\" data-e-type=\"widget\" data-widget_type=\"heading.default\">\n\t\t\t\t<div class=\"elementor-widget-container\">\n\t\t\t\t\t<h4 class=\"elementor-heading-title elementor-size-default\">Disposition - Mod\u00e8le de page<\/h4>\t\t\t\t<\/div>\n\t\t\t\t<\/div>\n\t\t\t\t<div class=\"elementor-element elementor-element-e113508 elementor-widget elementor-widget-image\" data-id=\"e113508\" data-element_type=\"widget\" data-e-type=\"widget\" data-widget_type=\"image.default\">\n\t\t\t\t<div class=\"elementor-widget-container\">\n\t\t\t\t\t\t\t\t\t\t\t\t\t\t\t<img decoding=\"async\" width=\"710\" height=\"218\" src=\"https:\/\/www.philix.be\/luss\/wp-content\/uploads\/sites\/3\/2019\/08\/diviOngletDisposition-2.png\" class=\"attachment-large size-large wp-image-2417\" alt=\"Divi : onglet disposition II\" srcset=\"https:\/\/www.philix.be\/luss\/wp-content\/uploads\/sites\/3\/2019\/08\/diviOngletDisposition-2.png 968w, https:\/\/www.philix.be\/luss\/wp-content\/uploads\/sites\/3\/2019\/08\/diviOngletDisposition-2-300x92.png 300w, https:\/\/www.philix.be\/luss\/wp-content\/uploads\/sites\/3\/2019\/08\/diviOngletDisposition-2-768x236.png 768w, https:\/\/www.philix.be\/luss\/wp-content\/uploads\/sites\/3\/2019\/08\/diviOngletDisposition-2-600x184.png 600w\" sizes=\"(max-width: 710px) 100vw, 710px\" \/>\t\t\t\t\t\t\t\t\t\t\t\t\t\t\t<\/div>\n\t\t\t\t<\/div>\n\t\t\t\t<div class=\"elementor-element elementor-element-636ff2d elementor-widget elementor-widget-text-editor\" data-id=\"636ff2d\" data-element_type=\"widget\" data-e-type=\"widget\" data-widget_type=\"text-editor.default\">\n\t\t\t\t<div class=\"elementor-widget-container\">\n\t\t\t\t\t\t\t\t\t<p>M\u00eame principe que pour les articles.<br \/>A vous de voir pour les commentaires mais c&rsquo;est d\u00e9conseill\u00e9 car cela entra\u00eene une charge de travail pour les g\u00e9rer, les mod\u00e9rer.<\/p>\t\t\t\t\t\t\t\t<\/div>\n\t\t\t\t<\/div>\n\t\t\t\t<div class=\"elementor-element elementor-element-eba205b elementor-widget elementor-widget-heading\" data-id=\"eba205b\" data-element_type=\"widget\" data-e-type=\"widget\" data-widget_type=\"heading.default\">\n\t\t\t\t<div class=\"elementor-widget-container\">\n\t\t\t\t\t<h4 class=\"elementor-heading-title elementor-size-default\">Disposition - Param\u00e8tres G\u00e9n\u00e9raux<\/h4>\t\t\t\t<\/div>\n\t\t\t\t<\/div>\n\t\t\t\t<div class=\"elementor-element elementor-element-8d9e37a elementor-widget elementor-widget-image\" data-id=\"8d9e37a\" data-element_type=\"widget\" data-e-type=\"widget\" data-widget_type=\"image.default\">\n\t\t\t\t<div class=\"elementor-widget-container\">\n\t\t\t\t\t\t\t\t\t\t\t\t\t\t\t<img decoding=\"async\" width=\"710\" height=\"219\" src=\"https:\/\/www.philix.be\/luss\/wp-content\/uploads\/sites\/3\/2019\/08\/diviOngletDisposition-3.png\" class=\"attachment-large size-large wp-image-2420\" alt=\"Divi : disposition III\" srcset=\"https:\/\/www.philix.be\/luss\/wp-content\/uploads\/sites\/3\/2019\/08\/diviOngletDisposition-3.png 969w, https:\/\/www.philix.be\/luss\/wp-content\/uploads\/sites\/3\/2019\/08\/diviOngletDisposition-3-300x93.png 300w, https:\/\/www.philix.be\/luss\/wp-content\/uploads\/sites\/3\/2019\/08\/diviOngletDisposition-3-768x237.png 768w, https:\/\/www.philix.be\/luss\/wp-content\/uploads\/sites\/3\/2019\/08\/diviOngletDisposition-3-600x185.png 600w\" sizes=\"(max-width: 710px) 100vw, 710px\" \/>\t\t\t\t\t\t\t\t\t\t\t\t\t\t\t<\/div>\n\t\t\t\t<\/div>\n\t\t\t\t<div class=\"elementor-element elementor-element-025974d elementor-widget elementor-widget-text-editor\" data-id=\"025974d\" data-element_type=\"widget\" data-e-type=\"widget\" data-widget_type=\"text-editor.default\">\n\t\t\t\t<div class=\"elementor-widget-container\">\n\t\t\t\t\t\t\t\t\t<p><strong>Section info de l&rsquo;article :<br \/><\/strong>Semble redondant avec l&rsquo;option disponible dans l\u2019option \u00ab\u00a0<strong>Choisir les \u00e9l\u00e9ments \u00e0 afficher dans la section infos de vos articles<\/strong>\u00a0\u00bb disponible dans l\u2019onglet \u00ab mod\u00e8le d\u2019article \u00bb.<\/p><p><strong>Afficher des vignettes sur les pages d&rsquo;index<\/strong> (pages archives de vos articles). Restez coh\u00e9rents avec le choix dans l&rsquo;onglet \u00ab\u00a0Mod\u00e8le d&rsquo;article\u00a0\u00bb.<\/p>\t\t\t\t\t\t\t\t<\/div>\n\t\t\t\t<\/div>\n\t\t\t\t<div class=\"elementor-element elementor-element-3f0a965 elementor-widget-divider--view-line elementor-widget elementor-widget-divider\" data-id=\"3f0a965\" data-element_type=\"widget\" data-e-type=\"widget\" data-widget_type=\"divider.default\">\n\t\t\t\t<div class=\"elementor-widget-container\">\n\t\t\t\t\t\t\t<div class=\"elementor-divider\">\n\t\t\t<span class=\"elementor-divider-separator\">\n\t\t\t\t\t\t<\/span>\n\t\t<\/div>\n\t\t\t\t\t\t<\/div>\n\t\t\t\t<\/div>\n\t\t\t\t\t<\/div>\n\t\t<\/div>\n\t\t\t\t\t<\/div>\n\t\t<\/section>\n\t\t\t\t<section class=\"elementor-section elementor-inner-section elementor-element elementor-element-79258333 elementor-section-boxed elementor-section-height-default elementor-section-height-default\" data-id=\"79258333\" data-element_type=\"section\" data-e-type=\"section\">\n\t\t\t\t\t\t<div class=\"elementor-container elementor-column-gap-default\">\n\t\t\t\t\t<div class=\"elementor-column elementor-col-50 elementor-inner-column elementor-element elementor-element-67fd2ccb\" data-id=\"67fd2ccb\" data-element_type=\"column\" data-e-type=\"column\">\n\t\t\t<div class=\"elementor-widget-wrap elementor-element-populated\">\n\t\t\t\t\t\t<div class=\"elementor-element elementor-element-340efba elementor-widget elementor-widget-text-editor\" data-id=\"340efba\" data-element_type=\"widget\" data-e-type=\"widget\" data-widget_type=\"text-editor.default\">\n\t\t\t\t<div class=\"elementor-widget-container\">\n\t\t\t\t\t\t\t\t\t<p><a href=\"\/luss\/cours-editeurs\/divi-les-options-du-theme-iii\/\">\u21d0 Divi : les options du th\u00e8me III<\/a><\/p>\t\t\t\t\t\t\t\t<\/div>\n\t\t\t\t<\/div>\n\t\t\t\t\t<\/div>\n\t\t<\/div>\n\t\t\t\t<div class=\"elementor-column elementor-col-50 elementor-inner-column elementor-element elementor-element-28312526\" data-id=\"28312526\" data-element_type=\"column\" data-e-type=\"column\">\n\t\t\t<div class=\"elementor-widget-wrap elementor-element-populated\">\n\t\t\t\t\t\t<div class=\"elementor-element elementor-element-72e2279c elementor-widget elementor-widget-text-editor\" data-id=\"72e2279c\" data-element_type=\"widget\" data-e-type=\"widget\" data-widget_type=\"text-editor.default\">\n\t\t\t\t<div class=\"elementor-widget-container\">\n\t\t\t\t\t\t\t\t\t<p style=\"text-align: right;\"><a href=\"\/luss\/cours-editeurs\/divi-les-options-du-theme-v\/\">Divi : les options du th\u00e8me V \u21d2<\/a><\/p>\t\t\t\t\t\t\t\t<\/div>\n\t\t\t\t<\/div>\n\t\t\t\t\t<\/div>\n\t\t<\/div>\n\t\t\t\t\t<\/div>\n\t\t<\/section>\n\t\t\t\t<\/div>\n\t\t","protected":false},"excerpt":{"rendered":"<p>L&rsquo;onglet Disposition L\u2019onglet Disposition se d\u00e9cline en trois sous-onglets qui servent \u00e0 d\u00e9finir la mise en page \u00ab\u00a0de base\u00a0\u00bb. Disposition &#8211; Mod\u00e8le d&rsquo;article M\u00e9tadonn\u00e9es :Que d\u00e9sirez-vous afficher avec vos articles ? L&rsquo;Auteur ? La Date de publication ? La ou<\/p>\n","protected":false},"author":1,"featured_media":0,"parent":956,"menu_order":19,"comment_status":"closed","ping_status":"closed","template":"","meta":{"footnotes":""},"class_list":["post-2406","page","type-page","status-publish","hentry"],"yoast_head":"<!-- This site is optimized with the Yoast SEO plugin v27.5 - https:\/\/yoast.com\/product\/yoast-seo-wordpress\/ -->\n<title>Divi : les options du th\u00e8me IV - WPLUSS<\/title>\n<meta name=\"robots\" content=\"index, follow, max-snippet:-1, max-image-preview:large, max-video-preview:-1\" \/>\n<link rel=\"canonical\" href=\"https:\/\/www.philix.be\/luss\/cours-editeurs\/divi-les-options-du-theme-iv\/\" \/>\n<meta property=\"og:locale\" content=\"fr_FR\" \/>\n<meta property=\"og:type\" content=\"article\" \/>\n<meta property=\"og:title\" content=\"Divi : les options du th\u00e8me IV - WPLUSS\" \/>\n<meta property=\"og:description\" content=\"L&rsquo;onglet Disposition L\u2019onglet Disposition se d\u00e9cline en trois sous-onglets qui servent \u00e0 d\u00e9finir la mise en page \u00ab\u00a0de base\u00a0\u00bb. Disposition &#8211; Mod\u00e8le d&rsquo;article M\u00e9tadonn\u00e9es :Que d\u00e9sirez-vous afficher avec vos articles ? L&rsquo;Auteur ? La Date de publication ? La ou\" \/>\n<meta property=\"og:url\" content=\"https:\/\/www.philix.be\/luss\/cours-editeurs\/divi-les-options-du-theme-iv\/\" \/>\n<meta property=\"og:site_name\" content=\"WPLUSS\" \/>\n<meta property=\"article:modified_time\" content=\"2019-08-18T09:42:06+00:00\" \/>\n<meta property=\"og:image\" content=\"http:\/\/www.philix.be\/luss\/wp-content\/uploads\/sites\/3\/2019\/08\/diviOngletDisposition-1.png\" \/>\n<meta name=\"twitter:card\" content=\"summary_large_image\" \/>\n<meta name=\"twitter:label1\" content=\"Dur\u00e9e de lecture estim\u00e9e\" \/>\n\t<meta name=\"twitter:data1\" content=\"1 minute\" \/>\n<script type=\"application\/ld+json\" class=\"yoast-schema-graph\">{\"@context\":\"https:\\\/\\\/schema.org\",\"@graph\":[{\"@type\":\"WebPage\",\"@id\":\"https:\\\/\\\/www.philix.be\\\/luss\\\/cours-editeurs\\\/divi-les-options-du-theme-iv\\\/\",\"url\":\"https:\\\/\\\/www.philix.be\\\/luss\\\/cours-editeurs\\\/divi-les-options-du-theme-iv\\\/\",\"name\":\"Divi : les options du th\u00e8me IV - WPLUSS\",\"isPartOf\":{\"@id\":\"https:\\\/\\\/www.philix.be\\\/luss\\\/#website\"},\"primaryImageOfPage\":{\"@id\":\"https:\\\/\\\/www.philix.be\\\/luss\\\/cours-editeurs\\\/divi-les-options-du-theme-iv\\\/#primaryimage\"},\"image\":{\"@id\":\"https:\\\/\\\/www.philix.be\\\/luss\\\/cours-editeurs\\\/divi-les-options-du-theme-iv\\\/#primaryimage\"},\"thumbnailUrl\":\"http:\\\/\\\/www.philix.be\\\/luss\\\/wp-content\\\/uploads\\\/sites\\\/3\\\/2019\\\/08\\\/diviOngletDisposition-1.png\",\"datePublished\":\"2019-08-17T15:30:41+00:00\",\"dateModified\":\"2019-08-18T09:42:06+00:00\",\"breadcrumb\":{\"@id\":\"https:\\\/\\\/www.philix.be\\\/luss\\\/cours-editeurs\\\/divi-les-options-du-theme-iv\\\/#breadcrumb\"},\"inLanguage\":\"fr-FR\",\"potentialAction\":[{\"@type\":\"ReadAction\",\"target\":[\"https:\\\/\\\/www.philix.be\\\/luss\\\/cours-editeurs\\\/divi-les-options-du-theme-iv\\\/\"]}]},{\"@type\":\"ImageObject\",\"inLanguage\":\"fr-FR\",\"@id\":\"https:\\\/\\\/www.philix.be\\\/luss\\\/cours-editeurs\\\/divi-les-options-du-theme-iv\\\/#primaryimage\",\"url\":\"http:\\\/\\\/www.philix.be\\\/luss\\\/wp-content\\\/uploads\\\/sites\\\/3\\\/2019\\\/08\\\/diviOngletDisposition-1.png\",\"contentUrl\":\"http:\\\/\\\/www.philix.be\\\/luss\\\/wp-content\\\/uploads\\\/sites\\\/3\\\/2019\\\/08\\\/diviOngletDisposition-1.png\"},{\"@type\":\"BreadcrumbList\",\"@id\":\"https:\\\/\\\/www.philix.be\\\/luss\\\/cours-editeurs\\\/divi-les-options-du-theme-iv\\\/#breadcrumb\",\"itemListElement\":[{\"@type\":\"ListItem\",\"position\":1,\"name\":\"Cours \u00c9diteurs\",\"item\":\"https:\\\/\\\/www.philix.be\\\/luss\\\/cours-editeurs\\\/\"},{\"@type\":\"ListItem\",\"position\":2,\"name\":\"Divi : les options du th\u00e8me IV\"}]},{\"@type\":\"WebSite\",\"@id\":\"https:\\\/\\\/www.philix.be\\\/luss\\\/#website\",\"url\":\"https:\\\/\\\/www.philix.be\\\/luss\\\/\",\"name\":\"WPLUSS\",\"description\":\"Les sites de Ph\u00a1l\u00a1x\",\"publisher\":{\"@id\":\"https:\\\/\\\/www.philix.be\\\/luss\\\/#organization\"},\"potentialAction\":[{\"@type\":\"SearchAction\",\"target\":{\"@type\":\"EntryPoint\",\"urlTemplate\":\"https:\\\/\\\/www.philix.be\\\/luss\\\/?s={search_term_string}\"},\"query-input\":{\"@type\":\"PropertyValueSpecification\",\"valueRequired\":true,\"valueName\":\"search_term_string\"}}],\"inLanguage\":\"fr-FR\"},{\"@type\":\"Organization\",\"@id\":\"https:\\\/\\\/www.philix.be\\\/luss\\\/#organization\",\"name\":\"WPLUSS\",\"url\":\"https:\\\/\\\/www.philix.be\\\/luss\\\/\",\"logo\":{\"@type\":\"ImageObject\",\"inLanguage\":\"fr-FR\",\"@id\":\"https:\\\/\\\/www.philix.be\\\/luss\\\/#\\\/schema\\\/logo\\\/image\\\/\",\"url\":\"https:\\\/\\\/www.philix.be\\\/luss\\\/wp-content\\\/uploads\\\/sites\\\/3\\\/2017\\\/03\\\/cropped-wordpress-1415678_960_720-e1489930624872-1.png\",\"contentUrl\":\"https:\\\/\\\/www.philix.be\\\/luss\\\/wp-content\\\/uploads\\\/sites\\\/3\\\/2017\\\/03\\\/cropped-wordpress-1415678_960_720-e1489930624872-1.png\",\"width\":100,\"height\":100,\"caption\":\"WPLUSS\"},\"image\":{\"@id\":\"https:\\\/\\\/www.philix.be\\\/luss\\\/#\\\/schema\\\/logo\\\/image\\\/\"}}]}<\/script>\n<!-- \/ Yoast SEO plugin. -->","yoast_head_json":{"title":"Divi : les options du th\u00e8me IV - WPLUSS","robots":{"index":"index","follow":"follow","max-snippet":"max-snippet:-1","max-image-preview":"max-image-preview:large","max-video-preview":"max-video-preview:-1"},"canonical":"https:\/\/www.philix.be\/luss\/cours-editeurs\/divi-les-options-du-theme-iv\/","og_locale":"fr_FR","og_type":"article","og_title":"Divi : les options du th\u00e8me IV - WPLUSS","og_description":"L&rsquo;onglet Disposition L\u2019onglet Disposition se d\u00e9cline en trois sous-onglets qui servent \u00e0 d\u00e9finir la mise en page \u00ab\u00a0de base\u00a0\u00bb. Disposition &#8211; Mod\u00e8le d&rsquo;article M\u00e9tadonn\u00e9es :Que d\u00e9sirez-vous afficher avec vos articles ? L&rsquo;Auteur ? La Date de publication ? La ou","og_url":"https:\/\/www.philix.be\/luss\/cours-editeurs\/divi-les-options-du-theme-iv\/","og_site_name":"WPLUSS","article_modified_time":"2019-08-18T09:42:06+00:00","og_image":[{"url":"http:\/\/www.philix.be\/luss\/wp-content\/uploads\/sites\/3\/2019\/08\/diviOngletDisposition-1.png","type":"","width":"","height":""}],"twitter_card":"summary_large_image","twitter_misc":{"Dur\u00e9e de lecture estim\u00e9e":"1 minute"},"schema":{"@context":"https:\/\/schema.org","@graph":[{"@type":"WebPage","@id":"https:\/\/www.philix.be\/luss\/cours-editeurs\/divi-les-options-du-theme-iv\/","url":"https:\/\/www.philix.be\/luss\/cours-editeurs\/divi-les-options-du-theme-iv\/","name":"Divi : les options du th\u00e8me IV - WPLUSS","isPartOf":{"@id":"https:\/\/www.philix.be\/luss\/#website"},"primaryImageOfPage":{"@id":"https:\/\/www.philix.be\/luss\/cours-editeurs\/divi-les-options-du-theme-iv\/#primaryimage"},"image":{"@id":"https:\/\/www.philix.be\/luss\/cours-editeurs\/divi-les-options-du-theme-iv\/#primaryimage"},"thumbnailUrl":"http:\/\/www.philix.be\/luss\/wp-content\/uploads\/sites\/3\/2019\/08\/diviOngletDisposition-1.png","datePublished":"2019-08-17T15:30:41+00:00","dateModified":"2019-08-18T09:42:06+00:00","breadcrumb":{"@id":"https:\/\/www.philix.be\/luss\/cours-editeurs\/divi-les-options-du-theme-iv\/#breadcrumb"},"inLanguage":"fr-FR","potentialAction":[{"@type":"ReadAction","target":["https:\/\/www.philix.be\/luss\/cours-editeurs\/divi-les-options-du-theme-iv\/"]}]},{"@type":"ImageObject","inLanguage":"fr-FR","@id":"https:\/\/www.philix.be\/luss\/cours-editeurs\/divi-les-options-du-theme-iv\/#primaryimage","url":"http:\/\/www.philix.be\/luss\/wp-content\/uploads\/sites\/3\/2019\/08\/diviOngletDisposition-1.png","contentUrl":"http:\/\/www.philix.be\/luss\/wp-content\/uploads\/sites\/3\/2019\/08\/diviOngletDisposition-1.png"},{"@type":"BreadcrumbList","@id":"https:\/\/www.philix.be\/luss\/cours-editeurs\/divi-les-options-du-theme-iv\/#breadcrumb","itemListElement":[{"@type":"ListItem","position":1,"name":"Cours \u00c9diteurs","item":"https:\/\/www.philix.be\/luss\/cours-editeurs\/"},{"@type":"ListItem","position":2,"name":"Divi : les options du th\u00e8me IV"}]},{"@type":"WebSite","@id":"https:\/\/www.philix.be\/luss\/#website","url":"https:\/\/www.philix.be\/luss\/","name":"WPLUSS","description":"Les sites de Ph\u00a1l\u00a1x","publisher":{"@id":"https:\/\/www.philix.be\/luss\/#organization"},"potentialAction":[{"@type":"SearchAction","target":{"@type":"EntryPoint","urlTemplate":"https:\/\/www.philix.be\/luss\/?s={search_term_string}"},"query-input":{"@type":"PropertyValueSpecification","valueRequired":true,"valueName":"search_term_string"}}],"inLanguage":"fr-FR"},{"@type":"Organization","@id":"https:\/\/www.philix.be\/luss\/#organization","name":"WPLUSS","url":"https:\/\/www.philix.be\/luss\/","logo":{"@type":"ImageObject","inLanguage":"fr-FR","@id":"https:\/\/www.philix.be\/luss\/#\/schema\/logo\/image\/","url":"https:\/\/www.philix.be\/luss\/wp-content\/uploads\/sites\/3\/2017\/03\/cropped-wordpress-1415678_960_720-e1489930624872-1.png","contentUrl":"https:\/\/www.philix.be\/luss\/wp-content\/uploads\/sites\/3\/2017\/03\/cropped-wordpress-1415678_960_720-e1489930624872-1.png","width":100,"height":100,"caption":"WPLUSS"},"image":{"@id":"https:\/\/www.philix.be\/luss\/#\/schema\/logo\/image\/"}}]}},"_links":{"self":[{"href":"https:\/\/www.philix.be\/luss\/wp-json\/wp\/v2\/pages\/2406","targetHints":{"allow":["GET"]}}],"collection":[{"href":"https:\/\/www.philix.be\/luss\/wp-json\/wp\/v2\/pages"}],"about":[{"href":"https:\/\/www.philix.be\/luss\/wp-json\/wp\/v2\/types\/page"}],"author":[{"embeddable":true,"href":"https:\/\/www.philix.be\/luss\/wp-json\/wp\/v2\/users\/1"}],"replies":[{"embeddable":true,"href":"https:\/\/www.philix.be\/luss\/wp-json\/wp\/v2\/comments?post=2406"}],"version-history":[{"count":0,"href":"https:\/\/www.philix.be\/luss\/wp-json\/wp\/v2\/pages\/2406\/revisions"}],"up":[{"embeddable":true,"href":"https:\/\/www.philix.be\/luss\/wp-json\/wp\/v2\/pages\/956"}],"wp:attachment":[{"href":"https:\/\/www.philix.be\/luss\/wp-json\/wp\/v2\/media?parent=2406"}],"curies":[{"name":"wp","href":"https:\/\/api.w.org\/{rel}","templated":true}]}}