{"id":663,"date":"2019-04-28T16:35:25","date_gmt":"2019-04-28T14:35:25","guid":{"rendered":"https:\/\/www.philix.be\/luss\/?page_id=663"},"modified":"2019-07-29T12:21:33","modified_gmt":"2019-07-29T10:21:33","slug":"accueil","status":"publish","type":"page","link":"https:\/\/www.philix.be\/luss\/","title":{"rendered":"Bienvenue !"},"content":{"rendered":"\t\t<div data-elementor-type=\"wp-post\" data-elementor-id=\"663\" class=\"elementor elementor-663\">\n\t\t\t\t\t\t<section class=\"elementor-section elementor-top-section elementor-element elementor-element-7a9e035 elementor-section-boxed elementor-section-height-default elementor-section-height-default\" data-id=\"7a9e035\" data-element_type=\"section\" data-e-type=\"section\">\n\t\t\t\t\t\t<div class=\"elementor-container elementor-column-gap-default\">\n\t\t\t\t\t<div class=\"elementor-column elementor-col-100 elementor-top-column elementor-element elementor-element-e389992\" data-id=\"e389992\" data-element_type=\"column\" data-e-type=\"column\">\n\t\t\t<div class=\"elementor-widget-wrap elementor-element-populated\">\n\t\t\t\t\t\t<div class=\"elementor-element elementor-element-3325717 elementor-alert-warning elementor-invisible elementor-widget elementor-widget-alert\" data-id=\"3325717\" data-element_type=\"widget\" data-e-type=\"widget\" data-settings=\"{&quot;_animation&quot;:&quot;zoomIn&quot;}\" data-widget_type=\"alert.default\">\n\t\t\t\t<div class=\"elementor-widget-container\">\n\t\t\t\t\t\t\t<div class=\"elementor-alert\" role=\"alert\">\n\n\t\t\t\t\t\t<span class=\"elementor-alert-title\">Site \u00e0 acc\u00e8s restreint<\/span>\n\t\t\t\n\t\t\t\t\t\t<span class=\"elementor-alert-description\">Vous devez \u00eatre inscrit ET connect\u00e9 pour avoir acc\u00e8s \u00e0 certains contenus .<\/span>\n\t\t\t\n\t\t\t\t\t\t<button type=\"button\" class=\"elementor-alert-dismiss\" aria-label=\"Ignorer cette alerte.\">\n\t\t\t\t\t\t\t\t\t<span aria-hidden=\"true\">&times;<\/span>\n\t\t\t\t\t\t\t<\/button>\n\t\t\t\n\t\t<\/div>\n\t\t\t\t\t\t<\/div>\n\t\t\t\t<\/div>\n\t\t\t\t<div class=\"elementor-element elementor-element-640291f elementor-widget elementor-widget-heading\" data-id=\"640291f\" data-element_type=\"widget\" data-e-type=\"widget\" data-settings=\"{&quot;_animation&quot;:&quot;none&quot;}\" data-widget_type=\"heading.default\">\n\t\t\t\t<div class=\"elementor-widget-container\">\n\t\t\t\t\t<h3 class=\"elementor-heading-title elementor-size-default\">Le nouveau cours<\/h3>\t\t\t\t<\/div>\n\t\t\t\t<\/div>\n\t\t\t\t\t<\/div>\n\t\t<\/div>\n\t\t\t\t\t<\/div>\n\t\t<\/section>\n\t\t\t\t<section class=\"elementor-section elementor-top-section elementor-element elementor-element-a1b801f elementor-section-boxed elementor-section-height-default elementor-section-height-default\" data-id=\"a1b801f\" data-element_type=\"section\" data-e-type=\"section\">\n\t\t\t\t\t\t<div class=\"elementor-container elementor-column-gap-default\">\n\t\t\t\t\t<div class=\"elementor-column elementor-col-100 elementor-top-column elementor-element elementor-element-a65eeb5\" data-id=\"a65eeb5\" data-element_type=\"column\" data-e-type=\"column\">\n\t\t\t<div class=\"elementor-widget-wrap elementor-element-populated\">\n\t\t\t\t\t\t<div class=\"elementor-element elementor-element-738a966 elementor-widget elementor-widget-text-editor\" data-id=\"738a966\" data-element_type=\"widget\" data-e-type=\"widget\" data-widget_type=\"text-editor.default\">\n\t\t\t\t<div class=\"elementor-widget-container\">\n\t\t\t\t\t\t\t\t\t<p>Plusieurs sujets doivent \u00eatre abord\u00e9s dans cette <a href=\"\/luss\/refonte-du-contenu\/\">r\u00e9vision compl\u00e8te de la formation<\/a>.<\/p><p>Nous allons donc s\u00e9parer les mati\u00e8res, en fonction des besoins sp\u00e9cifiques de chacun, bien conscient toutefois que, souvent, <b>une seule et m\u00eame personne va cumuler tous les r\u00f4les<\/b> \ud83d\ude09 :<\/p>\t\t\t\t\t\t\t\t<\/div>\n\t\t\t\t<\/div>\n\t\t\t\t\t<\/div>\n\t\t<\/div>\n\t\t\t\t\t<\/div>\n\t\t<\/section>\n\t\t\t\t<section class=\"elementor-section elementor-top-section elementor-element elementor-element-d243c0f elementor-section-boxed elementor-section-height-default elementor-section-height-default\" data-id=\"d243c0f\" data-element_type=\"section\" data-e-type=\"section\">\n\t\t\t\t\t\t<div class=\"elementor-container elementor-column-gap-default\">\n\t\t\t\t\t<div class=\"elementor-column elementor-col-100 elementor-top-column elementor-element elementor-element-a372f1d\" data-id=\"a372f1d\" data-element_type=\"column\" data-e-type=\"column\">\n\t\t\t<div class=\"elementor-widget-wrap elementor-element-populated\">\n\t\t\t\t\t\t<div class=\"elementor-element elementor-element-801adbe elementor-widget elementor-widget-text-editor\" data-id=\"801adbe\" data-element_type=\"widget\" data-e-type=\"widget\" data-widget_type=\"text-editor.default\">\n\t\t\t\t<div class=\"elementor-widget-container\">\n\t\t\t\t\t\t\t\t\t<p>Quand on commence \u00e0 utiliser WordPress, on est confront\u00e9 \u00e0 des dizaines de nouveaux termes.<\/p><blockquote><p style=\"text-align: left;\">Les plugins, les th\u00e8mes, les cat\u00e9gories, la ou les barres lat\u00e9rales, les widgets etc.<\/p><\/blockquote><p>Pas de panique. Vous n\u2019avez pas besoin de tout assimiler d\u2019un coup. Peu \u00e0 peu, vous arriverez \u00e0 ma\u00eetriser tout ce dont vous avez besoin pour g\u00e9rer votre site. Ce n&rsquo;est qu&rsquo;une question de temps et de d\u00e9couvrir les choses dans l&rsquo;ordre. \ud83d\ude42<\/p>\t\t\t\t\t\t\t\t<\/div>\n\t\t\t\t<\/div>\n\t\t\t\t\t<\/div>\n\t\t<\/div>\n\t\t\t\t\t<\/div>\n\t\t<\/section>\n\t\t\t\t<section class=\"elementor-section elementor-top-section elementor-element elementor-element-4331a93 elementor-section-boxed elementor-section-height-default elementor-section-height-default\" data-id=\"4331a93\" data-element_type=\"section\" data-e-type=\"section\">\n\t\t\t\t\t\t<div class=\"elementor-container elementor-column-gap-default\">\n\t\t\t\t\t<div class=\"elementor-column elementor-col-50 elementor-top-column elementor-element elementor-element-73c8fc5\" data-id=\"73c8fc5\" data-element_type=\"column\" data-e-type=\"column\">\n\t\t\t<div class=\"elementor-widget-wrap elementor-element-populated\">\n\t\t\t\t\t\t<div class=\"elementor-element elementor-element-f495d40 eael-infobox-content-align--left eael-infobox-shape-square eael-infobox-hover-img-shape-square elementor-widget elementor-widget-eael-info-box\" data-id=\"f495d40\" data-element_type=\"widget\" data-e-type=\"widget\" data-widget_type=\"eael-info-box.default\">\n\t\t\t\t<div class=\"elementor-widget-container\">\n\t\t\t\t\t        <div class=\"eael-infobox icon-on-top\">\n\t            <div class=\"infobox-icon\">\n\n                            <img decoding=\"async\" src=\"https:\/\/www.philix.be\/luss\/wp-content\/uploads\/sites\/3\/2019\/04\/login-150x150.jpg\" alt=\"\">\n            \n            \n            \n        <\/div>\n            <div class=\"infobox-content\">\n                    <div class=\"infobox-title-section\">\n                <h2 class=\"title\">Les diff\u00e9rents r\u00f4les et acc\u00e8s qui en d\u00e9pendent<\/h2>            <\/div>\n            <div><p>Qui acc\u00e8de quoi et comment ?<\/p><ul><li>le <strong>Super Admin<\/strong> :<br \/>Prise en charge de la s\u00e9curit\u00e9 et de la gestion technique journali\u00e8re du multi-sites.<\/li><li>L&rsquo;<strong>administrateur<\/strong> d&rsquo;un site :<br \/>Gestion limit\u00e9e au minimum, comme celle des utilisateurs, de la boutique e-commerce, de la conformit\u00e9 au GDPR, etc.<\/li><li>L&rsquo;<strong>\u00e9diteur<\/strong> :<br \/>En charge de l&rsquo;aspect du site et de son contenu.<\/li><li>Les <strong>auteurs<\/strong> :<br \/>En charge des publications.<\/li><\/ul><\/div>        <\/div>\n            <\/div>\n\n\t\t\t\t\t\t<\/div>\n\t\t\t\t<\/div>\n\t\t\t\t\t<\/div>\n\t\t<\/div>\n\t\t\t\t<div class=\"elementor-column elementor-col-50 elementor-top-column elementor-element elementor-element-aec3c49\" data-id=\"aec3c49\" data-element_type=\"column\" data-e-type=\"column\">\n\t\t\t<div class=\"elementor-widget-wrap elementor-element-populated\">\n\t\t\t\t\t\t<div class=\"elementor-element elementor-element-ad6ab32 eael-infobox-content-align--left eael-infobox-shape-square eael-infobox-hover-img-shape-square elementor-widget elementor-widget-eael-info-box\" data-id=\"ad6ab32\" data-element_type=\"widget\" data-e-type=\"widget\" data-widget_type=\"eael-info-box.default\">\n\t\t\t\t<div class=\"elementor-widget-container\">\n\t\t\t\t\t        <div class=\"eael-infobox icon-on-top\">\n\t            <div class=\"infobox-icon\">\n\n                            <img decoding=\"async\" src=\"https:\/\/www.philix.be\/luss\/wp-content\/uploads\/sites\/3\/2019\/04\/transfert-site-wordpress-730x450-150x150.jpg\" alt=\"\">\n            \n            \n            \n        <\/div>\n            <div class=\"infobox-content\">\n                    <div class=\"infobox-title-section\">\n                <h2 class=\"title\">La migration vers le multi-site<\/h2>            <\/div>\n            <div><p>La migration peut \u00eatre simple ou probl\u00e9matique :<\/p><ul><li>HTML =&gt; WordPress<\/li><li>WordPress =&gt; WordPress<\/li><li>Drupal =&gt; WordPress<\/li><li>Joomla =&gt; WordPress<\/li><li>&#8230;<\/li><\/ul><p>On aura besoin des administrateurs de chaque site pour accomplir ce travail qui sera men\u00e9 par l&rsquo;\u00e9quipe des <strong>Super Admins<\/strong> \ud83d\ude09<\/p><p>En effet, il nous faudra, au cas par cas, travailler avec l&rsquo;administrateur de chacun des sites existants (ou propri\u00e9taires de nom de domaine) car nous aurons besoin de leurs identifiants et mots de passe c\u00f4t\u00e9 h\u00e9bergeur ainsi que de leurs acc\u00e8s \u00e0 leur site existant.<\/p><\/div>        <\/div>\n            <\/div>\n\n\t\t\t\t\t\t<\/div>\n\t\t\t\t<\/div>\n\t\t\t\t\t<\/div>\n\t\t<\/div>\n\t\t\t\t\t<\/div>\n\t\t<\/section>\n\t\t\t\t<\/div>\n\t\t","protected":false},"excerpt":{"rendered":"<p>Site \u00e0 acc\u00e8s restreint Vous devez \u00eatre inscrit ET connect\u00e9 pour avoir acc\u00e8s \u00e0 certains contenus . \u00d7 Rejeter l\u2019alerte Le nouveau cours Plusieurs sujets doivent \u00eatre abord\u00e9s dans cette r\u00e9vision compl\u00e8te de la formation. Nous allons donc s\u00e9parer les<\/p>\n","protected":false},"author":1,"featured_media":0,"parent":0,"menu_order":0,"comment_status":"closed","ping_status":"closed","template":"","meta":{"footnotes":""},"class_list":["post-663","page","type-page","status-publish","hentry"],"yoast_head":"<!-- This site is optimized with the Yoast SEO plugin v27.5 - https:\/\/yoast.com\/product\/yoast-seo-wordpress\/ -->\n<title>Bienvenue ! - WPLUSS<\/title>\n<meta name=\"robots\" content=\"index, follow, max-snippet:-1, max-image-preview:large, max-video-preview:-1\" \/>\n<link rel=\"canonical\" href=\"https:\/\/www.philix.be\/luss\/\" \/>\n<meta property=\"og:locale\" content=\"fr_FR\" \/>\n<meta property=\"og:type\" content=\"article\" \/>\n<meta property=\"og:title\" content=\"Bienvenue ! - WPLUSS\" \/>\n<meta property=\"og:description\" content=\"Site \u00e0 acc\u00e8s restreint Vous devez \u00eatre inscrit ET connect\u00e9 pour avoir acc\u00e8s \u00e0 certains contenus . \u00d7 Rejeter l\u2019alerte Le nouveau cours Plusieurs sujets doivent \u00eatre abord\u00e9s dans cette r\u00e9vision compl\u00e8te de la formation. Nous allons donc s\u00e9parer les\" \/>\n<meta property=\"og:url\" content=\"https:\/\/www.philix.be\/luss\/\" \/>\n<meta property=\"og:site_name\" content=\"WPLUSS\" \/>\n<meta property=\"article:modified_time\" content=\"2019-07-29T10:21:33+00:00\" \/>\n<meta property=\"og:image\" content=\"https:\/\/www.philix.be\/luss\/wp-content\/uploads\/sites\/3\/2019\/04\/login-150x150.jpg\" \/>\n<meta name=\"twitter:card\" content=\"summary_large_image\" \/>\n<meta name=\"twitter:label1\" content=\"Dur\u00e9e de lecture estim\u00e9e\" \/>\n\t<meta name=\"twitter:data1\" content=\"2 minutes\" \/>\n<script type=\"application\/ld+json\" class=\"yoast-schema-graph\">{\"@context\":\"https:\\\/\\\/schema.org\",\"@graph\":[{\"@type\":\"WebPage\",\"@id\":\"https:\\\/\\\/www.philix.be\\\/luss\\\/\",\"url\":\"https:\\\/\\\/www.philix.be\\\/luss\\\/\",\"name\":\"Bienvenue ! - WPLUSS\",\"isPartOf\":{\"@id\":\"https:\\\/\\\/www.philix.be\\\/luss\\\/#website\"},\"primaryImageOfPage\":{\"@id\":\"https:\\\/\\\/www.philix.be\\\/luss\\\/#primaryimage\"},\"image\":{\"@id\":\"https:\\\/\\\/www.philix.be\\\/luss\\\/#primaryimage\"},\"thumbnailUrl\":\"https:\\\/\\\/www.philix.be\\\/luss\\\/wp-content\\\/uploads\\\/sites\\\/3\\\/2019\\\/04\\\/login-150x150.jpg\",\"datePublished\":\"2019-04-28T14:35:25+00:00\",\"dateModified\":\"2019-07-29T10:21:33+00:00\",\"inLanguage\":\"fr-FR\",\"potentialAction\":[{\"@type\":\"ReadAction\",\"target\":[\"https:\\\/\\\/www.philix.be\\\/luss\\\/\"]}]},{\"@type\":\"ImageObject\",\"inLanguage\":\"fr-FR\",\"@id\":\"https:\\\/\\\/www.philix.be\\\/luss\\\/#primaryimage\",\"url\":\"https:\\\/\\\/www.philix.be\\\/luss\\\/wp-content\\\/uploads\\\/sites\\\/3\\\/2019\\\/04\\\/login.jpg\",\"contentUrl\":\"https:\\\/\\\/www.philix.be\\\/luss\\\/wp-content\\\/uploads\\\/sites\\\/3\\\/2019\\\/04\\\/login.jpg\",\"width\":474,\"height\":237},{\"@type\":\"WebSite\",\"@id\":\"https:\\\/\\\/www.philix.be\\\/luss\\\/#website\",\"url\":\"https:\\\/\\\/www.philix.be\\\/luss\\\/\",\"name\":\"WPLUSS\",\"description\":\"Les sites de Ph\u00a1l\u00a1x\",\"publisher\":{\"@id\":\"https:\\\/\\\/www.philix.be\\\/luss\\\/#organization\"},\"potentialAction\":[{\"@type\":\"SearchAction\",\"target\":{\"@type\":\"EntryPoint\",\"urlTemplate\":\"https:\\\/\\\/www.philix.be\\\/luss\\\/?s={search_term_string}\"},\"query-input\":{\"@type\":\"PropertyValueSpecification\",\"valueRequired\":true,\"valueName\":\"search_term_string\"}}],\"inLanguage\":\"fr-FR\"},{\"@type\":\"Organization\",\"@id\":\"https:\\\/\\\/www.philix.be\\\/luss\\\/#organization\",\"name\":\"WPLUSS\",\"url\":\"https:\\\/\\\/www.philix.be\\\/luss\\\/\",\"logo\":{\"@type\":\"ImageObject\",\"inLanguage\":\"fr-FR\",\"@id\":\"https:\\\/\\\/www.philix.be\\\/luss\\\/#\\\/schema\\\/logo\\\/image\\\/\",\"url\":\"https:\\\/\\\/www.philix.be\\\/luss\\\/wp-content\\\/uploads\\\/sites\\\/3\\\/2017\\\/03\\\/cropped-wordpress-1415678_960_720-e1489930624872-1.png\",\"contentUrl\":\"https:\\\/\\\/www.philix.be\\\/luss\\\/wp-content\\\/uploads\\\/sites\\\/3\\\/2017\\\/03\\\/cropped-wordpress-1415678_960_720-e1489930624872-1.png\",\"width\":100,\"height\":100,\"caption\":\"WPLUSS\"},\"image\":{\"@id\":\"https:\\\/\\\/www.philix.be\\\/luss\\\/#\\\/schema\\\/logo\\\/image\\\/\"}}]}<\/script>\n<!-- \/ Yoast SEO plugin. -->","yoast_head_json":{"title":"Bienvenue ! - WPLUSS","robots":{"index":"index","follow":"follow","max-snippet":"max-snippet:-1","max-image-preview":"max-image-preview:large","max-video-preview":"max-video-preview:-1"},"canonical":"https:\/\/www.philix.be\/luss\/","og_locale":"fr_FR","og_type":"article","og_title":"Bienvenue ! - WPLUSS","og_description":"Site \u00e0 acc\u00e8s restreint Vous devez \u00eatre inscrit ET connect\u00e9 pour avoir acc\u00e8s \u00e0 certains contenus . \u00d7 Rejeter l\u2019alerte Le nouveau cours Plusieurs sujets doivent \u00eatre abord\u00e9s dans cette r\u00e9vision compl\u00e8te de la formation. Nous allons donc s\u00e9parer les","og_url":"https:\/\/www.philix.be\/luss\/","og_site_name":"WPLUSS","article_modified_time":"2019-07-29T10:21:33+00:00","og_image":[{"url":"https:\/\/www.philix.be\/luss\/wp-content\/uploads\/sites\/3\/2019\/04\/login-150x150.jpg","type":"","width":"","height":""}],"twitter_card":"summary_large_image","twitter_misc":{"Dur\u00e9e de lecture estim\u00e9e":"2 minutes"},"schema":{"@context":"https:\/\/schema.org","@graph":[{"@type":"WebPage","@id":"https:\/\/www.philix.be\/luss\/","url":"https:\/\/www.philix.be\/luss\/","name":"Bienvenue ! - WPLUSS","isPartOf":{"@id":"https:\/\/www.philix.be\/luss\/#website"},"primaryImageOfPage":{"@id":"https:\/\/www.philix.be\/luss\/#primaryimage"},"image":{"@id":"https:\/\/www.philix.be\/luss\/#primaryimage"},"thumbnailUrl":"https:\/\/www.philix.be\/luss\/wp-content\/uploads\/sites\/3\/2019\/04\/login-150x150.jpg","datePublished":"2019-04-28T14:35:25+00:00","dateModified":"2019-07-29T10:21:33+00:00","inLanguage":"fr-FR","potentialAction":[{"@type":"ReadAction","target":["https:\/\/www.philix.be\/luss\/"]}]},{"@type":"ImageObject","inLanguage":"fr-FR","@id":"https:\/\/www.philix.be\/luss\/#primaryimage","url":"https:\/\/www.philix.be\/luss\/wp-content\/uploads\/sites\/3\/2019\/04\/login.jpg","contentUrl":"https:\/\/www.philix.be\/luss\/wp-content\/uploads\/sites\/3\/2019\/04\/login.jpg","width":474,"height":237},{"@type":"WebSite","@id":"https:\/\/www.philix.be\/luss\/#website","url":"https:\/\/www.philix.be\/luss\/","name":"WPLUSS","description":"Les sites de Ph\u00a1l\u00a1x","publisher":{"@id":"https:\/\/www.philix.be\/luss\/#organization"},"potentialAction":[{"@type":"SearchAction","target":{"@type":"EntryPoint","urlTemplate":"https:\/\/www.philix.be\/luss\/?s={search_term_string}"},"query-input":{"@type":"PropertyValueSpecification","valueRequired":true,"valueName":"search_term_string"}}],"inLanguage":"fr-FR"},{"@type":"Organization","@id":"https:\/\/www.philix.be\/luss\/#organization","name":"WPLUSS","url":"https:\/\/www.philix.be\/luss\/","logo":{"@type":"ImageObject","inLanguage":"fr-FR","@id":"https:\/\/www.philix.be\/luss\/#\/schema\/logo\/image\/","url":"https:\/\/www.philix.be\/luss\/wp-content\/uploads\/sites\/3\/2017\/03\/cropped-wordpress-1415678_960_720-e1489930624872-1.png","contentUrl":"https:\/\/www.philix.be\/luss\/wp-content\/uploads\/sites\/3\/2017\/03\/cropped-wordpress-1415678_960_720-e1489930624872-1.png","width":100,"height":100,"caption":"WPLUSS"},"image":{"@id":"https:\/\/www.philix.be\/luss\/#\/schema\/logo\/image\/"}}]}},"_links":{"self":[{"href":"https:\/\/www.philix.be\/luss\/wp-json\/wp\/v2\/pages\/663","targetHints":{"allow":["GET"]}}],"collection":[{"href":"https:\/\/www.philix.be\/luss\/wp-json\/wp\/v2\/pages"}],"about":[{"href":"https:\/\/www.philix.be\/luss\/wp-json\/wp\/v2\/types\/page"}],"author":[{"embeddable":true,"href":"https:\/\/www.philix.be\/luss\/wp-json\/wp\/v2\/users\/1"}],"replies":[{"embeddable":true,"href":"https:\/\/www.philix.be\/luss\/wp-json\/wp\/v2\/comments?post=663"}],"version-history":[{"count":0,"href":"https:\/\/www.philix.be\/luss\/wp-json\/wp\/v2\/pages\/663\/revisions"}],"wp:attachment":[{"href":"https:\/\/www.philix.be\/luss\/wp-json\/wp\/v2\/media?parent=663"}],"curies":[{"name":"wp","href":"https:\/\/api.w.org\/{rel}","templated":true}]}}