{"id":952,"date":"2019-05-07T23:15:19","date_gmt":"2019-05-07T21:15:19","guid":{"rendered":"https:\/\/www.philix.be\/luss\/?page_id=952"},"modified":"2020-02-28T11:29:37","modified_gmt":"2020-02-28T10:29:37","slug":"cours-administrateurs","status":"publish","type":"page","link":"https:\/\/www.philix.be\/luss\/cours-administrateurs\/","title":{"rendered":"Cours administrateurs"},"content":{"rendered":"<p>Un cours de base (deux journ\u00e9es) :<\/p>\n<ul>\n<li>Les utilisateurs.<\/li>\n<li>Les Outils<\/li>\n<li>Les R\u00e9glages classiques.<\/li>\n<li>Le param\u00e9trage des plugins :\n<ul>\n<li><strong>GDPR cookie consent<\/strong>.<\/li>\n<li>Menu Outils &#8211; <strong>Redirection<\/strong>.<\/li>\n<li>Dans le menu Outils- <strong>Monarch<\/strong> (lien Facebook etc.)<\/li>\n<li>Dans le menu R\u00e9glages &#8211; <strong>Duplicate Post<\/strong>.<\/li>\n<li><b>Newsletter<\/b>.<\/li>\n<li><strong>Paid Member Subscriptions<\/strong>.\n<ul>\n<li>(<strong>Paid Member Subscriptions &#8211; reCaptcha<\/strong>. &#8211; d\u00e9pend d&rsquo;un compte Google)<\/li>\n<\/ul>\n<\/li>\n<\/ul>\n<\/li>\n<\/ul>\n","protected":false},"excerpt":{"rendered":"<p>Un cours de base (deux journ\u00e9es) : Les utilisateurs. Les Outils Les R\u00e9glages classiques. Le param\u00e9trage des plugins : GDPR cookie consent. Menu Outils &#8211; Redirection. Dans le menu Outils- Monarch (lien Facebook etc.) Dans le menu R\u00e9glages &#8211; Duplicate<\/p>\n","protected":false},"author":1,"featured_media":0,"parent":0,"menu_order":0,"comment_status":"closed","ping_status":"closed","template":"","meta":{"footnotes":""},"class_list":["post-952","page","type-page","status-publish","hentry"],"yoast_head":"<!-- This site is optimized with the Yoast SEO plugin v27.3 - https:\/\/yoast.com\/product\/yoast-seo-wordpress\/ -->\n<title>Cours administrateurs - WPLUSS<\/title>\n<meta name=\"robots\" content=\"index, follow, max-snippet:-1, max-image-preview:large, max-video-preview:-1\" \/>\n<link rel=\"canonical\" href=\"https:\/\/www.philix.be\/luss\/cours-administrateurs\/\" \/>\n<meta property=\"og:locale\" content=\"fr_FR\" \/>\n<meta property=\"og:type\" content=\"article\" \/>\n<meta property=\"og:title\" content=\"Cours administrateurs - WPLUSS\" \/>\n<meta property=\"og:description\" content=\"Un cours de base (deux journ\u00e9es) : Les utilisateurs. Les Outils Les R\u00e9glages classiques. Le param\u00e9trage des plugins : GDPR cookie consent. Menu Outils &#8211; Redirection. Dans le menu Outils- Monarch (lien Facebook etc.) Dans le menu R\u00e9glages &#8211; Duplicate\" \/>\n<meta property=\"og:url\" content=\"https:\/\/www.philix.be\/luss\/cours-administrateurs\/\" \/>\n<meta property=\"og:site_name\" content=\"WPLUSS\" \/>\n<meta property=\"article:modified_time\" content=\"2020-02-28T10:29:37+00:00\" \/>\n<meta name=\"twitter:card\" content=\"summary_large_image\" \/>\n<script type=\"application\/ld+json\" class=\"yoast-schema-graph\">{\"@context\":\"https:\\\/\\\/schema.org\",\"@graph\":[{\"@type\":\"WebPage\",\"@id\":\"https:\\\/\\\/www.philix.be\\\/luss\\\/cours-administrateurs\\\/\",\"url\":\"https:\\\/\\\/www.philix.be\\\/luss\\\/cours-administrateurs\\\/\",\"name\":\"Cours administrateurs - WPLUSS\",\"isPartOf\":{\"@id\":\"https:\\\/\\\/www.philix.be\\\/luss\\\/#website\"},\"datePublished\":\"2019-05-07T21:15:19+00:00\",\"dateModified\":\"2020-02-28T10:29:37+00:00\",\"inLanguage\":\"fr-FR\",\"potentialAction\":[{\"@type\":\"ReadAction\",\"target\":[\"https:\\\/\\\/www.philix.be\\\/luss\\\/cours-administrateurs\\\/\"]}]},{\"@type\":\"WebSite\",\"@id\":\"https:\\\/\\\/www.philix.be\\\/luss\\\/#website\",\"url\":\"https:\\\/\\\/www.philix.be\\\/luss\\\/\",\"name\":\"WPLUSS\",\"description\":\"Les sites de Ph\u00a1l\u00a1x\",\"publisher\":{\"@id\":\"https:\\\/\\\/www.philix.be\\\/luss\\\/#organization\"},\"potentialAction\":[{\"@type\":\"SearchAction\",\"target\":{\"@type\":\"EntryPoint\",\"urlTemplate\":\"https:\\\/\\\/www.philix.be\\\/luss\\\/?s={search_term_string}\"},\"query-input\":{\"@type\":\"PropertyValueSpecification\",\"valueRequired\":true,\"valueName\":\"search_term_string\"}}],\"inLanguage\":\"fr-FR\"},{\"@type\":\"Organization\",\"@id\":\"https:\\\/\\\/www.philix.be\\\/luss\\\/#organization\",\"name\":\"WPLUSS\",\"url\":\"https:\\\/\\\/www.philix.be\\\/luss\\\/\",\"logo\":{\"@type\":\"ImageObject\",\"inLanguage\":\"fr-FR\",\"@id\":\"https:\\\/\\\/www.philix.be\\\/luss\\\/#\\\/schema\\\/logo\\\/image\\\/\",\"url\":\"https:\\\/\\\/www.philix.be\\\/luss\\\/wp-content\\\/uploads\\\/sites\\\/3\\\/2017\\\/03\\\/cropped-wordpress-1415678_960_720-e1489930624872-1.png\",\"contentUrl\":\"https:\\\/\\\/www.philix.be\\\/luss\\\/wp-content\\\/uploads\\\/sites\\\/3\\\/2017\\\/03\\\/cropped-wordpress-1415678_960_720-e1489930624872-1.png\",\"width\":100,\"height\":100,\"caption\":\"WPLUSS\"},\"image\":{\"@id\":\"https:\\\/\\\/www.philix.be\\\/luss\\\/#\\\/schema\\\/logo\\\/image\\\/\"}}]}<\/script>\n<!-- \/ Yoast SEO plugin. -->","yoast_head_json":{"title":"Cours administrateurs - WPLUSS","robots":{"index":"index","follow":"follow","max-snippet":"max-snippet:-1","max-image-preview":"max-image-preview:large","max-video-preview":"max-video-preview:-1"},"canonical":"https:\/\/www.philix.be\/luss\/cours-administrateurs\/","og_locale":"fr_FR","og_type":"article","og_title":"Cours administrateurs - WPLUSS","og_description":"Un cours de base (deux journ\u00e9es) : Les utilisateurs. Les Outils Les R\u00e9glages classiques. Le param\u00e9trage des plugins : GDPR cookie consent. Menu Outils &#8211; Redirection. Dans le menu Outils- Monarch (lien Facebook etc.) Dans le menu R\u00e9glages &#8211; Duplicate","og_url":"https:\/\/www.philix.be\/luss\/cours-administrateurs\/","og_site_name":"WPLUSS","article_modified_time":"2020-02-28T10:29:37+00:00","twitter_card":"summary_large_image","schema":{"@context":"https:\/\/schema.org","@graph":[{"@type":"WebPage","@id":"https:\/\/www.philix.be\/luss\/cours-administrateurs\/","url":"https:\/\/www.philix.be\/luss\/cours-administrateurs\/","name":"Cours administrateurs - WPLUSS","isPartOf":{"@id":"https:\/\/www.philix.be\/luss\/#website"},"datePublished":"2019-05-07T21:15:19+00:00","dateModified":"2020-02-28T10:29:37+00:00","inLanguage":"fr-FR","potentialAction":[{"@type":"ReadAction","target":["https:\/\/www.philix.be\/luss\/cours-administrateurs\/"]}]},{"@type":"WebSite","@id":"https:\/\/www.philix.be\/luss\/#website","url":"https:\/\/www.philix.be\/luss\/","name":"WPLUSS","description":"Les sites de Ph\u00a1l\u00a1x","publisher":{"@id":"https:\/\/www.philix.be\/luss\/#organization"},"potentialAction":[{"@type":"SearchAction","target":{"@type":"EntryPoint","urlTemplate":"https:\/\/www.philix.be\/luss\/?s={search_term_string}"},"query-input":{"@type":"PropertyValueSpecification","valueRequired":true,"valueName":"search_term_string"}}],"inLanguage":"fr-FR"},{"@type":"Organization","@id":"https:\/\/www.philix.be\/luss\/#organization","name":"WPLUSS","url":"https:\/\/www.philix.be\/luss\/","logo":{"@type":"ImageObject","inLanguage":"fr-FR","@id":"https:\/\/www.philix.be\/luss\/#\/schema\/logo\/image\/","url":"https:\/\/www.philix.be\/luss\/wp-content\/uploads\/sites\/3\/2017\/03\/cropped-wordpress-1415678_960_720-e1489930624872-1.png","contentUrl":"https:\/\/www.philix.be\/luss\/wp-content\/uploads\/sites\/3\/2017\/03\/cropped-wordpress-1415678_960_720-e1489930624872-1.png","width":100,"height":100,"caption":"WPLUSS"},"image":{"@id":"https:\/\/www.philix.be\/luss\/#\/schema\/logo\/image\/"}}]}},"_links":{"self":[{"href":"https:\/\/www.philix.be\/luss\/wp-json\/wp\/v2\/pages\/952","targetHints":{"allow":["GET"]}}],"collection":[{"href":"https:\/\/www.philix.be\/luss\/wp-json\/wp\/v2\/pages"}],"about":[{"href":"https:\/\/www.philix.be\/luss\/wp-json\/wp\/v2\/types\/page"}],"author":[{"embeddable":true,"href":"https:\/\/www.philix.be\/luss\/wp-json\/wp\/v2\/users\/1"}],"replies":[{"embeddable":true,"href":"https:\/\/www.philix.be\/luss\/wp-json\/wp\/v2\/comments?post=952"}],"version-history":[{"count":0,"href":"https:\/\/www.philix.be\/luss\/wp-json\/wp\/v2\/pages\/952\/revisions"}],"wp:attachment":[{"href":"https:\/\/www.philix.be\/luss\/wp-json\/wp\/v2\/media?parent=952"}],"curies":[{"name":"wp","href":"https:\/\/api.w.org\/{rel}","templated":true}]}}