{"id":956,"date":"2019-05-07T23:21:40","date_gmt":"2019-05-07T21:21:40","guid":{"rendered":"https:\/\/www.philix.be\/luss\/?page_id=956"},"modified":"2019-08-08T11:22:49","modified_gmt":"2019-08-08T09:22:49","slug":"cours-editeurs","status":"publish","type":"page","link":"https:\/\/www.philix.be\/luss\/cours-editeurs\/","title":{"rendered":"Cours \u00c9diteurs"},"content":{"rendered":"<p>Comme ces cours n&rsquo;ont jamais \u00e9t\u00e9 donn\u00e9s, il est possible qu&rsquo;en fonction de la situation, les contenus \u00e9voluent.<\/p>\n<p>Cours I<\/p>\n<ul>\n<li>Structure &#8211; Charte graphique &#8211; Mise en page<\/li>\n<li><strong>Pages<\/strong> et <strong>Articles<\/strong><\/li>\n<li>L&rsquo;\u00e9diteur classique &#8230; \u00e9tendu (qui reste toujours tout une option pour l&rsquo;\u00e9dition m\u00eame avec Divi)<\/li>\n<li>Les\u00a0<strong>M\u00e9dias<\/strong><\/li>\n<li>Les\u00a0<strong>Cat\u00e9gories<\/strong><\/li>\n<li>Les\u00a0<strong>Widgets<\/strong><\/li>\n<li>Les\u00a0<strong>Menus<\/strong><\/li>\n<\/ul>\n<p>Cours II<\/p>\n<ul>\n<li><strong>Polylang<\/strong> (site multi-lingue)<\/li>\n<li><strong>Yoast SEO<\/strong>\u00a0(aper\u00e7u du r\u00e9f\u00e9rencement)<\/li>\n<\/ul>\n<p>Cours III<\/p>\n<ul>\n<li><strong>Divi<\/strong> (ou <strong>Extra<\/strong>)<\/li>\n<li><b>Construction du site de d\u00e9veloppement<\/b> avec <strong>Divi.<\/strong> Les pages de base :\n<ul>\n<li>\u00ab\u00a0Accueil\u00a0\u00bb (\u00e9ventuellement bilingue ou trilingue)<\/li>\n<li>\u00ab\u00a0\u00c0 propos\u00a0\u00bb<\/li>\n<li>\u00ab\u00a0Politique de confidentialit\u00e9\u00a0\u00bb<\/li>\n<li>\u00ab\u00a0Contact\u00a0\u00bb<\/li>\n<li>\u00ab\u00a0Actualit\u00e9s\u00a0\u00bb (blog)<\/li>\n<li>Agencement du menu principal<\/li>\n<\/ul>\n<\/li>\n<\/ul>\n<p>Cours IV<\/p>\n<ul>\n<li><strong>Woocommerce<\/strong> (boutique e-commerce)<\/li>\n<\/ul>\n<p>Cours V et suivant(s)<\/p>\n<ul>\n<li><strong>Ateliers<\/strong> sur la construction des sites.<\/li>\n<li><strong>D\u00e9marrage des sites de production<\/strong>.<\/li>\n<li><strong>Mise en ligne des sites de production<\/strong>.<\/li>\n<\/ul>\n","protected":false},"excerpt":{"rendered":"<p>Comme ces cours n&rsquo;ont jamais \u00e9t\u00e9 donn\u00e9s, il est possible qu&rsquo;en fonction de la situation, les contenus \u00e9voluent. Cours I Structure &#8211; Charte graphique &#8211; Mise en page Pages et Articles L&rsquo;\u00e9diteur classique &#8230; \u00e9tendu (qui reste toujours tout une<\/p>\n","protected":false},"author":1,"featured_media":0,"parent":0,"menu_order":0,"comment_status":"closed","ping_status":"closed","template":"","meta":{"footnotes":""},"class_list":["post-956","page","type-page","status-publish","hentry"],"yoast_head":"<!-- This site is optimized with the Yoast SEO plugin v27.5 - https:\/\/yoast.com\/product\/yoast-seo-wordpress\/ -->\n<title>Cours \u00c9diteurs - WPLUSS<\/title>\n<meta name=\"robots\" content=\"index, follow, max-snippet:-1, max-image-preview:large, max-video-preview:-1\" \/>\n<link rel=\"canonical\" href=\"https:\/\/www.philix.be\/luss\/cours-editeurs\/\" \/>\n<meta property=\"og:locale\" content=\"fr_FR\" \/>\n<meta property=\"og:type\" content=\"article\" \/>\n<meta property=\"og:title\" content=\"Cours \u00c9diteurs - WPLUSS\" \/>\n<meta property=\"og:description\" content=\"Comme ces cours n&rsquo;ont jamais \u00e9t\u00e9 donn\u00e9s, il est possible qu&rsquo;en fonction de la situation, les contenus \u00e9voluent. Cours I Structure &#8211; Charte graphique &#8211; Mise en page Pages et Articles L&rsquo;\u00e9diteur classique &#8230; \u00e9tendu (qui reste toujours tout une\" \/>\n<meta property=\"og:url\" content=\"https:\/\/www.philix.be\/luss\/cours-editeurs\/\" \/>\n<meta property=\"og:site_name\" content=\"WPLUSS\" \/>\n<meta property=\"article:modified_time\" content=\"2019-08-08T09:22:49+00:00\" \/>\n<meta name=\"twitter:card\" content=\"summary_large_image\" \/>\n<meta name=\"twitter:label1\" content=\"Dur\u00e9e de lecture estim\u00e9e\" \/>\n\t<meta name=\"twitter:data1\" content=\"1 minute\" \/>\n<script type=\"application\/ld+json\" class=\"yoast-schema-graph\">{\"@context\":\"https:\\\/\\\/schema.org\",\"@graph\":[{\"@type\":\"WebPage\",\"@id\":\"https:\\\/\\\/www.philix.be\\\/luss\\\/cours-editeurs\\\/\",\"url\":\"https:\\\/\\\/www.philix.be\\\/luss\\\/cours-editeurs\\\/\",\"name\":\"Cours \u00c9diteurs - WPLUSS\",\"isPartOf\":{\"@id\":\"https:\\\/\\\/www.philix.be\\\/luss\\\/#website\"},\"datePublished\":\"2019-05-07T21:21:40+00:00\",\"dateModified\":\"2019-08-08T09:22:49+00:00\",\"inLanguage\":\"fr-FR\",\"potentialAction\":[{\"@type\":\"ReadAction\",\"target\":[\"https:\\\/\\\/www.philix.be\\\/luss\\\/cours-editeurs\\\/\"]}]},{\"@type\":\"WebSite\",\"@id\":\"https:\\\/\\\/www.philix.be\\\/luss\\\/#website\",\"url\":\"https:\\\/\\\/www.philix.be\\\/luss\\\/\",\"name\":\"WPLUSS\",\"description\":\"Les sites de Ph\u00a1l\u00a1x\",\"publisher\":{\"@id\":\"https:\\\/\\\/www.philix.be\\\/luss\\\/#organization\"},\"potentialAction\":[{\"@type\":\"SearchAction\",\"target\":{\"@type\":\"EntryPoint\",\"urlTemplate\":\"https:\\\/\\\/www.philix.be\\\/luss\\\/?s={search_term_string}\"},\"query-input\":{\"@type\":\"PropertyValueSpecification\",\"valueRequired\":true,\"valueName\":\"search_term_string\"}}],\"inLanguage\":\"fr-FR\"},{\"@type\":\"Organization\",\"@id\":\"https:\\\/\\\/www.philix.be\\\/luss\\\/#organization\",\"name\":\"WPLUSS\",\"url\":\"https:\\\/\\\/www.philix.be\\\/luss\\\/\",\"logo\":{\"@type\":\"ImageObject\",\"inLanguage\":\"fr-FR\",\"@id\":\"https:\\\/\\\/www.philix.be\\\/luss\\\/#\\\/schema\\\/logo\\\/image\\\/\",\"url\":\"https:\\\/\\\/www.philix.be\\\/luss\\\/wp-content\\\/uploads\\\/sites\\\/3\\\/2017\\\/03\\\/cropped-wordpress-1415678_960_720-e1489930624872-1.png\",\"contentUrl\":\"https:\\\/\\\/www.philix.be\\\/luss\\\/wp-content\\\/uploads\\\/sites\\\/3\\\/2017\\\/03\\\/cropped-wordpress-1415678_960_720-e1489930624872-1.png\",\"width\":100,\"height\":100,\"caption\":\"WPLUSS\"},\"image\":{\"@id\":\"https:\\\/\\\/www.philix.be\\\/luss\\\/#\\\/schema\\\/logo\\\/image\\\/\"}}]}<\/script>\n<!-- \/ Yoast SEO plugin. -->","yoast_head_json":{"title":"Cours \u00c9diteurs - WPLUSS","robots":{"index":"index","follow":"follow","max-snippet":"max-snippet:-1","max-image-preview":"max-image-preview:large","max-video-preview":"max-video-preview:-1"},"canonical":"https:\/\/www.philix.be\/luss\/cours-editeurs\/","og_locale":"fr_FR","og_type":"article","og_title":"Cours \u00c9diteurs - WPLUSS","og_description":"Comme ces cours n&rsquo;ont jamais \u00e9t\u00e9 donn\u00e9s, il est possible qu&rsquo;en fonction de la situation, les contenus \u00e9voluent. Cours I Structure &#8211; Charte graphique &#8211; Mise en page Pages et Articles L&rsquo;\u00e9diteur classique &#8230; \u00e9tendu (qui reste toujours tout une","og_url":"https:\/\/www.philix.be\/luss\/cours-editeurs\/","og_site_name":"WPLUSS","article_modified_time":"2019-08-08T09:22:49+00:00","twitter_card":"summary_large_image","twitter_misc":{"Dur\u00e9e de lecture estim\u00e9e":"1 minute"},"schema":{"@context":"https:\/\/schema.org","@graph":[{"@type":"WebPage","@id":"https:\/\/www.philix.be\/luss\/cours-editeurs\/","url":"https:\/\/www.philix.be\/luss\/cours-editeurs\/","name":"Cours \u00c9diteurs - WPLUSS","isPartOf":{"@id":"https:\/\/www.philix.be\/luss\/#website"},"datePublished":"2019-05-07T21:21:40+00:00","dateModified":"2019-08-08T09:22:49+00:00","inLanguage":"fr-FR","potentialAction":[{"@type":"ReadAction","target":["https:\/\/www.philix.be\/luss\/cours-editeurs\/"]}]},{"@type":"WebSite","@id":"https:\/\/www.philix.be\/luss\/#website","url":"https:\/\/www.philix.be\/luss\/","name":"WPLUSS","description":"Les sites de Ph\u00a1l\u00a1x","publisher":{"@id":"https:\/\/www.philix.be\/luss\/#organization"},"potentialAction":[{"@type":"SearchAction","target":{"@type":"EntryPoint","urlTemplate":"https:\/\/www.philix.be\/luss\/?s={search_term_string}"},"query-input":{"@type":"PropertyValueSpecification","valueRequired":true,"valueName":"search_term_string"}}],"inLanguage":"fr-FR"},{"@type":"Organization","@id":"https:\/\/www.philix.be\/luss\/#organization","name":"WPLUSS","url":"https:\/\/www.philix.be\/luss\/","logo":{"@type":"ImageObject","inLanguage":"fr-FR","@id":"https:\/\/www.philix.be\/luss\/#\/schema\/logo\/image\/","url":"https:\/\/www.philix.be\/luss\/wp-content\/uploads\/sites\/3\/2017\/03\/cropped-wordpress-1415678_960_720-e1489930624872-1.png","contentUrl":"https:\/\/www.philix.be\/luss\/wp-content\/uploads\/sites\/3\/2017\/03\/cropped-wordpress-1415678_960_720-e1489930624872-1.png","width":100,"height":100,"caption":"WPLUSS"},"image":{"@id":"https:\/\/www.philix.be\/luss\/#\/schema\/logo\/image\/"}}]}},"_links":{"self":[{"href":"https:\/\/www.philix.be\/luss\/wp-json\/wp\/v2\/pages\/956","targetHints":{"allow":["GET"]}}],"collection":[{"href":"https:\/\/www.philix.be\/luss\/wp-json\/wp\/v2\/pages"}],"about":[{"href":"https:\/\/www.philix.be\/luss\/wp-json\/wp\/v2\/types\/page"}],"author":[{"embeddable":true,"href":"https:\/\/www.philix.be\/luss\/wp-json\/wp\/v2\/users\/1"}],"replies":[{"embeddable":true,"href":"https:\/\/www.philix.be\/luss\/wp-json\/wp\/v2\/comments?post=956"}],"version-history":[{"count":0,"href":"https:\/\/www.philix.be\/luss\/wp-json\/wp\/v2\/pages\/956\/revisions"}],"wp:attachment":[{"href":"https:\/\/www.philix.be\/luss\/wp-json\/wp\/v2\/media?parent=956"}],"curies":[{"name":"wp","href":"https:\/\/api.w.org\/{rel}","templated":true}]}}