{"id":976,"date":"2019-04-08T18:27:26","date_gmt":"2019-04-08T16:27:26","guid":{"rendered":"https:\/\/www.philix.be\/multisite\/?page_id=976"},"modified":"2019-04-08T18:27:26","modified_gmt":"2019-04-08T16:27:26","slug":"politique","status":"publish","type":"page","link":"https:\/\/www.philix.be\/multisite\/politique\/","title":{"rendered":"Politique de confidentialit\u00e9 &#8211; Donn\u00e9es personnelles"},"content":{"rendered":"<h3 id=\"les-donnes-caractre-personnel-collectes-et-enregistres\" class=\"titre03 font-gray line-yellow\">Politique des donn\u00e9es \u00e0 caract\u00e8re personnel collect\u00e9es et enregistr\u00e9es sur ce site<\/h3>\n<p><em>Les donn\u00e9es suivantes sont collect\u00e9es :<\/em><\/p>\n<h4>I. Donn\u00e9es d&rsquo;identification<\/h4>\n<p>Pseudo, e-mail et mot de passe (le mot de passe est encrypt\u00e9).<\/p>\n<p>Ces donn\u00e9es sont collect\u00e9es et enregistr\u00e9es pour l\u2019identification sur le site et sont exclusivement g\u00e9r\u00e9es par le webmaster. Elles ne sont jamais communiqu\u00e9e \u00e0 personne.<\/p>\n<h4 id=\"-c-la-dure-de-conservation-des-donnes-\" class=\"titre03 font-gray line-yellow\">II. Dur\u00e9e de conservation des donn\u00e9es<\/h4>\n<p>Ces donn\u00e9es sont conserv\u00e9es ind\u00e9finiment. Elles sont effac\u00e9es \u00e0 la demande de leur propri\u00e9taire.<\/p>\n<h4>III. Cookies<\/h4>\n<p>Un cookie, ou t\u00e9moin de connexion, est un petit fichier texte qui peut \u00eatre plac\u00e9 sur votre terminal \u00e0 l&rsquo;occasion de la consultation d&rsquo;un site internet ou d&rsquo;une application et ce, gr\u00e2ce \u00e0 votre logiciel de navigation. Un fichier cookie permet \u00e0 son \u00e9metteur d&rsquo;identifier le terminal dans lequel il est enregistr\u00e9, pendant la dur\u00e9e de validit\u00e9 ou d&rsquo;enregistrement dudit cookie.<\/p>\n<p class=\"u-nomargin-bottom\">Certains cookies sont indispensables \u00e0 l&rsquo;utilisation de ce site, d&rsquo;autres permettent d&rsquo;optimiser et de personnaliser les contenus affich\u00e9s.<\/p>\n","protected":false},"excerpt":{"rendered":"<p>Politique des donn\u00e9es \u00e0 caract\u00e8re personnel collect\u00e9es et enregistr\u00e9es sur ce site Les donn\u00e9es suivantes sont collect\u00e9es : I. Donn\u00e9es d&rsquo;identification Pseudo, e-mail et mot de passe (le mot de passe est encrypt\u00e9). Ces donn\u00e9es sont collect\u00e9es et enregistr\u00e9es pour l\u2019identification sur le site et sont exclusivement g\u00e9r\u00e9es par le webmaster. Elles ne sont jamais &#8230; <a title=\"Politique de confidentialit\u00e9 &#8211; Donn\u00e9es personnelles\" class=\"read-more\" href=\"https:\/\/www.philix.be\/multisite\/politique\/\" aria-label=\"En savoir plus sur Politique de confidentialit\u00e9 &#8211; Donn\u00e9es personnelles\">Lire la suite<\/a><\/p>\n","protected":false},"author":1,"featured_media":0,"parent":0,"menu_order":0,"comment_status":"closed","ping_status":"closed","template":"","meta":{"footnotes":""},"class_list":["post-976","page","type-page","status-publish"],"yoast_head":"<!-- This site is optimized with the Yoast SEO plugin v27.3 - https:\/\/yoast.com\/product\/yoast-seo-wordpress\/ -->\n<title>Politique de confidentialit\u00e9 - Donn\u00e9es personnelles - WordPress Multi-sites<\/title>\n<meta name=\"description\" content=\"Politique de confidentialit\u00e9 et donn\u00e9es \u00e0 caract\u00e8re personnel collect\u00e9es et enregistr\u00e9es sur ce site. Description des cookies dans le respect du RGPD.\" \/>\n<meta name=\"robots\" content=\"index, follow, max-snippet:-1, max-image-preview:large, max-video-preview:-1\" \/>\n<link rel=\"canonical\" href=\"https:\/\/www.philix.be\/multisite\/politique\/\" \/>\n<meta property=\"og:locale\" content=\"fr_FR\" \/>\n<meta property=\"og:type\" content=\"article\" \/>\n<meta property=\"og:title\" content=\"Politique de confidentialit\u00e9 - Donn\u00e9es personnelles - WordPress Multi-sites\" \/>\n<meta property=\"og:description\" content=\"Politique de confidentialit\u00e9 et donn\u00e9es \u00e0 caract\u00e8re personnel collect\u00e9es et enregistr\u00e9es sur ce site. Description des cookies dans le respect du RGPD.\" \/>\n<meta property=\"og:url\" content=\"https:\/\/www.philix.be\/multisite\/politique\/\" \/>\n<meta property=\"og:site_name\" content=\"WordPress Multi-sites\" \/>\n<meta name=\"twitter:card\" content=\"summary_large_image\" \/>\n<meta name=\"twitter:label1\" content=\"Dur\u00e9e de lecture estim\u00e9e\" \/>\n\t<meta name=\"twitter:data1\" content=\"1 minute\" \/>\n<script type=\"application\/ld+json\" class=\"yoast-schema-graph\">{\"@context\":\"https:\\\/\\\/schema.org\",\"@graph\":[{\"@type\":\"WebPage\",\"@id\":\"https:\\\/\\\/www.philix.be\\\/multisite\\\/politique\\\/\",\"url\":\"https:\\\/\\\/www.philix.be\\\/multisite\\\/politique\\\/\",\"name\":\"Politique de confidentialit\u00e9 - Donn\u00e9es personnelles - WordPress Multi-sites\",\"isPartOf\":{\"@id\":\"https:\\\/\\\/www.philix.be\\\/multisite\\\/#website\"},\"datePublished\":\"2019-04-08T16:27:26+00:00\",\"description\":\"Politique de confidentialit\u00e9 et donn\u00e9es \u00e0 caract\u00e8re personnel collect\u00e9es et enregistr\u00e9es sur ce site. Description des cookies dans le respect du RGPD.\",\"breadcrumb\":{\"@id\":\"https:\\\/\\\/www.philix.be\\\/multisite\\\/politique\\\/#breadcrumb\"},\"inLanguage\":\"fr-FR\",\"potentialAction\":[{\"@type\":\"ReadAction\",\"target\":[\"https:\\\/\\\/www.philix.be\\\/multisite\\\/politique\\\/\"]}]},{\"@type\":\"BreadcrumbList\",\"@id\":\"https:\\\/\\\/www.philix.be\\\/multisite\\\/politique\\\/#breadcrumb\",\"itemListElement\":[{\"@type\":\"ListItem\",\"position\":1,\"name\":\"Accueil\",\"item\":\"https:\\\/\\\/www.philix.be\\\/multisite\\\/\"},{\"@type\":\"ListItem\",\"position\":2,\"name\":\"Politique de confidentialit\u00e9 &#8211; Donn\u00e9es personnelles\"}]},{\"@type\":\"WebSite\",\"@id\":\"https:\\\/\\\/www.philix.be\\\/multisite\\\/#website\",\"url\":\"https:\\\/\\\/www.philix.be\\\/multisite\\\/\",\"name\":\"WordPress Multi-sites\",\"description\":\"Un site utilisant Les sites de Ph\u00a1l\u00a1x\",\"potentialAction\":[{\"@type\":\"SearchAction\",\"target\":{\"@type\":\"EntryPoint\",\"urlTemplate\":\"https:\\\/\\\/www.philix.be\\\/multisite\\\/?s={search_term_string}\"},\"query-input\":{\"@type\":\"PropertyValueSpecification\",\"valueRequired\":true,\"valueName\":\"search_term_string\"}}],\"inLanguage\":\"fr-FR\"}]}<\/script>\n<!-- \/ Yoast SEO plugin. -->","yoast_head_json":{"title":"Politique de confidentialit\u00e9 - Donn\u00e9es personnelles - WordPress Multi-sites","description":"Politique de confidentialit\u00e9 et donn\u00e9es \u00e0 caract\u00e8re personnel collect\u00e9es et enregistr\u00e9es sur ce site. Description des cookies dans le respect du RGPD.","robots":{"index":"index","follow":"follow","max-snippet":"max-snippet:-1","max-image-preview":"max-image-preview:large","max-video-preview":"max-video-preview:-1"},"canonical":"https:\/\/www.philix.be\/multisite\/politique\/","og_locale":"fr_FR","og_type":"article","og_title":"Politique de confidentialit\u00e9 - Donn\u00e9es personnelles - WordPress Multi-sites","og_description":"Politique de confidentialit\u00e9 et donn\u00e9es \u00e0 caract\u00e8re personnel collect\u00e9es et enregistr\u00e9es sur ce site. Description des cookies dans le respect du RGPD.","og_url":"https:\/\/www.philix.be\/multisite\/politique\/","og_site_name":"WordPress Multi-sites","twitter_card":"summary_large_image","twitter_misc":{"Dur\u00e9e de lecture estim\u00e9e":"1 minute"},"schema":{"@context":"https:\/\/schema.org","@graph":[{"@type":"WebPage","@id":"https:\/\/www.philix.be\/multisite\/politique\/","url":"https:\/\/www.philix.be\/multisite\/politique\/","name":"Politique de confidentialit\u00e9 - Donn\u00e9es personnelles - WordPress Multi-sites","isPartOf":{"@id":"https:\/\/www.philix.be\/multisite\/#website"},"datePublished":"2019-04-08T16:27:26+00:00","description":"Politique de confidentialit\u00e9 et donn\u00e9es \u00e0 caract\u00e8re personnel collect\u00e9es et enregistr\u00e9es sur ce site. Description des cookies dans le respect du RGPD.","breadcrumb":{"@id":"https:\/\/www.philix.be\/multisite\/politique\/#breadcrumb"},"inLanguage":"fr-FR","potentialAction":[{"@type":"ReadAction","target":["https:\/\/www.philix.be\/multisite\/politique\/"]}]},{"@type":"BreadcrumbList","@id":"https:\/\/www.philix.be\/multisite\/politique\/#breadcrumb","itemListElement":[{"@type":"ListItem","position":1,"name":"Accueil","item":"https:\/\/www.philix.be\/multisite\/"},{"@type":"ListItem","position":2,"name":"Politique de confidentialit\u00e9 &#8211; Donn\u00e9es personnelles"}]},{"@type":"WebSite","@id":"https:\/\/www.philix.be\/multisite\/#website","url":"https:\/\/www.philix.be\/multisite\/","name":"WordPress Multi-sites","description":"Un site utilisant Les sites de Ph\u00a1l\u00a1x","potentialAction":[{"@type":"SearchAction","target":{"@type":"EntryPoint","urlTemplate":"https:\/\/www.philix.be\/multisite\/?s={search_term_string}"},"query-input":{"@type":"PropertyValueSpecification","valueRequired":true,"valueName":"search_term_string"}}],"inLanguage":"fr-FR"}]}},"_links":{"self":[{"href":"https:\/\/www.philix.be\/multisite\/wp-json\/wp\/v2\/pages\/976","targetHints":{"allow":["GET"]}}],"collection":[{"href":"https:\/\/www.philix.be\/multisite\/wp-json\/wp\/v2\/pages"}],"about":[{"href":"https:\/\/www.philix.be\/multisite\/wp-json\/wp\/v2\/types\/page"}],"author":[{"embeddable":true,"href":"https:\/\/www.philix.be\/multisite\/wp-json\/wp\/v2\/users\/1"}],"replies":[{"embeddable":true,"href":"https:\/\/www.philix.be\/multisite\/wp-json\/wp\/v2\/comments?post=976"}],"version-history":[{"count":0,"href":"https:\/\/www.philix.be\/multisite\/wp-json\/wp\/v2\/pages\/976\/revisions"}],"wp:attachment":[{"href":"https:\/\/www.philix.be\/multisite\/wp-json\/wp\/v2\/media?parent=976"}],"curies":[{"name":"wp","href":"https:\/\/api.w.org\/{rel}","templated":true}]}}