{"id":335,"date":"2022-03-09T19:27:24","date_gmt":"2022-03-09T18:27:24","guid":{"rendered":"https:\/\/www.philix.be\/srednel\/?page_id=335"},"modified":"2022-03-11T16:36:07","modified_gmt":"2022-03-11T15:36:07","slug":"horloge-louis-xvi","status":"publish","type":"page","link":"https:\/\/www.philix.be\/srednel\/horloge-louis-xvi\/","title":{"rendered":"Horloge Louis XVI"},"content":{"rendered":"<p>[et_pb_section fb_built=\u00a0\u00bb1&Prime; admin_label=\u00a0\u00bbAlbums\u00a0\u00bb _builder_version=\u00a0\u00bb4.14.8&Prime; custom_margin=\u00a0\u00bb||||false|false\u00a0\u00bb custom_padding=\u00a0\u00bb0px||||false|false\u00a0\u00bb top_divider_color=\u00a0\u00bbrgba(0,0,0,0.45)\u00a0\u00bb top_divider_height=\u00a0\u00bb25px\u00a0\u00bb locked=\u00a0\u00bboff\u00a0\u00bb global_colors_info=\u00a0\u00bb{}\u00a0\u00bb][et_pb_row column_structure=\u00a0\u00bb1_2,1_4,1_4&Prime; _builder_version=\u00a0\u00bb4.4.4&Prime; global_colors_info=\u00a0\u00bb{}\u00a0\u00bb][et_pb_column type=\u00a0\u00bb1_2&Prime; _builder_version=\u00a0\u00bb4.4.4&Prime; global_colors_info=\u00a0\u00bb{}\u00a0\u00bb][et_pb_post_title meta=\u00a0\u00bboff\u00a0\u00bb _builder_version=\u00a0\u00bb4.14.8&Prime; _module_preset=\u00a0\u00bbdefault\u00a0\u00bb custom_padding=\u00a0\u00bb20px||||false|false\u00a0\u00bb border_width_top=\u00a0\u00bb1px\u00a0\u00bb global_colors_info=\u00a0\u00bb{}\u00a0\u00bb][\/et_pb_post_title][et_pb_text _builder_version=\u00a0\u00bb4.14.8&Prime; _module_preset=\u00a0\u00bbdefault\u00a0\u00bb hover_enabled=\u00a0\u00bb0&Prime; global_colors_info=\u00a0\u00bb{}\u00a0\u00bb sticky_enabled=\u00a0\u00bb0&Prime;]<\/p>\n<p>Horloge de parquet Louis XVI.<br \/>Sur le disque surplombant le cadran on peut lire : <strong><em>Ultima Necat 1789<\/em>.<br \/><\/strong>[<em>Ultima Necat<\/em><strong><em> = <\/em><\/strong>La derni\u00e8re (heure) tue.]<\/p>\n<p>[\/et_pb_text][et_pb_text _builder_version=\u00a0\u00bb4.14.8&Prime; _module_preset=\u00a0\u00bbdefault\u00a0\u00bb global_colors_info=\u00a0\u00bb{}\u00a0\u00bb]<\/p>\n<ul>\n<li><span style=\"text-decoration: underline;\"><strong>Origine :<\/strong><\/span><br \/>?<\/li>\n<li><span style=\"text-decoration: underline;\"><strong>Taille :<\/strong><\/span><br \/>Hauteur : 225 cm<br \/>Largeur : 43 cm<br \/>Profondeur : 25 cm<\/li>\n<\/ul>\n<p>[\/et_pb_text][et_pb_text _builder_version=\u00a0\u00bb4.14.8&Prime; _module_preset=\u00a0\u00bbdefault\u00a0\u00bb global_colors_info=\u00a0\u00bb{}\u00a0\u00bb]<span style=\"color: #ffffff;\">Prix minimum : 1700 \u20ac<\/span>[\/et_pb_text][\/et_pb_column][et_pb_column type=\u00a0\u00bb1_4&Prime; _builder_version=\u00a0\u00bb4.4.4&Prime; global_colors_info=\u00a0\u00bb{}\u00a0\u00bb][et_pb_image src=\u00a0\u00bbhttps:\/\/www.philix.be\/srednel\/wp-content\/uploads\/sites\/20\/2022\/03\/IMG_20220303_155324.jpg\u00a0\u00bb alt=\u00a0\u00bbHorloge Louis XVI\u00a0\u00bb title_text=\u00a0\u00bbCliquez pour agrandir\u00a0\u00bb url=\u00a0\u00bbhttps:\/\/www.philix.be\/srednel\/wp-content\/uploads\/sites\/20\/2022\/03\/IMG_20220303_155324.jpg\u00a0\u00bb _builder_version=\u00a0\u00bb4.14.8&Prime; _module_preset=\u00a0\u00bbdefault\u00a0\u00bb max_width_last_edited=\u00a0\u00bboff|desktop\u00a0\u00bb custom_padding=\u00a0\u00bb10px|10px|10px|10px|true|true\u00a0\u00bb border_radii=\u00a0\u00bbon|5px|5px|5px|5px\u00a0\u00bb border_width_all=\u00a0\u00bb10px\u00a0\u00bb border_color_all=\u00a0\u00bb#FFFFFF\u00a0\u00bb box_shadow_style=\u00a0\u00bbpreset1&Prime; locked=\u00a0\u00bboff\u00a0\u00bb global_colors_info=\u00a0\u00bb{}\u00a0\u00bb max_width__hover_enabled=\u00a0\u00bboff|desktop\u00a0\u00bb][\/et_pb_image][et_pb_button button_url=\u00a0\u00bb\/srednel\/#contact\u00a0\u00bb url_new_window=\u00a0\u00bbon\u00a0\u00bb button_text=\u00a0\u00bbFaire une offre\u00a0\u00bb button_alignment=\u00a0\u00bbcenter\u00a0\u00bb _builder_version=\u00a0\u00bb4.14.8&Prime; _module_preset=\u00a0\u00bbdefault\u00a0\u00bb locked=\u00a0\u00bboff\u00a0\u00bb global_colors_info=\u00a0\u00bb{}\u00a0\u00bb][\/et_pb_button][et_pb_image src=\u00a0\u00bbhttps:\/\/www.philix.be\/srednel\/wp-content\/uploads\/sites\/20\/2022\/03\/IMG_20220310_140025.jpg\u00a0\u00bb alt=\u00a0\u00bbHorloge Louis XVI\u00a0\u00bb title_text=\u00a0\u00bbCliquez pour agrandir\u00a0\u00bb url=\u00a0\u00bbhttps:\/\/www.philix.be\/srednel\/wp-content\/uploads\/sites\/20\/2022\/03\/IMG_20220310_140025.jpg\u00a0\u00bb _builder_version=\u00a0\u00bb4.14.8&Prime; _module_preset=\u00a0\u00bbdefault\u00a0\u00bb max_width_last_edited=\u00a0\u00bboff|desktop\u00a0\u00bb custom_padding=\u00a0\u00bb10px|10px|10px|10px|true|true\u00a0\u00bb border_radii=\u00a0\u00bbon|5px|5px|5px|5px\u00a0\u00bb border_width_all=\u00a0\u00bb10px\u00a0\u00bb border_color_all=\u00a0\u00bb#FFFFFF\u00a0\u00bb box_shadow_style=\u00a0\u00bbpreset1&Prime; locked=\u00a0\u00bboff\u00a0\u00bb global_colors_info=\u00a0\u00bb{}\u00a0\u00bb max_width__hover_enabled=\u00a0\u00bboff|desktop\u00a0\u00bb][\/et_pb_image][\/et_pb_column][et_pb_column type=\u00a0\u00bb1_4&Prime; _builder_version=\u00a0\u00bb4.4.4&Prime; global_colors_info=\u00a0\u00bb{}\u00a0\u00bb][et_pb_image src=\u00a0\u00bbhttps:\/\/www.philix.be\/srednel\/wp-content\/uploads\/sites\/20\/2022\/03\/IMG_20220306_191024.jpg\u00a0\u00bb alt=\u00a0\u00bbHorloge Louis XVI\u00a0\u00bb title_text=\u00a0\u00bbCliquez pour agrandir\u00a0\u00bb url=\u00a0\u00bbhttps:\/\/www.philix.be\/srednel\/wp-content\/uploads\/sites\/20\/2022\/03\/IMG_20220306_191024.jpg\u00a0\u00bb _builder_version=\u00a0\u00bb4.14.8&Prime; _module_preset=\u00a0\u00bbdefault\u00a0\u00bb max_width_last_edited=\u00a0\u00bboff|desktop\u00a0\u00bb custom_padding=\u00a0\u00bb10px|10px|10px|10px|true|true\u00a0\u00bb border_radii=\u00a0\u00bbon|5px|5px|5px|5px\u00a0\u00bb border_width_all=\u00a0\u00bb10px\u00a0\u00bb border_color_all=\u00a0\u00bb#FFFFFF\u00a0\u00bb box_shadow_style=\u00a0\u00bbpreset1&Prime; locked=\u00a0\u00bboff\u00a0\u00bb global_colors_info=\u00a0\u00bb{}\u00a0\u00bb max_width__hover_enabled=\u00a0\u00bboff|desktop\u00a0\u00bb][\/et_pb_image][et_pb_image src=\u00a0\u00bbhttps:\/\/www.philix.be\/srednel\/wp-content\/uploads\/sites\/20\/2022\/03\/IMG_20220310_140108.jpg\u00a0\u00bb alt=\u00a0\u00bbHorloge Louis XVI\u00a0\u00bb title_text=\u00a0\u00bbCliquez pour agrandir\u00a0\u00bb url=\u00a0\u00bbhttps:\/\/www.philix.be\/srednel\/wp-content\/uploads\/sites\/20\/2022\/03\/IMG_20220310_140108.jpg\u00a0\u00bb _builder_version=\u00a0\u00bb4.14.8&Prime; _module_preset=\u00a0\u00bbdefault\u00a0\u00bb max_width_last_edited=\u00a0\u00bboff|desktop\u00a0\u00bb custom_padding=\u00a0\u00bb10px|10px|10px|10px|true|true\u00a0\u00bb border_radii=\u00a0\u00bbon|5px|5px|5px|5px\u00a0\u00bb border_width_all=\u00a0\u00bb10px\u00a0\u00bb border_color_all=\u00a0\u00bb#FFFFFF\u00a0\u00bb box_shadow_style=\u00a0\u00bbpreset1&Prime; locked=\u00a0\u00bboff\u00a0\u00bb global_colors_info=\u00a0\u00bb{}\u00a0\u00bb max_width__hover_enabled=\u00a0\u00bboff|desktop\u00a0\u00bb][\/et_pb_image][et_pb_image src=\u00a0\u00bbhttps:\/\/www.philix.be\/srednel\/wp-content\/uploads\/sites\/20\/2022\/03\/IMG_20220310_133503.jpg\u00a0\u00bb alt=\u00a0\u00bbHorloge Louis XVI\u00a0\u00bb title_text=\u00a0\u00bbCliquez pour agrandir\u00a0\u00bb url=\u00a0\u00bbhttps:\/\/www.philix.be\/srednel\/wp-content\/uploads\/sites\/20\/2022\/03\/IMG_20220310_133503.jpg\u00a0\u00bb _builder_version=\u00a0\u00bb4.14.8&Prime; _module_preset=\u00a0\u00bbdefault\u00a0\u00bb max_width_last_edited=\u00a0\u00bboff|desktop\u00a0\u00bb custom_padding=\u00a0\u00bb10px|10px|10px|10px|true|true\u00a0\u00bb border_radii=\u00a0\u00bbon|5px|5px|5px|5px\u00a0\u00bb border_width_all=\u00a0\u00bb10px\u00a0\u00bb border_color_all=\u00a0\u00bb#FFFFFF\u00a0\u00bb box_shadow_style=\u00a0\u00bbpreset1&Prime; locked=\u00a0\u00bboff\u00a0\u00bb global_colors_info=\u00a0\u00bb{}\u00a0\u00bb max_width__hover_enabled=\u00a0\u00bboff|desktop\u00a0\u00bb][\/et_pb_image][\/et_pb_column][\/et_pb_row][\/et_pb_section]<\/p>\n","protected":false},"excerpt":{"rendered":"<p>Horloge de parquet Louis XVI.Sur le disque surplombant le cadran on peut lire : Ultima Necat 1789.[Ultima Necat = La derni\u00e8re (heure) tue.] Origine \ud83d\ude15 Taille :Hauteur : 225 cmLargeur : 43 cmProfondeur : 25 cm Prix minimum : 1700 \u20ac<\/p>\n","protected":false},"author":1,"featured_media":0,"parent":0,"menu_order":0,"comment_status":"closed","ping_status":"closed","template":"","meta":{"_et_pb_use_builder":"on","_et_pb_old_content":"","_et_gb_content_width":"","footnotes":""},"class_list":["post-335","page","type-page","status-publish","hentry"],"yoast_head":"<!-- This site is optimized with the Yoast SEO plugin v27.5 - https:\/\/yoast.com\/product\/yoast-seo-wordpress\/ -->\n<title>Horloge Louis XVI - Objets<\/title>\n<meta name=\"description\" content=\"Le masque balinais Barong Naga (litt\u00e9ralement \u00ab dragon g\u00e9ant \u00bb) repr\u00e9sente une cr\u00e9ature mythologique balinaise ressemblant \u00e0 un dragon.\" \/>\n<meta name=\"robots\" content=\"index, follow, max-snippet:-1, max-image-preview:large, max-video-preview:-1\" \/>\n<link rel=\"canonical\" href=\"https:\/\/www.philix.be\/srednel\/horloge-louis-xvi\/\" \/>\n<meta property=\"og:locale\" content=\"fr_FR\" \/>\n<meta property=\"og:type\" content=\"article\" \/>\n<meta property=\"og:title\" content=\"Horloge Louis XVI - Objets\" \/>\n<meta property=\"og:description\" content=\"Le masque balinais Barong Naga (litt\u00e9ralement \u00ab dragon g\u00e9ant \u00bb) repr\u00e9sente une cr\u00e9ature mythologique balinaise ressemblant \u00e0 un dragon.\" \/>\n<meta property=\"og:url\" content=\"https:\/\/www.philix.be\/srednel\/horloge-louis-xvi\/\" \/>\n<meta property=\"og:site_name\" content=\"Objets\" \/>\n<meta property=\"article:modified_time\" content=\"2022-03-11T15:36:07+00:00\" \/>\n<meta name=\"twitter:card\" content=\"summary_large_image\" \/>\n<meta name=\"twitter:label1\" content=\"Dur\u00e9e de lecture estim\u00e9e\" \/>\n\t<meta name=\"twitter:data1\" content=\"3 minutes\" \/>\n<script type=\"application\/ld+json\" class=\"yoast-schema-graph\">{\"@context\":\"https:\\\/\\\/schema.org\",\"@graph\":[{\"@type\":\"WebPage\",\"@id\":\"https:\\\/\\\/www.philix.be\\\/srednel\\\/horloge-louis-xvi\\\/\",\"url\":\"https:\\\/\\\/www.philix.be\\\/srednel\\\/horloge-louis-xvi\\\/\",\"name\":\"Horloge Louis XVI - Objets\",\"isPartOf\":{\"@id\":\"https:\\\/\\\/www.philix.be\\\/srednel\\\/#website\"},\"datePublished\":\"2022-03-09T18:27:24+00:00\",\"dateModified\":\"2022-03-11T15:36:07+00:00\",\"description\":\"Le masque balinais Barong Naga (litt\u00e9ralement \u00ab dragon g\u00e9ant \u00bb) repr\u00e9sente une cr\u00e9ature mythologique balinaise ressemblant \u00e0 un dragon.\",\"inLanguage\":\"fr-FR\",\"potentialAction\":[{\"@type\":\"ReadAction\",\"target\":[\"https:\\\/\\\/www.philix.be\\\/srednel\\\/horloge-louis-xvi\\\/\"]}]},{\"@type\":\"WebSite\",\"@id\":\"https:\\\/\\\/www.philix.be\\\/srednel\\\/#website\",\"url\":\"https:\\\/\\\/www.philix.be\\\/srednel\\\/\",\"name\":\"Objets\",\"description\":\"Un site utilisant Les sites de Ph\u00a1l\u00a1x\",\"potentialAction\":[{\"@type\":\"SearchAction\",\"target\":{\"@type\":\"EntryPoint\",\"urlTemplate\":\"https:\\\/\\\/www.philix.be\\\/srednel\\\/?s={search_term_string}\"},\"query-input\":{\"@type\":\"PropertyValueSpecification\",\"valueRequired\":true,\"valueName\":\"search_term_string\"}}],\"inLanguage\":\"fr-FR\"}]}<\/script>\n<!-- \/ Yoast SEO plugin. -->","yoast_head_json":{"title":"Horloge Louis XVI - Objets","description":"Le masque balinais Barong Naga (litt\u00e9ralement \u00ab dragon g\u00e9ant \u00bb) repr\u00e9sente une cr\u00e9ature mythologique balinaise ressemblant \u00e0 un dragon.","robots":{"index":"index","follow":"follow","max-snippet":"max-snippet:-1","max-image-preview":"max-image-preview:large","max-video-preview":"max-video-preview:-1"},"canonical":"https:\/\/www.philix.be\/srednel\/horloge-louis-xvi\/","og_locale":"fr_FR","og_type":"article","og_title":"Horloge Louis XVI - Objets","og_description":"Le masque balinais Barong Naga (litt\u00e9ralement \u00ab dragon g\u00e9ant \u00bb) repr\u00e9sente une cr\u00e9ature mythologique balinaise ressemblant \u00e0 un dragon.","og_url":"https:\/\/www.philix.be\/srednel\/horloge-louis-xvi\/","og_site_name":"Objets","article_modified_time":"2022-03-11T15:36:07+00:00","twitter_card":"summary_large_image","twitter_misc":{"Dur\u00e9e de lecture estim\u00e9e":"3 minutes"},"schema":{"@context":"https:\/\/schema.org","@graph":[{"@type":"WebPage","@id":"https:\/\/www.philix.be\/srednel\/horloge-louis-xvi\/","url":"https:\/\/www.philix.be\/srednel\/horloge-louis-xvi\/","name":"Horloge Louis XVI - Objets","isPartOf":{"@id":"https:\/\/www.philix.be\/srednel\/#website"},"datePublished":"2022-03-09T18:27:24+00:00","dateModified":"2022-03-11T15:36:07+00:00","description":"Le masque balinais Barong Naga (litt\u00e9ralement \u00ab dragon g\u00e9ant \u00bb) repr\u00e9sente une cr\u00e9ature mythologique balinaise ressemblant \u00e0 un dragon.","inLanguage":"fr-FR","potentialAction":[{"@type":"ReadAction","target":["https:\/\/www.philix.be\/srednel\/horloge-louis-xvi\/"]}]},{"@type":"WebSite","@id":"https:\/\/www.philix.be\/srednel\/#website","url":"https:\/\/www.philix.be\/srednel\/","name":"Objets","description":"Un site utilisant Les sites de Ph\u00a1l\u00a1x","potentialAction":[{"@type":"SearchAction","target":{"@type":"EntryPoint","urlTemplate":"https:\/\/www.philix.be\/srednel\/?s={search_term_string}"},"query-input":{"@type":"PropertyValueSpecification","valueRequired":true,"valueName":"search_term_string"}}],"inLanguage":"fr-FR"}]}},"_links":{"self":[{"href":"https:\/\/www.philix.be\/srednel\/wp-json\/wp\/v2\/pages\/335","targetHints":{"allow":["GET"]}}],"collection":[{"href":"https:\/\/www.philix.be\/srednel\/wp-json\/wp\/v2\/pages"}],"about":[{"href":"https:\/\/www.philix.be\/srednel\/wp-json\/wp\/v2\/types\/page"}],"author":[{"embeddable":true,"href":"https:\/\/www.philix.be\/srednel\/wp-json\/wp\/v2\/users\/1"}],"replies":[{"embeddable":true,"href":"https:\/\/www.philix.be\/srednel\/wp-json\/wp\/v2\/comments?post=335"}],"version-history":[{"count":5,"href":"https:\/\/www.philix.be\/srednel\/wp-json\/wp\/v2\/pages\/335\/revisions"}],"predecessor-version":[{"id":438,"href":"https:\/\/www.philix.be\/srednel\/wp-json\/wp\/v2\/pages\/335\/revisions\/438"}],"wp:attachment":[{"href":"https:\/\/www.philix.be\/srednel\/wp-json\/wp\/v2\/media?parent=335"}],"curies":[{"name":"wp","href":"https:\/\/api.w.org\/{rel}","templated":true}]}}